{"id":559,"date":"2017-01-25T15:01:18","date_gmt":"2017-01-25T15:01:18","guid":{"rendered":"https:\/\/yncrea.fr\/?page_id=559&#038;lang=en"},"modified":"2017-01-25T15:01:18","modified_gmt":"2017-01-25T15:01:18","slug":"digital-technology-and-its-uses","status":"publish","type":"page","link":"https:\/\/yncrea.fr\/en\/strengths-and-strategies\/digital-technology-and-its-uses\/","title":{"rendered":"Digital technology and its uses"},"content":{"rendered":"<p>Digital technologies are present in most areas of our daily life and have a transformational effect on our ways of communicating, working, creating, feeding, caring for oneself, moving around &#8230; \u00a0These technologies deeply transform our lifestyle day after day.<\/p>\n<p>Engineers trained in the Yncr\u00e9a schools have the considerable advantage of an extensive digital literacy. With this knowledge, the future belongs to them. They have in their hands the skills to become the responsible leaders that our schools and that societies expect them to be.<\/p>\n<p>Our students will become engineers, but also managers, experts, executives, business creators&#8230; The excellence of tomorrow&#8217;s engineers, rests on understanding the uses of digital tools and the issues surrounding them.<\/p>\n<p>The digital revolution is under way and it is exhilarating. By integrating the digital dimension at the heart of its educational programs, Yncrea schools prepare their students to innovate and create, serving the world of tomorrow.<\/p>\n<p>Digital technologies constitute the engine of all economic developments of our post-industrial societies. \u00a0They are the core component of Yncrea schools\u2019 5-year curriculum. in areas as diverse as smart cities, e-health, digital agriculture, energy and societal transition, miniaturization, soil remediation technologies&#8230;<\/p>\n","protected":false},"excerpt":{"rendered":"<p>Digital technologies are present in most areas of our daily life and have a transformational effect on our ways of communicating, working, creating, feeding, caring for oneself, moving around &#8230; \u00a0These technologies deeply transform our lifestyle day after day. Engineers trained in the Yncr\u00e9a schools have the considerable advantage of an extensive digital literacy. With [&hellip;]<\/p>\n","protected":false},"author":4,"featured_media":0,"parent":554,"menu_order":1,"comment_status":"closed","ping_status":"closed","template":"","meta":{"footnotes":""},"tags":[],"class_list":["post-559","page","type-page","status-publish","hentry"],"acf":[],"yoast_head":"<!-- This site is optimized with the Yoast SEO plugin v19.14 - https:\/\/yoast.com\/wordpress\/plugins\/seo\/ -->\n<title>Digital technology and its uses - Yncr\u00e9a - Premier p\u00f4le priv\u00e9 associatif d&#039;\u00e9coles d&#039;ing\u00e9nieurs en France<\/title>\n<meta name=\"robots\" content=\"index, follow, max-snippet:-1, max-image-preview:large, max-video-preview:-1\" \/>\n<link rel=\"canonical\" href=\"https:\/\/yncrea.fr\/en\/strengths-and-strategies\/digital-technology-and-its-uses\/\" \/>\n<meta property=\"og:locale\" content=\"en_US\" \/>\n<meta property=\"og:type\" content=\"article\" \/>\n<meta property=\"og:title\" content=\"Digital technology and its uses - Yncr\u00e9a - Premier p\u00f4le priv\u00e9 associatif d&#039;\u00e9coles d&#039;ing\u00e9nieurs en France\" \/>\n<meta property=\"og:description\" content=\"Digital technologies are present in most areas of our daily life and have a transformational effect on our ways of communicating, working, creating, feeding, caring for oneself, moving around &#8230; \u00a0These technologies deeply transform our lifestyle day after day. Engineers trained in the Yncr\u00e9a schools have the considerable advantage of an extensive digital literacy. With [&hellip;]\" \/>\n<meta property=\"og:url\" content=\"https:\/\/yncrea.fr\/en\/strengths-and-strategies\/digital-technology-and-its-uses\/\" \/>\n<meta property=\"og:site_name\" content=\"Yncr\u00e9a - Premier p\u00f4le priv\u00e9 associatif d&#039;\u00e9coles d&#039;ing\u00e9nieurs en France\" \/>\n<meta name=\"twitter:card\" content=\"summary_large_image\" \/>\n<meta name=\"twitter:label1\" content=\"Est. reading time\" \/>\n\t<meta name=\"twitter:data1\" content=\"1 minute\" \/>\n<script type=\"application\/ld+json\" class=\"yoast-schema-graph\">{\"@context\":\"https:\/\/schema.org\",\"@graph\":[{\"@type\":\"WebPage\",\"@id\":\"https:\/\/yncrea.fr\/en\/strengths-and-strategies\/digital-technology-and-its-uses\/\",\"url\":\"https:\/\/yncrea.fr\/en\/strengths-and-strategies\/digital-technology-and-its-uses\/\",\"name\":\"Digital technology and its uses - Yncr\u00e9a - Premier p\u00f4le priv\u00e9 associatif d&#039;\u00e9coles d&#039;ing\u00e9nieurs en France\",\"isPartOf\":{\"@id\":\"https:\/\/yncrea.fr\/#website\"},\"datePublished\":\"2017-01-25T15:01:18+00:00\",\"dateModified\":\"2017-01-25T15:01:18+00:00\",\"breadcrumb\":{\"@id\":\"https:\/\/yncrea.fr\/en\/strengths-and-strategies\/digital-technology-and-its-uses\/#breadcrumb\"},\"inLanguage\":\"en-US\",\"potentialAction\":[{\"@type\":\"ReadAction\",\"target\":[\"https:\/\/yncrea.fr\/en\/strengths-and-strategies\/digital-technology-and-its-uses\/\"]}]},{\"@type\":\"BreadcrumbList\",\"@id\":\"https:\/\/yncrea.fr\/en\/strengths-and-strategies\/digital-technology-and-its-uses\/#breadcrumb\",\"itemListElement\":[{\"@type\":\"ListItem\",\"position\":1,\"name\":\"Accueil\",\"item\":\"https:\/\/yncrea.fr\/en\/\"},{\"@type\":\"ListItem\",\"position\":2,\"name\":\"Strengths and strategies\",\"item\":\"https:\/\/yncrea.fr\/en\/strengths-and-strategies\/\"},{\"@type\":\"ListItem\",\"position\":3,\"name\":\"Digital technology and its uses\"}]},{\"@type\":\"WebSite\",\"@id\":\"https:\/\/yncrea.fr\/#website\",\"url\":\"https:\/\/yncrea.fr\/\",\"name\":\"Yncr\u00e9a - Premier p\u00f4le priv\u00e9 associatif d&#039;\u00e9coles d&#039;ing\u00e9nieurs en France\",\"description\":\"Just another WordPress site\",\"potentialAction\":[{\"@type\":\"SearchAction\",\"target\":{\"@type\":\"EntryPoint\",\"urlTemplate\":\"https:\/\/yncrea.fr\/?s={search_term_string}\"},\"query-input\":\"required name=search_term_string\"}],\"inLanguage\":\"en-US\"}]}<\/script>\n<!-- \/ Yoast SEO plugin. -->","yoast_head_json":{"title":"Digital technology and its uses - Yncr\u00e9a - Premier p\u00f4le priv\u00e9 associatif d&#039;\u00e9coles d&#039;ing\u00e9nieurs en France","robots":{"index":"index","follow":"follow","max-snippet":"max-snippet:-1","max-image-preview":"max-image-preview:large","max-video-preview":"max-video-preview:-1"},"canonical":"https:\/\/yncrea.fr\/en\/strengths-and-strategies\/digital-technology-and-its-uses\/","og_locale":"en_US","og_type":"article","og_title":"Digital technology and its uses - Yncr\u00e9a - Premier p\u00f4le priv\u00e9 associatif d&#039;\u00e9coles d&#039;ing\u00e9nieurs en France","og_description":"Digital technologies are present in most areas of our daily life and have a transformational effect on our ways of communicating, working, creating, feeding, caring for oneself, moving around &#8230; \u00a0These technologies deeply transform our lifestyle day after day. Engineers trained in the Yncr\u00e9a schools have the considerable advantage of an extensive digital literacy. With [&hellip;]","og_url":"https:\/\/yncrea.fr\/en\/strengths-and-strategies\/digital-technology-and-its-uses\/","og_site_name":"Yncr\u00e9a - Premier p\u00f4le priv\u00e9 associatif d&#039;\u00e9coles d&#039;ing\u00e9nieurs en France","twitter_card":"summary_large_image","twitter_misc":{"Est. reading time":"1 minute"},"schema":{"@context":"https:\/\/schema.org","@graph":[{"@type":"WebPage","@id":"https:\/\/yncrea.fr\/en\/strengths-and-strategies\/digital-technology-and-its-uses\/","url":"https:\/\/yncrea.fr\/en\/strengths-and-strategies\/digital-technology-and-its-uses\/","name":"Digital technology and its uses - Yncr\u00e9a - Premier p\u00f4le priv\u00e9 associatif d&#039;\u00e9coles d&#039;ing\u00e9nieurs en France","isPartOf":{"@id":"https:\/\/yncrea.fr\/#website"},"datePublished":"2017-01-25T15:01:18+00:00","dateModified":"2017-01-25T15:01:18+00:00","breadcrumb":{"@id":"https:\/\/yncrea.fr\/en\/strengths-and-strategies\/digital-technology-and-its-uses\/#breadcrumb"},"inLanguage":"en-US","potentialAction":[{"@type":"ReadAction","target":["https:\/\/yncrea.fr\/en\/strengths-and-strategies\/digital-technology-and-its-uses\/"]}]},{"@type":"BreadcrumbList","@id":"https:\/\/yncrea.fr\/en\/strengths-and-strategies\/digital-technology-and-its-uses\/#breadcrumb","itemListElement":[{"@type":"ListItem","position":1,"name":"Accueil","item":"https:\/\/yncrea.fr\/en\/"},{"@type":"ListItem","position":2,"name":"Strengths and strategies","item":"https:\/\/yncrea.fr\/en\/strengths-and-strategies\/"},{"@type":"ListItem","position":3,"name":"Digital technology and its uses"}]},{"@type":"WebSite","@id":"https:\/\/yncrea.fr\/#website","url":"https:\/\/yncrea.fr\/","name":"Yncr\u00e9a - Premier p\u00f4le priv\u00e9 associatif d&#039;\u00e9coles d&#039;ing\u00e9nieurs en France","description":"Just another WordPress site","potentialAction":[{"@type":"SearchAction","target":{"@type":"EntryPoint","urlTemplate":"https:\/\/yncrea.fr\/?s={search_term_string}"},"query-input":"required name=search_term_string"}],"inLanguage":"en-US"}]}},"_links":{"self":[{"href":"https:\/\/yncrea.fr\/en\/wp-json\/wp\/v2\/pages\/559","targetHints":{"allow":["GET"]}}],"collection":[{"href":"https:\/\/yncrea.fr\/en\/wp-json\/wp\/v2\/pages"}],"about":[{"href":"https:\/\/yncrea.fr\/en\/wp-json\/wp\/v2\/types\/page"}],"author":[{"embeddable":true,"href":"https:\/\/yncrea.fr\/en\/wp-json\/wp\/v2\/users\/4"}],"replies":[{"embeddable":true,"href":"https:\/\/yncrea.fr\/en\/wp-json\/wp\/v2\/comments?post=559"}],"version-history":[{"count":1,"href":"https:\/\/yncrea.fr\/en\/wp-json\/wp\/v2\/pages\/559\/revisions"}],"predecessor-version":[{"id":856,"href":"https:\/\/yncrea.fr\/en\/wp-json\/wp\/v2\/pages\/559\/revisions\/856"}],"up":[{"embeddable":true,"href":"https:\/\/yncrea.fr\/en\/wp-json\/wp\/v2\/pages\/554"}],"wp:attachment":[{"href":"https:\/\/yncrea.fr\/en\/wp-json\/wp\/v2\/media?parent=559"}],"wp:term":[{"taxonomy":"post_tag","embeddable":true,"href":"https:\/\/yncrea.fr\/en\/wp-json\/wp\/v2\/tags?post=559"}],"curies":[{"name":"wp","href":"https:\/\/api.w.org\/{rel}","templated":true}]}}