{"id":561,"date":"2017-01-25T15:02:03","date_gmt":"2017-01-25T15:02:03","guid":{"rendered":"https:\/\/yncrea.fr\/?page_id=561&#038;lang=en"},"modified":"2017-01-25T15:02:03","modified_gmt":"2017-01-25T15:02:03","slug":"agility-and-complementarity","status":"publish","type":"page","link":"https:\/\/yncrea.fr\/en\/strengths-and-strategies\/agility-and-complementarity\/","title":{"rendered":"Agility and complementarity"},"content":{"rendered":"<p>Agility has become a key success factor for our companies. As such, it is a central element of Yncr\u00e9a schools\u2019 curriculum design. This agility rests on transversality and pedagogical innovation.<\/p>\n<p>Project-based pedagogy allows students to become accustomed with current issues in business and project management at an early stage of their studies. This pedagogy also requires students to take into account performance objectives and metrics, which are normal aspects of the engineering profession.<\/p>\n<p>Co-design transforms the design habits of our students and helps them realize that effective solutions are often born of a shared reflection. Yncrea\u2019s curriculum also integrates humanities and social sciences. One reason for this for students to understand the digital revolution\u2019s impact on all stakeholders beyond the technical aspects.<\/p>\n<p>Progressive specialization within Yncrea schools allows students to reorient themselves during their training. Yncrea\u2019s schools integrate professional experience in their curriculums through the form of internships and apprenticeships. These experiences are also an essential tool to validate the students\u2019 orientation or to allow them to reorient themselves.<\/p>\n<p>One core component of Yncrea schools\u2019 curriculum is \u201cLearning to learn\u201d, which provides our engineers the ability to adapt to current and future technologies and industries, some of which do not yet exist.<\/p>\n","protected":false},"excerpt":{"rendered":"<p>Agility has become a key success factor for our companies. As such, it is a central element of Yncr\u00e9a schools\u2019 curriculum design. This agility rests on transversality and pedagogical innovation. Project-based pedagogy allows students to become accustomed with current issues in business and project management at an early stage of their studies. This pedagogy also [&hellip;]<\/p>\n","protected":false},"author":4,"featured_media":0,"parent":554,"menu_order":2,"comment_status":"closed","ping_status":"closed","template":"","meta":{"footnotes":""},"tags":[],"class_list":["post-561","page","type-page","status-publish","hentry"],"acf":[],"yoast_head":"<!-- This site is optimized with the Yoast SEO plugin v19.14 - https:\/\/yoast.com\/wordpress\/plugins\/seo\/ -->\n<title>Agility and complementarity - Yncr\u00e9a - Premier p\u00f4le priv\u00e9 associatif d&#039;\u00e9coles d&#039;ing\u00e9nieurs en France<\/title>\n<meta name=\"robots\" content=\"index, follow, max-snippet:-1, max-image-preview:large, max-video-preview:-1\" \/>\n<link rel=\"canonical\" href=\"https:\/\/yncrea.fr\/en\/strengths-and-strategies\/agility-and-complementarity\/\" \/>\n<meta property=\"og:locale\" content=\"en_US\" \/>\n<meta property=\"og:type\" content=\"article\" \/>\n<meta property=\"og:title\" content=\"Agility and complementarity - Yncr\u00e9a - Premier p\u00f4le priv\u00e9 associatif d&#039;\u00e9coles d&#039;ing\u00e9nieurs en France\" \/>\n<meta property=\"og:description\" content=\"Agility has become a key success factor for our companies. As such, it is a central element of Yncr\u00e9a schools\u2019 curriculum design. This agility rests on transversality and pedagogical innovation. Project-based pedagogy allows students to become accustomed with current issues in business and project management at an early stage of their studies. This pedagogy also [&hellip;]\" \/>\n<meta property=\"og:url\" content=\"https:\/\/yncrea.fr\/en\/strengths-and-strategies\/agility-and-complementarity\/\" \/>\n<meta property=\"og:site_name\" content=\"Yncr\u00e9a - Premier p\u00f4le priv\u00e9 associatif d&#039;\u00e9coles d&#039;ing\u00e9nieurs en France\" \/>\n<meta name=\"twitter:card\" content=\"summary_large_image\" \/>\n<meta name=\"twitter:label1\" content=\"Est. reading time\" \/>\n\t<meta name=\"twitter:data1\" content=\"1 minute\" \/>\n<script type=\"application\/ld+json\" class=\"yoast-schema-graph\">{\"@context\":\"https:\/\/schema.org\",\"@graph\":[{\"@type\":\"WebPage\",\"@id\":\"https:\/\/yncrea.fr\/en\/strengths-and-strategies\/agility-and-complementarity\/\",\"url\":\"https:\/\/yncrea.fr\/en\/strengths-and-strategies\/agility-and-complementarity\/\",\"name\":\"Agility and complementarity - Yncr\u00e9a - Premier p\u00f4le priv\u00e9 associatif d&#039;\u00e9coles d&#039;ing\u00e9nieurs en France\",\"isPartOf\":{\"@id\":\"https:\/\/yncrea.fr\/#website\"},\"datePublished\":\"2017-01-25T15:02:03+00:00\",\"dateModified\":\"2017-01-25T15:02:03+00:00\",\"breadcrumb\":{\"@id\":\"https:\/\/yncrea.fr\/en\/strengths-and-strategies\/agility-and-complementarity\/#breadcrumb\"},\"inLanguage\":\"en-US\",\"potentialAction\":[{\"@type\":\"ReadAction\",\"target\":[\"https:\/\/yncrea.fr\/en\/strengths-and-strategies\/agility-and-complementarity\/\"]}]},{\"@type\":\"BreadcrumbList\",\"@id\":\"https:\/\/yncrea.fr\/en\/strengths-and-strategies\/agility-and-complementarity\/#breadcrumb\",\"itemListElement\":[{\"@type\":\"ListItem\",\"position\":1,\"name\":\"Accueil\",\"item\":\"https:\/\/yncrea.fr\/en\/\"},{\"@type\":\"ListItem\",\"position\":2,\"name\":\"Strengths and strategies\",\"item\":\"https:\/\/yncrea.fr\/en\/strengths-and-strategies\/\"},{\"@type\":\"ListItem\",\"position\":3,\"name\":\"Agility and complementarity\"}]},{\"@type\":\"WebSite\",\"@id\":\"https:\/\/yncrea.fr\/#website\",\"url\":\"https:\/\/yncrea.fr\/\",\"name\":\"Yncr\u00e9a - Premier p\u00f4le priv\u00e9 associatif d&#039;\u00e9coles d&#039;ing\u00e9nieurs en France\",\"description\":\"Just another WordPress site\",\"potentialAction\":[{\"@type\":\"SearchAction\",\"target\":{\"@type\":\"EntryPoint\",\"urlTemplate\":\"https:\/\/yncrea.fr\/?s={search_term_string}\"},\"query-input\":\"required name=search_term_string\"}],\"inLanguage\":\"en-US\"}]}<\/script>\n<!-- \/ Yoast SEO plugin. -->","yoast_head_json":{"title":"Agility and complementarity - Yncr\u00e9a - Premier p\u00f4le priv\u00e9 associatif d&#039;\u00e9coles d&#039;ing\u00e9nieurs en France","robots":{"index":"index","follow":"follow","max-snippet":"max-snippet:-1","max-image-preview":"max-image-preview:large","max-video-preview":"max-video-preview:-1"},"canonical":"https:\/\/yncrea.fr\/en\/strengths-and-strategies\/agility-and-complementarity\/","og_locale":"en_US","og_type":"article","og_title":"Agility and complementarity - Yncr\u00e9a - Premier p\u00f4le priv\u00e9 associatif d&#039;\u00e9coles d&#039;ing\u00e9nieurs en France","og_description":"Agility has become a key success factor for our companies. As such, it is a central element of Yncr\u00e9a schools\u2019 curriculum design. This agility rests on transversality and pedagogical innovation. Project-based pedagogy allows students to become accustomed with current issues in business and project management at an early stage of their studies. This pedagogy also [&hellip;]","og_url":"https:\/\/yncrea.fr\/en\/strengths-and-strategies\/agility-and-complementarity\/","og_site_name":"Yncr\u00e9a - Premier p\u00f4le priv\u00e9 associatif d&#039;\u00e9coles d&#039;ing\u00e9nieurs en France","twitter_card":"summary_large_image","twitter_misc":{"Est. reading time":"1 minute"},"schema":{"@context":"https:\/\/schema.org","@graph":[{"@type":"WebPage","@id":"https:\/\/yncrea.fr\/en\/strengths-and-strategies\/agility-and-complementarity\/","url":"https:\/\/yncrea.fr\/en\/strengths-and-strategies\/agility-and-complementarity\/","name":"Agility and complementarity - Yncr\u00e9a - Premier p\u00f4le priv\u00e9 associatif d&#039;\u00e9coles d&#039;ing\u00e9nieurs en France","isPartOf":{"@id":"https:\/\/yncrea.fr\/#website"},"datePublished":"2017-01-25T15:02:03+00:00","dateModified":"2017-01-25T15:02:03+00:00","breadcrumb":{"@id":"https:\/\/yncrea.fr\/en\/strengths-and-strategies\/agility-and-complementarity\/#breadcrumb"},"inLanguage":"en-US","potentialAction":[{"@type":"ReadAction","target":["https:\/\/yncrea.fr\/en\/strengths-and-strategies\/agility-and-complementarity\/"]}]},{"@type":"BreadcrumbList","@id":"https:\/\/yncrea.fr\/en\/strengths-and-strategies\/agility-and-complementarity\/#breadcrumb","itemListElement":[{"@type":"ListItem","position":1,"name":"Accueil","item":"https:\/\/yncrea.fr\/en\/"},{"@type":"ListItem","position":2,"name":"Strengths and strategies","item":"https:\/\/yncrea.fr\/en\/strengths-and-strategies\/"},{"@type":"ListItem","position":3,"name":"Agility and complementarity"}]},{"@type":"WebSite","@id":"https:\/\/yncrea.fr\/#website","url":"https:\/\/yncrea.fr\/","name":"Yncr\u00e9a - Premier p\u00f4le priv\u00e9 associatif d&#039;\u00e9coles d&#039;ing\u00e9nieurs en France","description":"Just another WordPress site","potentialAction":[{"@type":"SearchAction","target":{"@type":"EntryPoint","urlTemplate":"https:\/\/yncrea.fr\/?s={search_term_string}"},"query-input":"required name=search_term_string"}],"inLanguage":"en-US"}]}},"_links":{"self":[{"href":"https:\/\/yncrea.fr\/en\/wp-json\/wp\/v2\/pages\/561","targetHints":{"allow":["GET"]}}],"collection":[{"href":"https:\/\/yncrea.fr\/en\/wp-json\/wp\/v2\/pages"}],"about":[{"href":"https:\/\/yncrea.fr\/en\/wp-json\/wp\/v2\/types\/page"}],"author":[{"embeddable":true,"href":"https:\/\/yncrea.fr\/en\/wp-json\/wp\/v2\/users\/4"}],"replies":[{"embeddable":true,"href":"https:\/\/yncrea.fr\/en\/wp-json\/wp\/v2\/comments?post=561"}],"version-history":[{"count":1,"href":"https:\/\/yncrea.fr\/en\/wp-json\/wp\/v2\/pages\/561\/revisions"}],"predecessor-version":[{"id":857,"href":"https:\/\/yncrea.fr\/en\/wp-json\/wp\/v2\/pages\/561\/revisions\/857"}],"up":[{"embeddable":true,"href":"https:\/\/yncrea.fr\/en\/wp-json\/wp\/v2\/pages\/554"}],"wp:attachment":[{"href":"https:\/\/yncrea.fr\/en\/wp-json\/wp\/v2\/media?parent=561"}],"wp:term":[{"taxonomy":"post_tag","embeddable":true,"href":"https:\/\/yncrea.fr\/en\/wp-json\/wp\/v2\/tags?post=561"}],"curies":[{"name":"wp","href":"https:\/\/api.w.org\/{rel}","templated":true}]}}