{"id":563,"date":"2017-01-25T15:02:55","date_gmt":"2017-01-25T15:02:55","guid":{"rendered":"https:\/\/yncrea.fr\/?page_id=563&#038;lang=en"},"modified":"2017-01-25T15:02:55","modified_gmt":"2017-01-25T15:02:55","slug":"innovation","status":"publish","type":"page","link":"https:\/\/yncrea.fr\/en\/strengths-and-strategies\/innovation\/","title":{"rendered":"Innovation"},"content":{"rendered":"<p>Innovation is part of our schools\u2019 pedagogical DNA, especially through R&amp;D and knowledge transfer to companies.<\/p>\n<p>Co-design and rapid prototyping are available to partner companies and permeates our pedagogical practice. Innovations are no longer the result of R &amp; D (technopush) or market pull alone: the user\u2019s expertise is sought and a transdisciplinary approach is generally preferred. Co-design is part of this process of wider mobilization of actors. The same applies to new pedagogies of moocs, spocs and other digital teaching tools.<\/p>\n<p>Yncr\u00e9a\u00a0schools\u2019 have been awarded major grants by the French government for its innovative training projects (ADICODE and FR2I projects).<\/p>\n","protected":false},"excerpt":{"rendered":"<p>Innovation is part of our schools\u2019 pedagogical DNA, especially through R&amp;D and knowledge transfer to companies. Co-design and rapid prototyping are available to partner companies and permeates our pedagogical practice. Innovations are no longer the result of R &amp; D (technopush) or market pull alone: the user\u2019s expertise is sought and a transdisciplinary approach is [&hellip;]<\/p>\n","protected":false},"author":4,"featured_media":0,"parent":554,"menu_order":3,"comment_status":"closed","ping_status":"closed","template":"","meta":{"footnotes":""},"tags":[],"class_list":["post-563","page","type-page","status-publish","hentry"],"acf":[],"yoast_head":"<!-- This site is optimized with the Yoast SEO plugin v19.14 - https:\/\/yoast.com\/wordpress\/plugins\/seo\/ -->\n<title>Innovation - Yncr\u00e9a - Premier p\u00f4le priv\u00e9 associatif d&#039;\u00e9coles d&#039;ing\u00e9nieurs en France<\/title>\n<meta name=\"robots\" content=\"index, follow, max-snippet:-1, max-image-preview:large, max-video-preview:-1\" \/>\n<link rel=\"canonical\" href=\"https:\/\/yncrea.fr\/en\/strengths-and-strategies\/innovation\/\" \/>\n<meta property=\"og:locale\" content=\"en_US\" \/>\n<meta property=\"og:type\" content=\"article\" \/>\n<meta property=\"og:title\" content=\"Innovation - Yncr\u00e9a - Premier p\u00f4le priv\u00e9 associatif d&#039;\u00e9coles d&#039;ing\u00e9nieurs en France\" \/>\n<meta property=\"og:description\" content=\"Innovation is part of our schools\u2019 pedagogical DNA, especially through R&amp;D and knowledge transfer to companies. Co-design and rapid prototyping are available to partner companies and permeates our pedagogical practice. Innovations are no longer the result of R &amp; D (technopush) or market pull alone: the user\u2019s expertise is sought and a transdisciplinary approach is [&hellip;]\" \/>\n<meta property=\"og:url\" content=\"https:\/\/yncrea.fr\/en\/strengths-and-strategies\/innovation\/\" \/>\n<meta property=\"og:site_name\" content=\"Yncr\u00e9a - Premier p\u00f4le priv\u00e9 associatif d&#039;\u00e9coles d&#039;ing\u00e9nieurs en France\" \/>\n<meta name=\"twitter:card\" content=\"summary_large_image\" \/>\n<meta name=\"twitter:label1\" content=\"Est. reading time\" \/>\n\t<meta name=\"twitter:data1\" content=\"1 minute\" \/>\n<script type=\"application\/ld+json\" class=\"yoast-schema-graph\">{\"@context\":\"https:\/\/schema.org\",\"@graph\":[{\"@type\":\"WebPage\",\"@id\":\"https:\/\/yncrea.fr\/en\/strengths-and-strategies\/innovation\/\",\"url\":\"https:\/\/yncrea.fr\/en\/strengths-and-strategies\/innovation\/\",\"name\":\"Innovation - Yncr\u00e9a - Premier p\u00f4le priv\u00e9 associatif d&#039;\u00e9coles d&#039;ing\u00e9nieurs en France\",\"isPartOf\":{\"@id\":\"https:\/\/yncrea.fr\/#website\"},\"datePublished\":\"2017-01-25T15:02:55+00:00\",\"dateModified\":\"2017-01-25T15:02:55+00:00\",\"breadcrumb\":{\"@id\":\"https:\/\/yncrea.fr\/en\/strengths-and-strategies\/innovation\/#breadcrumb\"},\"inLanguage\":\"en-US\",\"potentialAction\":[{\"@type\":\"ReadAction\",\"target\":[\"https:\/\/yncrea.fr\/en\/strengths-and-strategies\/innovation\/\"]}]},{\"@type\":\"BreadcrumbList\",\"@id\":\"https:\/\/yncrea.fr\/en\/strengths-and-strategies\/innovation\/#breadcrumb\",\"itemListElement\":[{\"@type\":\"ListItem\",\"position\":1,\"name\":\"Accueil\",\"item\":\"https:\/\/yncrea.fr\/en\/\"},{\"@type\":\"ListItem\",\"position\":2,\"name\":\"Strengths and strategies\",\"item\":\"https:\/\/yncrea.fr\/en\/strengths-and-strategies\/\"},{\"@type\":\"ListItem\",\"position\":3,\"name\":\"Innovation\"}]},{\"@type\":\"WebSite\",\"@id\":\"https:\/\/yncrea.fr\/#website\",\"url\":\"https:\/\/yncrea.fr\/\",\"name\":\"Yncr\u00e9a - Premier p\u00f4le priv\u00e9 associatif d&#039;\u00e9coles d&#039;ing\u00e9nieurs en France\",\"description\":\"Just another WordPress site\",\"potentialAction\":[{\"@type\":\"SearchAction\",\"target\":{\"@type\":\"EntryPoint\",\"urlTemplate\":\"https:\/\/yncrea.fr\/?s={search_term_string}\"},\"query-input\":\"required name=search_term_string\"}],\"inLanguage\":\"en-US\"}]}<\/script>\n<!-- \/ Yoast SEO plugin. -->","yoast_head_json":{"title":"Innovation - Yncr\u00e9a - Premier p\u00f4le priv\u00e9 associatif d&#039;\u00e9coles d&#039;ing\u00e9nieurs en France","robots":{"index":"index","follow":"follow","max-snippet":"max-snippet:-1","max-image-preview":"max-image-preview:large","max-video-preview":"max-video-preview:-1"},"canonical":"https:\/\/yncrea.fr\/en\/strengths-and-strategies\/innovation\/","og_locale":"en_US","og_type":"article","og_title":"Innovation - Yncr\u00e9a - Premier p\u00f4le priv\u00e9 associatif d&#039;\u00e9coles d&#039;ing\u00e9nieurs en France","og_description":"Innovation is part of our schools\u2019 pedagogical DNA, especially through R&amp;D and knowledge transfer to companies. Co-design and rapid prototyping are available to partner companies and permeates our pedagogical practice. Innovations are no longer the result of R &amp; D (technopush) or market pull alone: the user\u2019s expertise is sought and a transdisciplinary approach is [&hellip;]","og_url":"https:\/\/yncrea.fr\/en\/strengths-and-strategies\/innovation\/","og_site_name":"Yncr\u00e9a - Premier p\u00f4le priv\u00e9 associatif d&#039;\u00e9coles d&#039;ing\u00e9nieurs en France","twitter_card":"summary_large_image","twitter_misc":{"Est. reading time":"1 minute"},"schema":{"@context":"https:\/\/schema.org","@graph":[{"@type":"WebPage","@id":"https:\/\/yncrea.fr\/en\/strengths-and-strategies\/innovation\/","url":"https:\/\/yncrea.fr\/en\/strengths-and-strategies\/innovation\/","name":"Innovation - Yncr\u00e9a - Premier p\u00f4le priv\u00e9 associatif d&#039;\u00e9coles d&#039;ing\u00e9nieurs en France","isPartOf":{"@id":"https:\/\/yncrea.fr\/#website"},"datePublished":"2017-01-25T15:02:55+00:00","dateModified":"2017-01-25T15:02:55+00:00","breadcrumb":{"@id":"https:\/\/yncrea.fr\/en\/strengths-and-strategies\/innovation\/#breadcrumb"},"inLanguage":"en-US","potentialAction":[{"@type":"ReadAction","target":["https:\/\/yncrea.fr\/en\/strengths-and-strategies\/innovation\/"]}]},{"@type":"BreadcrumbList","@id":"https:\/\/yncrea.fr\/en\/strengths-and-strategies\/innovation\/#breadcrumb","itemListElement":[{"@type":"ListItem","position":1,"name":"Accueil","item":"https:\/\/yncrea.fr\/en\/"},{"@type":"ListItem","position":2,"name":"Strengths and strategies","item":"https:\/\/yncrea.fr\/en\/strengths-and-strategies\/"},{"@type":"ListItem","position":3,"name":"Innovation"}]},{"@type":"WebSite","@id":"https:\/\/yncrea.fr\/#website","url":"https:\/\/yncrea.fr\/","name":"Yncr\u00e9a - Premier p\u00f4le priv\u00e9 associatif d&#039;\u00e9coles d&#039;ing\u00e9nieurs en France","description":"Just another WordPress site","potentialAction":[{"@type":"SearchAction","target":{"@type":"EntryPoint","urlTemplate":"https:\/\/yncrea.fr\/?s={search_term_string}"},"query-input":"required name=search_term_string"}],"inLanguage":"en-US"}]}},"_links":{"self":[{"href":"https:\/\/yncrea.fr\/en\/wp-json\/wp\/v2\/pages\/563","targetHints":{"allow":["GET"]}}],"collection":[{"href":"https:\/\/yncrea.fr\/en\/wp-json\/wp\/v2\/pages"}],"about":[{"href":"https:\/\/yncrea.fr\/en\/wp-json\/wp\/v2\/types\/page"}],"author":[{"embeddable":true,"href":"https:\/\/yncrea.fr\/en\/wp-json\/wp\/v2\/users\/4"}],"replies":[{"embeddable":true,"href":"https:\/\/yncrea.fr\/en\/wp-json\/wp\/v2\/comments?post=563"}],"version-history":[{"count":1,"href":"https:\/\/yncrea.fr\/en\/wp-json\/wp\/v2\/pages\/563\/revisions"}],"predecessor-version":[{"id":858,"href":"https:\/\/yncrea.fr\/en\/wp-json\/wp\/v2\/pages\/563\/revisions\/858"}],"up":[{"embeddable":true,"href":"https:\/\/yncrea.fr\/en\/wp-json\/wp\/v2\/pages\/554"}],"wp:attachment":[{"href":"https:\/\/yncrea.fr\/en\/wp-json\/wp\/v2\/media?parent=563"}],"wp:term":[{"taxonomy":"post_tag","embeddable":true,"href":"https:\/\/yncrea.fr\/en\/wp-json\/wp\/v2\/tags?post=563"}],"curies":[{"name":"wp","href":"https:\/\/api.w.org\/{rel}","templated":true}]}}