{"id":565,"date":"2017-01-25T15:04:02","date_gmt":"2017-01-25T15:04:02","guid":{"rendered":"https:\/\/yncrea.fr\/?page_id=565&#038;lang=en"},"modified":"2017-08-22T08:10:29","modified_gmt":"2017-08-22T08:10:29","slug":"international","status":"publish","type":"page","link":"https:\/\/yncrea.fr\/en\/strengths-and-strategies\/international\/","title":{"rendered":"International"},"content":{"rendered":"<p>Our graduates enter a globalized labor market. As such, Yncr\u00e9a\u00a0deems that the development of an international curriculum is an absolute necessity and that all students must have a significant international experience to obtain one of our diploma.<\/p>\n<p>This international exposure is also achieved through the recruitment of foreign students, mostly at the bac + 2\/3 level, either directly or through an international &#8220;Yncr\u00e9a bachelor&#8221; program. This program recruits from partner institutions which have set up gateway programs or agreements.<\/p>\n<p>International student recruitment allows French students to work in a multicultural classroom and experience the conditions of a diverse workforce. Such recruitment is also useful for French companies located abroad, as it builds a pool of highly qualified labor and contribute to the local capacity building.<\/p>\n<p>The opening of the moroccan school &#8220;Yncr\u00e9a Morocco&#8221; (Rabat) is a recent example of Yncr\u00e9a&#8217;s international strategy.<\/p>\n<p>International affairs also include research. Teacher-researchers cooperate with numerous laboratories and research institutes on all continents, publish their communications almost exclusively in English and regularly host visiting researchers from abroad.<\/p>\n","protected":false},"excerpt":{"rendered":"<p>Our graduates enter a globalized labor market. As such, Yncr\u00e9a\u00a0deems that the development of an international curriculum is an absolute necessity and that all students must have a significant international experience to obtain one of our diploma. This international exposure is also achieved through the recruitment of foreign students, mostly at the bac + 2\/3 [&hellip;]<\/p>\n","protected":false},"author":4,"featured_media":0,"parent":554,"menu_order":4,"comment_status":"closed","ping_status":"closed","template":"","meta":{"footnotes":""},"tags":[],"class_list":["post-565","page","type-page","status-publish","hentry"],"acf":[],"yoast_head":"<!-- This site is optimized with the Yoast SEO plugin v19.14 - https:\/\/yoast.com\/wordpress\/plugins\/seo\/ -->\n<title>International - Yncr\u00e9a - Premier p\u00f4le priv\u00e9 associatif d&#039;\u00e9coles d&#039;ing\u00e9nieurs en France<\/title>\n<meta name=\"robots\" content=\"index, follow, max-snippet:-1, max-image-preview:large, max-video-preview:-1\" \/>\n<link rel=\"canonical\" href=\"https:\/\/yncrea.fr\/en\/strengths-and-strategies\/international\/\" \/>\n<meta property=\"og:locale\" content=\"en_US\" \/>\n<meta property=\"og:type\" content=\"article\" \/>\n<meta property=\"og:title\" content=\"International - Yncr\u00e9a - Premier p\u00f4le priv\u00e9 associatif d&#039;\u00e9coles d&#039;ing\u00e9nieurs en France\" \/>\n<meta property=\"og:description\" content=\"Our graduates enter a globalized labor market. As such, Yncr\u00e9a\u00a0deems that the development of an international curriculum is an absolute necessity and that all students must have a significant international experience to obtain one of our diploma. This international exposure is also achieved through the recruitment of foreign students, mostly at the bac + 2\/3 [&hellip;]\" \/>\n<meta property=\"og:url\" content=\"https:\/\/yncrea.fr\/en\/strengths-and-strategies\/international\/\" \/>\n<meta property=\"og:site_name\" content=\"Yncr\u00e9a - Premier p\u00f4le priv\u00e9 associatif d&#039;\u00e9coles d&#039;ing\u00e9nieurs en France\" \/>\n<meta property=\"article:modified_time\" content=\"2017-08-22T08:10:29+00:00\" \/>\n<meta name=\"twitter:card\" content=\"summary_large_image\" \/>\n<meta name=\"twitter:label1\" content=\"Est. reading time\" \/>\n\t<meta name=\"twitter:data1\" content=\"1 minute\" \/>\n<script type=\"application\/ld+json\" class=\"yoast-schema-graph\">{\"@context\":\"https:\/\/schema.org\",\"@graph\":[{\"@type\":\"WebPage\",\"@id\":\"https:\/\/yncrea.fr\/en\/strengths-and-strategies\/international\/\",\"url\":\"https:\/\/yncrea.fr\/en\/strengths-and-strategies\/international\/\",\"name\":\"International - Yncr\u00e9a - Premier p\u00f4le priv\u00e9 associatif d&#039;\u00e9coles d&#039;ing\u00e9nieurs en France\",\"isPartOf\":{\"@id\":\"https:\/\/yncrea.fr\/#website\"},\"datePublished\":\"2017-01-25T15:04:02+00:00\",\"dateModified\":\"2017-08-22T08:10:29+00:00\",\"breadcrumb\":{\"@id\":\"https:\/\/yncrea.fr\/en\/strengths-and-strategies\/international\/#breadcrumb\"},\"inLanguage\":\"en-US\",\"potentialAction\":[{\"@type\":\"ReadAction\",\"target\":[\"https:\/\/yncrea.fr\/en\/strengths-and-strategies\/international\/\"]}]},{\"@type\":\"BreadcrumbList\",\"@id\":\"https:\/\/yncrea.fr\/en\/strengths-and-strategies\/international\/#breadcrumb\",\"itemListElement\":[{\"@type\":\"ListItem\",\"position\":1,\"name\":\"Accueil\",\"item\":\"https:\/\/yncrea.fr\/en\/\"},{\"@type\":\"ListItem\",\"position\":2,\"name\":\"Strengths and strategies\",\"item\":\"https:\/\/yncrea.fr\/en\/strengths-and-strategies\/\"},{\"@type\":\"ListItem\",\"position\":3,\"name\":\"International\"}]},{\"@type\":\"WebSite\",\"@id\":\"https:\/\/yncrea.fr\/#website\",\"url\":\"https:\/\/yncrea.fr\/\",\"name\":\"Yncr\u00e9a - Premier p\u00f4le priv\u00e9 associatif d&#039;\u00e9coles d&#039;ing\u00e9nieurs en France\",\"description\":\"Just another WordPress site\",\"potentialAction\":[{\"@type\":\"SearchAction\",\"target\":{\"@type\":\"EntryPoint\",\"urlTemplate\":\"https:\/\/yncrea.fr\/?s={search_term_string}\"},\"query-input\":\"required name=search_term_string\"}],\"inLanguage\":\"en-US\"}]}<\/script>\n<!-- \/ Yoast SEO plugin. -->","yoast_head_json":{"title":"International - Yncr\u00e9a - Premier p\u00f4le priv\u00e9 associatif d&#039;\u00e9coles d&#039;ing\u00e9nieurs en France","robots":{"index":"index","follow":"follow","max-snippet":"max-snippet:-1","max-image-preview":"max-image-preview:large","max-video-preview":"max-video-preview:-1"},"canonical":"https:\/\/yncrea.fr\/en\/strengths-and-strategies\/international\/","og_locale":"en_US","og_type":"article","og_title":"International - Yncr\u00e9a - Premier p\u00f4le priv\u00e9 associatif d&#039;\u00e9coles d&#039;ing\u00e9nieurs en France","og_description":"Our graduates enter a globalized labor market. As such, Yncr\u00e9a\u00a0deems that the development of an international curriculum is an absolute necessity and that all students must have a significant international experience to obtain one of our diploma. This international exposure is also achieved through the recruitment of foreign students, mostly at the bac + 2\/3 [&hellip;]","og_url":"https:\/\/yncrea.fr\/en\/strengths-and-strategies\/international\/","og_site_name":"Yncr\u00e9a - Premier p\u00f4le priv\u00e9 associatif d&#039;\u00e9coles d&#039;ing\u00e9nieurs en France","article_modified_time":"2017-08-22T08:10:29+00:00","twitter_card":"summary_large_image","twitter_misc":{"Est. reading time":"1 minute"},"schema":{"@context":"https:\/\/schema.org","@graph":[{"@type":"WebPage","@id":"https:\/\/yncrea.fr\/en\/strengths-and-strategies\/international\/","url":"https:\/\/yncrea.fr\/en\/strengths-and-strategies\/international\/","name":"International - Yncr\u00e9a - Premier p\u00f4le priv\u00e9 associatif d&#039;\u00e9coles d&#039;ing\u00e9nieurs en France","isPartOf":{"@id":"https:\/\/yncrea.fr\/#website"},"datePublished":"2017-01-25T15:04:02+00:00","dateModified":"2017-08-22T08:10:29+00:00","breadcrumb":{"@id":"https:\/\/yncrea.fr\/en\/strengths-and-strategies\/international\/#breadcrumb"},"inLanguage":"en-US","potentialAction":[{"@type":"ReadAction","target":["https:\/\/yncrea.fr\/en\/strengths-and-strategies\/international\/"]}]},{"@type":"BreadcrumbList","@id":"https:\/\/yncrea.fr\/en\/strengths-and-strategies\/international\/#breadcrumb","itemListElement":[{"@type":"ListItem","position":1,"name":"Accueil","item":"https:\/\/yncrea.fr\/en\/"},{"@type":"ListItem","position":2,"name":"Strengths and strategies","item":"https:\/\/yncrea.fr\/en\/strengths-and-strategies\/"},{"@type":"ListItem","position":3,"name":"International"}]},{"@type":"WebSite","@id":"https:\/\/yncrea.fr\/#website","url":"https:\/\/yncrea.fr\/","name":"Yncr\u00e9a - Premier p\u00f4le priv\u00e9 associatif d&#039;\u00e9coles d&#039;ing\u00e9nieurs en France","description":"Just another WordPress site","potentialAction":[{"@type":"SearchAction","target":{"@type":"EntryPoint","urlTemplate":"https:\/\/yncrea.fr\/?s={search_term_string}"},"query-input":"required name=search_term_string"}],"inLanguage":"en-US"}]}},"_links":{"self":[{"href":"https:\/\/yncrea.fr\/en\/wp-json\/wp\/v2\/pages\/565","targetHints":{"allow":["GET"]}}],"collection":[{"href":"https:\/\/yncrea.fr\/en\/wp-json\/wp\/v2\/pages"}],"about":[{"href":"https:\/\/yncrea.fr\/en\/wp-json\/wp\/v2\/types\/page"}],"author":[{"embeddable":true,"href":"https:\/\/yncrea.fr\/en\/wp-json\/wp\/v2\/users\/4"}],"replies":[{"embeddable":true,"href":"https:\/\/yncrea.fr\/en\/wp-json\/wp\/v2\/comments?post=565"}],"version-history":[{"count":1,"href":"https:\/\/yncrea.fr\/en\/wp-json\/wp\/v2\/pages\/565\/revisions"}],"predecessor-version":[{"id":1056,"href":"https:\/\/yncrea.fr\/en\/wp-json\/wp\/v2\/pages\/565\/revisions\/1056"}],"up":[{"embeddable":true,"href":"https:\/\/yncrea.fr\/en\/wp-json\/wp\/v2\/pages\/554"}],"wp:attachment":[{"href":"https:\/\/yncrea.fr\/en\/wp-json\/wp\/v2\/media?parent=565"}],"wp:term":[{"taxonomy":"post_tag","embeddable":true,"href":"https:\/\/yncrea.fr\/en\/wp-json\/wp\/v2\/tags?post=565"}],"curies":[{"name":"wp","href":"https:\/\/api.w.org\/{rel}","templated":true}]}}