{"id":567,"date":"2017-01-25T15:05:11","date_gmt":"2017-01-25T15:05:11","guid":{"rendered":"https:\/\/yncrea.fr\/?page_id=567&#038;lang=en"},"modified":"2017-01-25T15:05:11","modified_gmt":"2017-01-25T15:05:11","slug":"research","status":"publish","type":"page","link":"https:\/\/yncrea.fr\/en\/strengths-and-strategies\/research\/","title":{"rendered":"Research"},"content":{"rendered":"<div id=\"gt-lang-right\" class=\"goog-inline-block\">\n<p>Combining research and teaching ensures that our pedagogy is current and relevant.<\/p>\n<p>Our research laboratories cooperate with industrial, academic and institutional research laboratories (CNRS, CEA, Universities, &#8230;).\u00a0 Furthermore, they are part of joint supervision arrangements with public research labs.<\/p>\n<p>Yncr\u00e9a\u2019s schools employ 150 teacher-researchers for their expertise and knowledge. They participate in curriculum design, give lectures and carry on research projects. Yncr\u00e9a research chairs have been created in partnership with our business communities and regional governments, they concern domains such as: the sea, IoT\/connected objects, health, smart energies\/connected houses.<\/p>\n<p>Beyond these research chairs, Yncr\u00e9a&#8217;s main research areas concern: nanotechnologies, connected agriculture, green chemistry, smart grids, underwater acoustics, connected houses, thermal buildings, soil remediation, silver economy, technical textiles, etc. They aim at responding to societal and industrial challenges.<\/p><\/div>\n","protected":false},"excerpt":{"rendered":"<p>Combining research and teaching ensures that our pedagogy is current and relevant. Our research laboratories cooperate with industrial, academic and institutional research laboratories (CNRS, CEA, Universities, &#8230;).\u00a0 Furthermore, they are part of joint supervision arrangements with public research labs. Yncr\u00e9a\u2019s schools employ 150 teacher-researchers for their expertise and knowledge. They participate in curriculum design, give [&hellip;]<\/p>\n","protected":false},"author":4,"featured_media":0,"parent":554,"menu_order":5,"comment_status":"closed","ping_status":"closed","template":"","meta":{"footnotes":""},"tags":[],"class_list":["post-567","page","type-page","status-publish","hentry"],"acf":[],"yoast_head":"<!-- This site is optimized with the Yoast SEO plugin v19.14 - https:\/\/yoast.com\/wordpress\/plugins\/seo\/ -->\n<title>Research - Yncr\u00e9a - Premier p\u00f4le priv\u00e9 associatif d&#039;\u00e9coles d&#039;ing\u00e9nieurs en France<\/title>\n<meta name=\"robots\" content=\"index, follow, max-snippet:-1, max-image-preview:large, max-video-preview:-1\" \/>\n<link rel=\"canonical\" href=\"https:\/\/yncrea.fr\/en\/strengths-and-strategies\/research\/\" \/>\n<meta property=\"og:locale\" content=\"en_US\" \/>\n<meta property=\"og:type\" content=\"article\" \/>\n<meta property=\"og:title\" content=\"Research - Yncr\u00e9a - Premier p\u00f4le priv\u00e9 associatif d&#039;\u00e9coles d&#039;ing\u00e9nieurs en France\" \/>\n<meta property=\"og:description\" content=\"Combining research and teaching ensures that our pedagogy is current and relevant. Our research laboratories cooperate with industrial, academic and institutional research laboratories (CNRS, CEA, Universities, &#8230;).\u00a0 Furthermore, they are part of joint supervision arrangements with public research labs. Yncr\u00e9a\u2019s schools employ 150 teacher-researchers for their expertise and knowledge. They participate in curriculum design, give [&hellip;]\" \/>\n<meta property=\"og:url\" content=\"https:\/\/yncrea.fr\/en\/strengths-and-strategies\/research\/\" \/>\n<meta property=\"og:site_name\" content=\"Yncr\u00e9a - Premier p\u00f4le priv\u00e9 associatif d&#039;\u00e9coles d&#039;ing\u00e9nieurs en France\" \/>\n<meta name=\"twitter:card\" content=\"summary_large_image\" \/>\n<meta name=\"twitter:label1\" content=\"Est. reading time\" \/>\n\t<meta name=\"twitter:data1\" content=\"1 minute\" \/>\n<script type=\"application\/ld+json\" class=\"yoast-schema-graph\">{\"@context\":\"https:\/\/schema.org\",\"@graph\":[{\"@type\":\"WebPage\",\"@id\":\"https:\/\/yncrea.fr\/en\/strengths-and-strategies\/research\/\",\"url\":\"https:\/\/yncrea.fr\/en\/strengths-and-strategies\/research\/\",\"name\":\"Research - Yncr\u00e9a - Premier p\u00f4le priv\u00e9 associatif d&#039;\u00e9coles d&#039;ing\u00e9nieurs en France\",\"isPartOf\":{\"@id\":\"https:\/\/yncrea.fr\/#website\"},\"datePublished\":\"2017-01-25T15:05:11+00:00\",\"dateModified\":\"2017-01-25T15:05:11+00:00\",\"breadcrumb\":{\"@id\":\"https:\/\/yncrea.fr\/en\/strengths-and-strategies\/research\/#breadcrumb\"},\"inLanguage\":\"en-US\",\"potentialAction\":[{\"@type\":\"ReadAction\",\"target\":[\"https:\/\/yncrea.fr\/en\/strengths-and-strategies\/research\/\"]}]},{\"@type\":\"BreadcrumbList\",\"@id\":\"https:\/\/yncrea.fr\/en\/strengths-and-strategies\/research\/#breadcrumb\",\"itemListElement\":[{\"@type\":\"ListItem\",\"position\":1,\"name\":\"Accueil\",\"item\":\"https:\/\/yncrea.fr\/en\/\"},{\"@type\":\"ListItem\",\"position\":2,\"name\":\"Strengths and strategies\",\"item\":\"https:\/\/yncrea.fr\/en\/strengths-and-strategies\/\"},{\"@type\":\"ListItem\",\"position\":3,\"name\":\"Research\"}]},{\"@type\":\"WebSite\",\"@id\":\"https:\/\/yncrea.fr\/#website\",\"url\":\"https:\/\/yncrea.fr\/\",\"name\":\"Yncr\u00e9a - Premier p\u00f4le priv\u00e9 associatif d&#039;\u00e9coles d&#039;ing\u00e9nieurs en France\",\"description\":\"Just another WordPress site\",\"potentialAction\":[{\"@type\":\"SearchAction\",\"target\":{\"@type\":\"EntryPoint\",\"urlTemplate\":\"https:\/\/yncrea.fr\/?s={search_term_string}\"},\"query-input\":\"required name=search_term_string\"}],\"inLanguage\":\"en-US\"}]}<\/script>\n<!-- \/ Yoast SEO plugin. -->","yoast_head_json":{"title":"Research - Yncr\u00e9a - Premier p\u00f4le priv\u00e9 associatif d&#039;\u00e9coles d&#039;ing\u00e9nieurs en France","robots":{"index":"index","follow":"follow","max-snippet":"max-snippet:-1","max-image-preview":"max-image-preview:large","max-video-preview":"max-video-preview:-1"},"canonical":"https:\/\/yncrea.fr\/en\/strengths-and-strategies\/research\/","og_locale":"en_US","og_type":"article","og_title":"Research - Yncr\u00e9a - Premier p\u00f4le priv\u00e9 associatif d&#039;\u00e9coles d&#039;ing\u00e9nieurs en France","og_description":"Combining research and teaching ensures that our pedagogy is current and relevant. Our research laboratories cooperate with industrial, academic and institutional research laboratories (CNRS, CEA, Universities, &#8230;).\u00a0 Furthermore, they are part of joint supervision arrangements with public research labs. Yncr\u00e9a\u2019s schools employ 150 teacher-researchers for their expertise and knowledge. They participate in curriculum design, give [&hellip;]","og_url":"https:\/\/yncrea.fr\/en\/strengths-and-strategies\/research\/","og_site_name":"Yncr\u00e9a - Premier p\u00f4le priv\u00e9 associatif d&#039;\u00e9coles d&#039;ing\u00e9nieurs en France","twitter_card":"summary_large_image","twitter_misc":{"Est. reading time":"1 minute"},"schema":{"@context":"https:\/\/schema.org","@graph":[{"@type":"WebPage","@id":"https:\/\/yncrea.fr\/en\/strengths-and-strategies\/research\/","url":"https:\/\/yncrea.fr\/en\/strengths-and-strategies\/research\/","name":"Research - Yncr\u00e9a - Premier p\u00f4le priv\u00e9 associatif d&#039;\u00e9coles d&#039;ing\u00e9nieurs en France","isPartOf":{"@id":"https:\/\/yncrea.fr\/#website"},"datePublished":"2017-01-25T15:05:11+00:00","dateModified":"2017-01-25T15:05:11+00:00","breadcrumb":{"@id":"https:\/\/yncrea.fr\/en\/strengths-and-strategies\/research\/#breadcrumb"},"inLanguage":"en-US","potentialAction":[{"@type":"ReadAction","target":["https:\/\/yncrea.fr\/en\/strengths-and-strategies\/research\/"]}]},{"@type":"BreadcrumbList","@id":"https:\/\/yncrea.fr\/en\/strengths-and-strategies\/research\/#breadcrumb","itemListElement":[{"@type":"ListItem","position":1,"name":"Accueil","item":"https:\/\/yncrea.fr\/en\/"},{"@type":"ListItem","position":2,"name":"Strengths and strategies","item":"https:\/\/yncrea.fr\/en\/strengths-and-strategies\/"},{"@type":"ListItem","position":3,"name":"Research"}]},{"@type":"WebSite","@id":"https:\/\/yncrea.fr\/#website","url":"https:\/\/yncrea.fr\/","name":"Yncr\u00e9a - Premier p\u00f4le priv\u00e9 associatif d&#039;\u00e9coles d&#039;ing\u00e9nieurs en France","description":"Just another WordPress site","potentialAction":[{"@type":"SearchAction","target":{"@type":"EntryPoint","urlTemplate":"https:\/\/yncrea.fr\/?s={search_term_string}"},"query-input":"required name=search_term_string"}],"inLanguage":"en-US"}]}},"_links":{"self":[{"href":"https:\/\/yncrea.fr\/en\/wp-json\/wp\/v2\/pages\/567","targetHints":{"allow":["GET"]}}],"collection":[{"href":"https:\/\/yncrea.fr\/en\/wp-json\/wp\/v2\/pages"}],"about":[{"href":"https:\/\/yncrea.fr\/en\/wp-json\/wp\/v2\/types\/page"}],"author":[{"embeddable":true,"href":"https:\/\/yncrea.fr\/en\/wp-json\/wp\/v2\/users\/4"}],"replies":[{"embeddable":true,"href":"https:\/\/yncrea.fr\/en\/wp-json\/wp\/v2\/comments?post=567"}],"version-history":[{"count":1,"href":"https:\/\/yncrea.fr\/en\/wp-json\/wp\/v2\/pages\/567\/revisions"}],"predecessor-version":[{"id":860,"href":"https:\/\/yncrea.fr\/en\/wp-json\/wp\/v2\/pages\/567\/revisions\/860"}],"up":[{"embeddable":true,"href":"https:\/\/yncrea.fr\/en\/wp-json\/wp\/v2\/pages\/554"}],"wp:attachment":[{"href":"https:\/\/yncrea.fr\/en\/wp-json\/wp\/v2\/media?parent=567"}],"wp:term":[{"taxonomy":"post_tag","embeddable":true,"href":"https:\/\/yncrea.fr\/en\/wp-json\/wp\/v2\/tags?post=567"}],"curies":[{"name":"wp","href":"https:\/\/api.w.org\/{rel}","templated":true}]}}