{"id":569,"date":"2017-01-25T15:06:12","date_gmt":"2017-01-25T15:06:12","guid":{"rendered":"https:\/\/yncrea.fr\/?page_id=569&#038;lang=en"},"modified":"2017-01-25T15:06:12","modified_gmt":"2017-01-25T15:06:12","slug":"dynamic-orientation","status":"publish","type":"page","link":"https:\/\/yncrea.fr\/en\/strengths-and-strategies\/dynamic-orientation\/","title":{"rendered":"Dynamic Orientation"},"content":{"rendered":"<p>Student personal and professional development is an important element of Yncr\u00e9a\u2019s process.<\/p>\n<p>New students usually have a limited understanding of the engineering profession and the specific field in which they want to work. The parents themselves are often unable to help them in their choice.<\/p>\n<p>Taking this observation into account, Yncr\u00e9a 5-year program has been developed to allow a progressive orientation. The first 3 years are more general, at the end of which a 2-year specialization is chosen. More than 40 specializations are available through Yncr\u00e9a federation. The student&#8217;s professional project can thus be built and adjusted, if needed, by moving from one school to another.<\/p>\n","protected":false},"excerpt":{"rendered":"<p>Student personal and professional development is an important element of Yncr\u00e9a\u2019s process. New students usually have a limited understanding of the engineering profession and the specific field in which they want to work. The parents themselves are often unable to help them in their choice. Taking this observation into account, Yncr\u00e9a 5-year program has been [&hellip;]<\/p>\n","protected":false},"author":4,"featured_media":0,"parent":554,"menu_order":6,"comment_status":"closed","ping_status":"closed","template":"","meta":{"footnotes":""},"tags":[],"class_list":["post-569","page","type-page","status-publish","hentry"],"acf":[],"yoast_head":"<!-- This site is optimized with the Yoast SEO plugin v19.14 - https:\/\/yoast.com\/wordpress\/plugins\/seo\/ -->\n<title>Dynamic Orientation - Yncr\u00e9a - Premier p\u00f4le priv\u00e9 associatif d&#039;\u00e9coles d&#039;ing\u00e9nieurs en France<\/title>\n<meta name=\"robots\" content=\"index, follow, max-snippet:-1, max-image-preview:large, max-video-preview:-1\" \/>\n<link rel=\"canonical\" href=\"https:\/\/yncrea.fr\/en\/strengths-and-strategies\/dynamic-orientation\/\" \/>\n<meta property=\"og:locale\" content=\"en_US\" \/>\n<meta property=\"og:type\" content=\"article\" \/>\n<meta property=\"og:title\" content=\"Dynamic Orientation - Yncr\u00e9a - Premier p\u00f4le priv\u00e9 associatif d&#039;\u00e9coles d&#039;ing\u00e9nieurs en France\" \/>\n<meta property=\"og:description\" content=\"Student personal and professional development is an important element of Yncr\u00e9a\u2019s process. New students usually have a limited understanding of the engineering profession and the specific field in which they want to work. The parents themselves are often unable to help them in their choice. Taking this observation into account, Yncr\u00e9a 5-year program has been [&hellip;]\" \/>\n<meta property=\"og:url\" content=\"https:\/\/yncrea.fr\/en\/strengths-and-strategies\/dynamic-orientation\/\" \/>\n<meta property=\"og:site_name\" content=\"Yncr\u00e9a - Premier p\u00f4le priv\u00e9 associatif d&#039;\u00e9coles d&#039;ing\u00e9nieurs en France\" \/>\n<meta name=\"twitter:card\" content=\"summary_large_image\" \/>\n<meta name=\"twitter:label1\" content=\"Est. reading time\" \/>\n\t<meta name=\"twitter:data1\" content=\"1 minute\" \/>\n<script type=\"application\/ld+json\" class=\"yoast-schema-graph\">{\"@context\":\"https:\/\/schema.org\",\"@graph\":[{\"@type\":\"WebPage\",\"@id\":\"https:\/\/yncrea.fr\/en\/strengths-and-strategies\/dynamic-orientation\/\",\"url\":\"https:\/\/yncrea.fr\/en\/strengths-and-strategies\/dynamic-orientation\/\",\"name\":\"Dynamic Orientation - Yncr\u00e9a - Premier p\u00f4le priv\u00e9 associatif d&#039;\u00e9coles d&#039;ing\u00e9nieurs en France\",\"isPartOf\":{\"@id\":\"https:\/\/yncrea.fr\/#website\"},\"datePublished\":\"2017-01-25T15:06:12+00:00\",\"dateModified\":\"2017-01-25T15:06:12+00:00\",\"breadcrumb\":{\"@id\":\"https:\/\/yncrea.fr\/en\/strengths-and-strategies\/dynamic-orientation\/#breadcrumb\"},\"inLanguage\":\"en-US\",\"potentialAction\":[{\"@type\":\"ReadAction\",\"target\":[\"https:\/\/yncrea.fr\/en\/strengths-and-strategies\/dynamic-orientation\/\"]}]},{\"@type\":\"BreadcrumbList\",\"@id\":\"https:\/\/yncrea.fr\/en\/strengths-and-strategies\/dynamic-orientation\/#breadcrumb\",\"itemListElement\":[{\"@type\":\"ListItem\",\"position\":1,\"name\":\"Accueil\",\"item\":\"https:\/\/yncrea.fr\/en\/\"},{\"@type\":\"ListItem\",\"position\":2,\"name\":\"Strengths and strategies\",\"item\":\"https:\/\/yncrea.fr\/en\/strengths-and-strategies\/\"},{\"@type\":\"ListItem\",\"position\":3,\"name\":\"Dynamic Orientation\"}]},{\"@type\":\"WebSite\",\"@id\":\"https:\/\/yncrea.fr\/#website\",\"url\":\"https:\/\/yncrea.fr\/\",\"name\":\"Yncr\u00e9a - Premier p\u00f4le priv\u00e9 associatif d&#039;\u00e9coles d&#039;ing\u00e9nieurs en France\",\"description\":\"Just another WordPress site\",\"potentialAction\":[{\"@type\":\"SearchAction\",\"target\":{\"@type\":\"EntryPoint\",\"urlTemplate\":\"https:\/\/yncrea.fr\/?s={search_term_string}\"},\"query-input\":\"required name=search_term_string\"}],\"inLanguage\":\"en-US\"}]}<\/script>\n<!-- \/ Yoast SEO plugin. -->","yoast_head_json":{"title":"Dynamic Orientation - Yncr\u00e9a - Premier p\u00f4le priv\u00e9 associatif d&#039;\u00e9coles d&#039;ing\u00e9nieurs en France","robots":{"index":"index","follow":"follow","max-snippet":"max-snippet:-1","max-image-preview":"max-image-preview:large","max-video-preview":"max-video-preview:-1"},"canonical":"https:\/\/yncrea.fr\/en\/strengths-and-strategies\/dynamic-orientation\/","og_locale":"en_US","og_type":"article","og_title":"Dynamic Orientation - Yncr\u00e9a - Premier p\u00f4le priv\u00e9 associatif d&#039;\u00e9coles d&#039;ing\u00e9nieurs en France","og_description":"Student personal and professional development is an important element of Yncr\u00e9a\u2019s process. New students usually have a limited understanding of the engineering profession and the specific field in which they want to work. The parents themselves are often unable to help them in their choice. Taking this observation into account, Yncr\u00e9a 5-year program has been [&hellip;]","og_url":"https:\/\/yncrea.fr\/en\/strengths-and-strategies\/dynamic-orientation\/","og_site_name":"Yncr\u00e9a - Premier p\u00f4le priv\u00e9 associatif d&#039;\u00e9coles d&#039;ing\u00e9nieurs en France","twitter_card":"summary_large_image","twitter_misc":{"Est. reading time":"1 minute"},"schema":{"@context":"https:\/\/schema.org","@graph":[{"@type":"WebPage","@id":"https:\/\/yncrea.fr\/en\/strengths-and-strategies\/dynamic-orientation\/","url":"https:\/\/yncrea.fr\/en\/strengths-and-strategies\/dynamic-orientation\/","name":"Dynamic Orientation - Yncr\u00e9a - Premier p\u00f4le priv\u00e9 associatif d&#039;\u00e9coles d&#039;ing\u00e9nieurs en France","isPartOf":{"@id":"https:\/\/yncrea.fr\/#website"},"datePublished":"2017-01-25T15:06:12+00:00","dateModified":"2017-01-25T15:06:12+00:00","breadcrumb":{"@id":"https:\/\/yncrea.fr\/en\/strengths-and-strategies\/dynamic-orientation\/#breadcrumb"},"inLanguage":"en-US","potentialAction":[{"@type":"ReadAction","target":["https:\/\/yncrea.fr\/en\/strengths-and-strategies\/dynamic-orientation\/"]}]},{"@type":"BreadcrumbList","@id":"https:\/\/yncrea.fr\/en\/strengths-and-strategies\/dynamic-orientation\/#breadcrumb","itemListElement":[{"@type":"ListItem","position":1,"name":"Accueil","item":"https:\/\/yncrea.fr\/en\/"},{"@type":"ListItem","position":2,"name":"Strengths and strategies","item":"https:\/\/yncrea.fr\/en\/strengths-and-strategies\/"},{"@type":"ListItem","position":3,"name":"Dynamic Orientation"}]},{"@type":"WebSite","@id":"https:\/\/yncrea.fr\/#website","url":"https:\/\/yncrea.fr\/","name":"Yncr\u00e9a - Premier p\u00f4le priv\u00e9 associatif d&#039;\u00e9coles d&#039;ing\u00e9nieurs en France","description":"Just another WordPress site","potentialAction":[{"@type":"SearchAction","target":{"@type":"EntryPoint","urlTemplate":"https:\/\/yncrea.fr\/?s={search_term_string}"},"query-input":"required name=search_term_string"}],"inLanguage":"en-US"}]}},"_links":{"self":[{"href":"https:\/\/yncrea.fr\/en\/wp-json\/wp\/v2\/pages\/569","targetHints":{"allow":["GET"]}}],"collection":[{"href":"https:\/\/yncrea.fr\/en\/wp-json\/wp\/v2\/pages"}],"about":[{"href":"https:\/\/yncrea.fr\/en\/wp-json\/wp\/v2\/types\/page"}],"author":[{"embeddable":true,"href":"https:\/\/yncrea.fr\/en\/wp-json\/wp\/v2\/users\/4"}],"replies":[{"embeddable":true,"href":"https:\/\/yncrea.fr\/en\/wp-json\/wp\/v2\/comments?post=569"}],"version-history":[{"count":1,"href":"https:\/\/yncrea.fr\/en\/wp-json\/wp\/v2\/pages\/569\/revisions"}],"predecessor-version":[{"id":861,"href":"https:\/\/yncrea.fr\/en\/wp-json\/wp\/v2\/pages\/569\/revisions\/861"}],"up":[{"embeddable":true,"href":"https:\/\/yncrea.fr\/en\/wp-json\/wp\/v2\/pages\/554"}],"wp:attachment":[{"href":"https:\/\/yncrea.fr\/en\/wp-json\/wp\/v2\/media?parent=569"}],"wp:term":[{"taxonomy":"post_tag","embeddable":true,"href":"https:\/\/yncrea.fr\/en\/wp-json\/wp\/v2\/tags?post=569"}],"curies":[{"name":"wp","href":"https:\/\/api.w.org\/{rel}","templated":true}]}}