{"id":577,"date":"2017-01-25T15:08:07","date_gmt":"2017-01-25T15:08:07","guid":{"rendered":"https:\/\/yncrea.fr\/?page_id=577&#038;lang=en"},"modified":"2017-01-25T15:08:07","modified_gmt":"2017-01-25T15:08:07","slug":"actor-of-digital-transformation","status":"publish","type":"page","link":"https:\/\/yncrea.fr\/en\/actor-of-digital-transformation\/","title":{"rendered":"Actor of digital transformation"},"content":{"rendered":"<p>The diffusion of knowledge is in direct correlation with economic performance. Furthermore, knowledge is multiplied and made more accessible than ever by the digital revolution. All sectors of the economy are disrupted, from industry to commerce, financial services and administration: connected agriculture, intelligent buildings, sensors in innovative textiles, customer routes&#8230; The possible applications are endless.<\/p>\n","protected":false},"excerpt":{"rendered":"<p>The diffusion of knowledge is in direct correlation with economic performance. Furthermore, knowledge is multiplied and made more accessible than ever by the digital revolution. All sectors of the economy are disrupted, from industry to commerce, financial services and administration: connected agriculture, intelligent buildings, sensors in innovative textiles, customer routes&#8230; The possible applications are endless.<\/p>\n","protected":false},"author":4,"featured_media":0,"parent":572,"menu_order":3,"comment_status":"closed","ping_status":"closed","template":"","meta":{"footnotes":""},"tags":[],"class_list":["post-577","page","type-page","status-publish","hentry"],"acf":[],"yoast_head":"<!-- This site is optimized with the Yoast SEO plugin v19.14 - https:\/\/yoast.com\/wordpress\/plugins\/seo\/ -->\n<title>Actor of digital transformation - Yncr\u00e9a - Premier p\u00f4le priv\u00e9 associatif d&#039;\u00e9coles d&#039;ing\u00e9nieurs en France<\/title>\n<meta name=\"robots\" content=\"index, follow, max-snippet:-1, max-image-preview:large, max-video-preview:-1\" \/>\n<link rel=\"canonical\" href=\"https:\/\/yncrea.fr\/en\/actor-of-digital-transformation\/\" \/>\n<meta property=\"og:locale\" content=\"en_US\" \/>\n<meta property=\"og:type\" content=\"article\" \/>\n<meta property=\"og:title\" content=\"Actor of digital transformation - Yncr\u00e9a - Premier p\u00f4le priv\u00e9 associatif d&#039;\u00e9coles d&#039;ing\u00e9nieurs en France\" \/>\n<meta property=\"og:description\" content=\"The diffusion of knowledge is in direct correlation with economic performance. Furthermore, knowledge is multiplied and made more accessible than ever by the digital revolution. All sectors of the economy are disrupted, from industry to commerce, financial services and administration: connected agriculture, intelligent buildings, sensors in innovative textiles, customer routes&#8230; The possible applications are endless.\" \/>\n<meta property=\"og:url\" content=\"https:\/\/yncrea.fr\/en\/actor-of-digital-transformation\/\" \/>\n<meta property=\"og:site_name\" content=\"Yncr\u00e9a - Premier p\u00f4le priv\u00e9 associatif d&#039;\u00e9coles d&#039;ing\u00e9nieurs en France\" \/>\n<meta name=\"twitter:card\" content=\"summary_large_image\" \/>\n<script type=\"application\/ld+json\" class=\"yoast-schema-graph\">{\"@context\":\"https:\/\/schema.org\",\"@graph\":[{\"@type\":\"WebPage\",\"@id\":\"https:\/\/yncrea.fr\/en\/actor-of-digital-transformation\/\",\"url\":\"https:\/\/yncrea.fr\/en\/actor-of-digital-transformation\/\",\"name\":\"Actor of digital transformation - Yncr\u00e9a - Premier p\u00f4le priv\u00e9 associatif d&#039;\u00e9coles d&#039;ing\u00e9nieurs en France\",\"isPartOf\":{\"@id\":\"https:\/\/yncrea.fr\/#website\"},\"datePublished\":\"2017-01-25T15:08:07+00:00\",\"dateModified\":\"2017-01-25T15:08:07+00:00\",\"breadcrumb\":{\"@id\":\"https:\/\/yncrea.fr\/en\/actor-of-digital-transformation\/#breadcrumb\"},\"inLanguage\":\"en-US\",\"potentialAction\":[{\"@type\":\"ReadAction\",\"target\":[\"https:\/\/yncrea.fr\/en\/actor-of-digital-transformation\/\"]}]},{\"@type\":\"BreadcrumbList\",\"@id\":\"https:\/\/yncrea.fr\/en\/actor-of-digital-transformation\/#breadcrumb\",\"itemListElement\":[{\"@type\":\"ListItem\",\"position\":1,\"name\":\"Accueil\",\"item\":\"https:\/\/yncrea.fr\/en\/\"},{\"@type\":\"ListItem\",\"position\":2,\"name\":\"What brings us together\",\"item\":\"https:\/\/yncrea.fr\/en\/?page_id=572\"},{\"@type\":\"ListItem\",\"position\":3,\"name\":\"Actor of digital transformation\"}]},{\"@type\":\"WebSite\",\"@id\":\"https:\/\/yncrea.fr\/#website\",\"url\":\"https:\/\/yncrea.fr\/\",\"name\":\"Yncr\u00e9a - Premier p\u00f4le priv\u00e9 associatif d&#039;\u00e9coles d&#039;ing\u00e9nieurs en France\",\"description\":\"Just another WordPress site\",\"potentialAction\":[{\"@type\":\"SearchAction\",\"target\":{\"@type\":\"EntryPoint\",\"urlTemplate\":\"https:\/\/yncrea.fr\/?s={search_term_string}\"},\"query-input\":\"required name=search_term_string\"}],\"inLanguage\":\"en-US\"}]}<\/script>\n<!-- \/ Yoast SEO plugin. -->","yoast_head_json":{"title":"Actor of digital transformation - Yncr\u00e9a - Premier p\u00f4le priv\u00e9 associatif d&#039;\u00e9coles d&#039;ing\u00e9nieurs en France","robots":{"index":"index","follow":"follow","max-snippet":"max-snippet:-1","max-image-preview":"max-image-preview:large","max-video-preview":"max-video-preview:-1"},"canonical":"https:\/\/yncrea.fr\/en\/actor-of-digital-transformation\/","og_locale":"en_US","og_type":"article","og_title":"Actor of digital transformation - Yncr\u00e9a - Premier p\u00f4le priv\u00e9 associatif d&#039;\u00e9coles d&#039;ing\u00e9nieurs en France","og_description":"The diffusion of knowledge is in direct correlation with economic performance. Furthermore, knowledge is multiplied and made more accessible than ever by the digital revolution. All sectors of the economy are disrupted, from industry to commerce, financial services and administration: connected agriculture, intelligent buildings, sensors in innovative textiles, customer routes&#8230; The possible applications are endless.","og_url":"https:\/\/yncrea.fr\/en\/actor-of-digital-transformation\/","og_site_name":"Yncr\u00e9a - Premier p\u00f4le priv\u00e9 associatif d&#039;\u00e9coles d&#039;ing\u00e9nieurs en France","twitter_card":"summary_large_image","schema":{"@context":"https:\/\/schema.org","@graph":[{"@type":"WebPage","@id":"https:\/\/yncrea.fr\/en\/actor-of-digital-transformation\/","url":"https:\/\/yncrea.fr\/en\/actor-of-digital-transformation\/","name":"Actor of digital transformation - Yncr\u00e9a - Premier p\u00f4le priv\u00e9 associatif d&#039;\u00e9coles d&#039;ing\u00e9nieurs en France","isPartOf":{"@id":"https:\/\/yncrea.fr\/#website"},"datePublished":"2017-01-25T15:08:07+00:00","dateModified":"2017-01-25T15:08:07+00:00","breadcrumb":{"@id":"https:\/\/yncrea.fr\/en\/actor-of-digital-transformation\/#breadcrumb"},"inLanguage":"en-US","potentialAction":[{"@type":"ReadAction","target":["https:\/\/yncrea.fr\/en\/actor-of-digital-transformation\/"]}]},{"@type":"BreadcrumbList","@id":"https:\/\/yncrea.fr\/en\/actor-of-digital-transformation\/#breadcrumb","itemListElement":[{"@type":"ListItem","position":1,"name":"Accueil","item":"https:\/\/yncrea.fr\/en\/"},{"@type":"ListItem","position":2,"name":"What brings us together","item":"https:\/\/yncrea.fr\/en\/?page_id=572"},{"@type":"ListItem","position":3,"name":"Actor of digital transformation"}]},{"@type":"WebSite","@id":"https:\/\/yncrea.fr\/#website","url":"https:\/\/yncrea.fr\/","name":"Yncr\u00e9a - Premier p\u00f4le priv\u00e9 associatif d&#039;\u00e9coles d&#039;ing\u00e9nieurs en France","description":"Just another WordPress site","potentialAction":[{"@type":"SearchAction","target":{"@type":"EntryPoint","urlTemplate":"https:\/\/yncrea.fr\/?s={search_term_string}"},"query-input":"required name=search_term_string"}],"inLanguage":"en-US"}]}},"_links":{"self":[{"href":"https:\/\/yncrea.fr\/en\/wp-json\/wp\/v2\/pages\/577","targetHints":{"allow":["GET"]}}],"collection":[{"href":"https:\/\/yncrea.fr\/en\/wp-json\/wp\/v2\/pages"}],"about":[{"href":"https:\/\/yncrea.fr\/en\/wp-json\/wp\/v2\/types\/page"}],"author":[{"embeddable":true,"href":"https:\/\/yncrea.fr\/en\/wp-json\/wp\/v2\/users\/4"}],"replies":[{"embeddable":true,"href":"https:\/\/yncrea.fr\/en\/wp-json\/wp\/v2\/comments?post=577"}],"version-history":[{"count":1,"href":"https:\/\/yncrea.fr\/en\/wp-json\/wp\/v2\/pages\/577\/revisions"}],"predecessor-version":[{"id":864,"href":"https:\/\/yncrea.fr\/en\/wp-json\/wp\/v2\/pages\/577\/revisions\/864"}],"up":[{"embeddable":true,"href":"https:\/\/yncrea.fr\/en\/wp-json\/wp\/v2\/pages\/572"}],"wp:attachment":[{"href":"https:\/\/yncrea.fr\/en\/wp-json\/wp\/v2\/media?parent=577"}],"wp:term":[{"taxonomy":"post_tag","embeddable":true,"href":"https:\/\/yncrea.fr\/en\/wp-json\/wp\/v2\/tags?post=577"}],"curies":[{"name":"wp","href":"https:\/\/api.w.org\/{rel}","templated":true}]}}