{"id":579,"date":"2017-01-25T15:09:11","date_gmt":"2017-01-25T15:09:11","guid":{"rendered":"https:\/\/yncrea.fr\/?page_id=579&#038;lang=en"},"modified":"2017-01-25T15:09:11","modified_gmt":"2017-01-25T15:09:11","slug":"transdisciplinary-actor","status":"publish","type":"page","link":"https:\/\/yncrea.fr\/en\/transdisciplinary-actor\/","title":{"rendered":"Transdisciplinary Actor"},"content":{"rendered":"<p>Breaking across sectorial boundaries results in a significant growth of innovation. Taking advantage of digital modeling capabilities allows the creation of new products and uses. Based on this observation, Yncr\u00e9a decided to create the conditions required for the cross-fertilization of our know-hows: experimentation, prototyping, collective intelligence, creativity, co-design &#8230;<\/p>\n<p>Our core curriculum already includes all the disciplines covered by our schools: HEI (civil engineering, energy, chemistry &#8230;), ISA (agro-agri), ISEN (computer engineering, electronics, software engineering\u2026). Yncr\u00e9a also teaches beyond engineering, from design to management, entrepreneurship to finance. Double degrees with business schools (ESC Brest, ESC Rennes, Kedge, &#8230;) are in place.<\/p>\n","protected":false},"excerpt":{"rendered":"<p>Breaking across sectorial boundaries results in a significant growth of innovation. Taking advantage of digital modeling capabilities allows the creation of new products and uses. Based on this observation, Yncr\u00e9a decided to create the conditions required for the cross-fertilization of our know-hows: experimentation, prototyping, collective intelligence, creativity, co-design &#8230; Our core curriculum already includes all [&hellip;]<\/p>\n","protected":false},"author":4,"featured_media":0,"parent":572,"menu_order":4,"comment_status":"closed","ping_status":"closed","template":"","meta":{"footnotes":""},"tags":[],"class_list":["post-579","page","type-page","status-publish","hentry"],"acf":[],"yoast_head":"<!-- This site is optimized with the Yoast SEO plugin v19.14 - https:\/\/yoast.com\/wordpress\/plugins\/seo\/ -->\n<title>Transdisciplinary Actor - Yncr\u00e9a - Premier p\u00f4le priv\u00e9 associatif d&#039;\u00e9coles d&#039;ing\u00e9nieurs en France<\/title>\n<meta name=\"robots\" content=\"index, follow, max-snippet:-1, max-image-preview:large, max-video-preview:-1\" \/>\n<link rel=\"canonical\" href=\"https:\/\/yncrea.fr\/en\/transdisciplinary-actor\/\" \/>\n<meta property=\"og:locale\" content=\"en_US\" \/>\n<meta property=\"og:type\" content=\"article\" \/>\n<meta property=\"og:title\" content=\"Transdisciplinary Actor - Yncr\u00e9a - Premier p\u00f4le priv\u00e9 associatif d&#039;\u00e9coles d&#039;ing\u00e9nieurs en France\" \/>\n<meta property=\"og:description\" content=\"Breaking across sectorial boundaries results in a significant growth of innovation. Taking advantage of digital modeling capabilities allows the creation of new products and uses. Based on this observation, Yncr\u00e9a decided to create the conditions required for the cross-fertilization of our know-hows: experimentation, prototyping, collective intelligence, creativity, co-design &#8230; Our core curriculum already includes all [&hellip;]\" \/>\n<meta property=\"og:url\" content=\"https:\/\/yncrea.fr\/en\/transdisciplinary-actor\/\" \/>\n<meta property=\"og:site_name\" content=\"Yncr\u00e9a - Premier p\u00f4le priv\u00e9 associatif d&#039;\u00e9coles d&#039;ing\u00e9nieurs en France\" \/>\n<meta name=\"twitter:card\" content=\"summary_large_image\" \/>\n<meta name=\"twitter:label1\" content=\"Est. reading time\" \/>\n\t<meta name=\"twitter:data1\" content=\"1 minute\" \/>\n<script type=\"application\/ld+json\" class=\"yoast-schema-graph\">{\"@context\":\"https:\/\/schema.org\",\"@graph\":[{\"@type\":\"WebPage\",\"@id\":\"https:\/\/yncrea.fr\/en\/transdisciplinary-actor\/\",\"url\":\"https:\/\/yncrea.fr\/en\/transdisciplinary-actor\/\",\"name\":\"Transdisciplinary Actor - Yncr\u00e9a - Premier p\u00f4le priv\u00e9 associatif d&#039;\u00e9coles d&#039;ing\u00e9nieurs en France\",\"isPartOf\":{\"@id\":\"https:\/\/yncrea.fr\/#website\"},\"datePublished\":\"2017-01-25T15:09:11+00:00\",\"dateModified\":\"2017-01-25T15:09:11+00:00\",\"breadcrumb\":{\"@id\":\"https:\/\/yncrea.fr\/en\/transdisciplinary-actor\/#breadcrumb\"},\"inLanguage\":\"en-US\",\"potentialAction\":[{\"@type\":\"ReadAction\",\"target\":[\"https:\/\/yncrea.fr\/en\/transdisciplinary-actor\/\"]}]},{\"@type\":\"BreadcrumbList\",\"@id\":\"https:\/\/yncrea.fr\/en\/transdisciplinary-actor\/#breadcrumb\",\"itemListElement\":[{\"@type\":\"ListItem\",\"position\":1,\"name\":\"Accueil\",\"item\":\"https:\/\/yncrea.fr\/en\/\"},{\"@type\":\"ListItem\",\"position\":2,\"name\":\"What brings us together\",\"item\":\"https:\/\/yncrea.fr\/en\/?page_id=572\"},{\"@type\":\"ListItem\",\"position\":3,\"name\":\"Transdisciplinary Actor\"}]},{\"@type\":\"WebSite\",\"@id\":\"https:\/\/yncrea.fr\/#website\",\"url\":\"https:\/\/yncrea.fr\/\",\"name\":\"Yncr\u00e9a - Premier p\u00f4le priv\u00e9 associatif d&#039;\u00e9coles d&#039;ing\u00e9nieurs en France\",\"description\":\"Just another WordPress site\",\"potentialAction\":[{\"@type\":\"SearchAction\",\"target\":{\"@type\":\"EntryPoint\",\"urlTemplate\":\"https:\/\/yncrea.fr\/?s={search_term_string}\"},\"query-input\":\"required name=search_term_string\"}],\"inLanguage\":\"en-US\"}]}<\/script>\n<!-- \/ Yoast SEO plugin. -->","yoast_head_json":{"title":"Transdisciplinary Actor - Yncr\u00e9a - Premier p\u00f4le priv\u00e9 associatif d&#039;\u00e9coles d&#039;ing\u00e9nieurs en France","robots":{"index":"index","follow":"follow","max-snippet":"max-snippet:-1","max-image-preview":"max-image-preview:large","max-video-preview":"max-video-preview:-1"},"canonical":"https:\/\/yncrea.fr\/en\/transdisciplinary-actor\/","og_locale":"en_US","og_type":"article","og_title":"Transdisciplinary Actor - Yncr\u00e9a - Premier p\u00f4le priv\u00e9 associatif d&#039;\u00e9coles d&#039;ing\u00e9nieurs en France","og_description":"Breaking across sectorial boundaries results in a significant growth of innovation. Taking advantage of digital modeling capabilities allows the creation of new products and uses. Based on this observation, Yncr\u00e9a decided to create the conditions required for the cross-fertilization of our know-hows: experimentation, prototyping, collective intelligence, creativity, co-design &#8230; Our core curriculum already includes all [&hellip;]","og_url":"https:\/\/yncrea.fr\/en\/transdisciplinary-actor\/","og_site_name":"Yncr\u00e9a - Premier p\u00f4le priv\u00e9 associatif d&#039;\u00e9coles d&#039;ing\u00e9nieurs en France","twitter_card":"summary_large_image","twitter_misc":{"Est. reading time":"1 minute"},"schema":{"@context":"https:\/\/schema.org","@graph":[{"@type":"WebPage","@id":"https:\/\/yncrea.fr\/en\/transdisciplinary-actor\/","url":"https:\/\/yncrea.fr\/en\/transdisciplinary-actor\/","name":"Transdisciplinary Actor - Yncr\u00e9a - Premier p\u00f4le priv\u00e9 associatif d&#039;\u00e9coles d&#039;ing\u00e9nieurs en France","isPartOf":{"@id":"https:\/\/yncrea.fr\/#website"},"datePublished":"2017-01-25T15:09:11+00:00","dateModified":"2017-01-25T15:09:11+00:00","breadcrumb":{"@id":"https:\/\/yncrea.fr\/en\/transdisciplinary-actor\/#breadcrumb"},"inLanguage":"en-US","potentialAction":[{"@type":"ReadAction","target":["https:\/\/yncrea.fr\/en\/transdisciplinary-actor\/"]}]},{"@type":"BreadcrumbList","@id":"https:\/\/yncrea.fr\/en\/transdisciplinary-actor\/#breadcrumb","itemListElement":[{"@type":"ListItem","position":1,"name":"Accueil","item":"https:\/\/yncrea.fr\/en\/"},{"@type":"ListItem","position":2,"name":"What brings us together","item":"https:\/\/yncrea.fr\/en\/?page_id=572"},{"@type":"ListItem","position":3,"name":"Transdisciplinary Actor"}]},{"@type":"WebSite","@id":"https:\/\/yncrea.fr\/#website","url":"https:\/\/yncrea.fr\/","name":"Yncr\u00e9a - Premier p\u00f4le priv\u00e9 associatif d&#039;\u00e9coles d&#039;ing\u00e9nieurs en France","description":"Just another WordPress site","potentialAction":[{"@type":"SearchAction","target":{"@type":"EntryPoint","urlTemplate":"https:\/\/yncrea.fr\/?s={search_term_string}"},"query-input":"required name=search_term_string"}],"inLanguage":"en-US"}]}},"_links":{"self":[{"href":"https:\/\/yncrea.fr\/en\/wp-json\/wp\/v2\/pages\/579","targetHints":{"allow":["GET"]}}],"collection":[{"href":"https:\/\/yncrea.fr\/en\/wp-json\/wp\/v2\/pages"}],"about":[{"href":"https:\/\/yncrea.fr\/en\/wp-json\/wp\/v2\/types\/page"}],"author":[{"embeddable":true,"href":"https:\/\/yncrea.fr\/en\/wp-json\/wp\/v2\/users\/4"}],"replies":[{"embeddable":true,"href":"https:\/\/yncrea.fr\/en\/wp-json\/wp\/v2\/comments?post=579"}],"version-history":[{"count":1,"href":"https:\/\/yncrea.fr\/en\/wp-json\/wp\/v2\/pages\/579\/revisions"}],"predecessor-version":[{"id":865,"href":"https:\/\/yncrea.fr\/en\/wp-json\/wp\/v2\/pages\/579\/revisions\/865"}],"up":[{"embeddable":true,"href":"https:\/\/yncrea.fr\/en\/wp-json\/wp\/v2\/pages\/572"}],"wp:attachment":[{"href":"https:\/\/yncrea.fr\/en\/wp-json\/wp\/v2\/media?parent=579"}],"wp:term":[{"taxonomy":"post_tag","embeddable":true,"href":"https:\/\/yncrea.fr\/en\/wp-json\/wp\/v2\/tags?post=579"}],"curies":[{"name":"wp","href":"https:\/\/api.w.org\/{rel}","templated":true}]}}