{"id":588,"date":"2017-01-25T14:59:04","date_gmt":"2017-01-25T14:59:04","guid":{"rendered":"https:\/\/yncrea.fr\/?page_id=588&#038;lang=en"},"modified":"2017-01-25T14:59:04","modified_gmt":"2017-01-25T14:59:04","slug":"michel-bouvet","status":"publish","type":"page","link":"https:\/\/yncrea.fr\/en\/michel-bouvet\/","title":{"rendered":"Michel Bouvet"},"content":{"rendered":"<p>Michel Bouvet became Yncr\u00e9a general manager in 2016. He earned his engineering degree at the \u00c9cole Polytechnique in 1981 and a Ph.D in engineering from Paris-Saclay University in 1987. Mr. Bouvet served under various position in France defense department. Most notably, he was Head of the SHOM Oceanographic Military Center, Deputy Director of the Delegation for Strategic Affairs (DAS), Director of the VBCI program (DGA) and training manager at CHEAr. Before joining Yncrea, Mr Bouvet served in various executive or general management positions in the field of public research. Other important functions include director of the development strategy and external relations of the IRSN, head of the department of guardianship of research organizations within the DGRI, Deputy Director General of the IRD, in charge of AIRD. Michel Bouvet also served as a board member for various research organizations (IRD, MNHN, CNES, &#8230;). He founded ESR Conseil, a consulting firm accompanying public and private actors in higher education, research and innovation.<\/p>\n<p>His honors include the titles of General Engineer of the Armament (CR), officer of the National Order of Merit, Knight of the Legion of Honor and Knight of the Agricultural Merit.<\/p>\n","protected":false},"excerpt":{"rendered":"<p>Michel Bouvet became Yncr\u00e9a general manager in 2016. He earned his engineering degree at the \u00c9cole Polytechnique in 1981 and a Ph.D in engineering from Paris-Saclay University in 1987. Mr. Bouvet served under various position in France defense department. Most notably, he was Head of the SHOM Oceanographic Military Center, Deputy Director of the Delegation [&hellip;]<\/p>\n","protected":false},"author":4,"featured_media":0,"parent":0,"menu_order":0,"comment_status":"closed","ping_status":"closed","template":"","meta":{"footnotes":""},"tags":[],"class_list":["post-588","page","type-page","status-publish","hentry","categorie-page-membre"],"acf":[],"yoast_head":"<!-- This site is optimized with the Yoast SEO plugin v19.14 - https:\/\/yoast.com\/wordpress\/plugins\/seo\/ -->\n<title>Michel Bouvet - Yncr\u00e9a - Premier p\u00f4le priv\u00e9 associatif d&#039;\u00e9coles d&#039;ing\u00e9nieurs en France<\/title>\n<meta name=\"robots\" content=\"index, follow, max-snippet:-1, max-image-preview:large, max-video-preview:-1\" \/>\n<link rel=\"canonical\" href=\"https:\/\/yncrea.fr\/en\/michel-bouvet\/\" \/>\n<meta property=\"og:locale\" content=\"en_US\" \/>\n<meta property=\"og:type\" content=\"article\" \/>\n<meta property=\"og:title\" content=\"Michel Bouvet - Yncr\u00e9a - Premier p\u00f4le priv\u00e9 associatif d&#039;\u00e9coles d&#039;ing\u00e9nieurs en France\" \/>\n<meta property=\"og:description\" content=\"Michel Bouvet became Yncr\u00e9a general manager in 2016. He earned his engineering degree at the \u00c9cole Polytechnique in 1981 and a Ph.D in engineering from Paris-Saclay University in 1987. Mr. Bouvet served under various position in France defense department. Most notably, he was Head of the SHOM Oceanographic Military Center, Deputy Director of the Delegation [&hellip;]\" \/>\n<meta property=\"og:url\" content=\"https:\/\/yncrea.fr\/en\/michel-bouvet\/\" \/>\n<meta property=\"og:site_name\" content=\"Yncr\u00e9a - Premier p\u00f4le priv\u00e9 associatif d&#039;\u00e9coles d&#039;ing\u00e9nieurs en France\" \/>\n<meta name=\"twitter:card\" content=\"summary_large_image\" \/>\n<meta name=\"twitter:label1\" content=\"Est. reading time\" \/>\n\t<meta name=\"twitter:data1\" content=\"1 minute\" \/>\n<script type=\"application\/ld+json\" class=\"yoast-schema-graph\">{\"@context\":\"https:\/\/schema.org\",\"@graph\":[{\"@type\":\"WebPage\",\"@id\":\"https:\/\/yncrea.fr\/en\/michel-bouvet\/\",\"url\":\"https:\/\/yncrea.fr\/en\/michel-bouvet\/\",\"name\":\"Michel Bouvet - Yncr\u00e9a - Premier p\u00f4le priv\u00e9 associatif d&#039;\u00e9coles d&#039;ing\u00e9nieurs en France\",\"isPartOf\":{\"@id\":\"https:\/\/yncrea.fr\/#website\"},\"datePublished\":\"2017-01-25T14:59:04+00:00\",\"dateModified\":\"2017-01-25T14:59:04+00:00\",\"breadcrumb\":{\"@id\":\"https:\/\/yncrea.fr\/en\/michel-bouvet\/#breadcrumb\"},\"inLanguage\":\"en-US\",\"potentialAction\":[{\"@type\":\"ReadAction\",\"target\":[\"https:\/\/yncrea.fr\/en\/michel-bouvet\/\"]}]},{\"@type\":\"BreadcrumbList\",\"@id\":\"https:\/\/yncrea.fr\/en\/michel-bouvet\/#breadcrumb\",\"itemListElement\":[{\"@type\":\"ListItem\",\"position\":1,\"name\":\"Accueil\",\"item\":\"https:\/\/yncrea.fr\/en\/\"},{\"@type\":\"ListItem\",\"position\":2,\"name\":\"Michel Bouvet\"}]},{\"@type\":\"WebSite\",\"@id\":\"https:\/\/yncrea.fr\/#website\",\"url\":\"https:\/\/yncrea.fr\/\",\"name\":\"Yncr\u00e9a - Premier p\u00f4le priv\u00e9 associatif d&#039;\u00e9coles d&#039;ing\u00e9nieurs en France\",\"description\":\"Just another WordPress site\",\"potentialAction\":[{\"@type\":\"SearchAction\",\"target\":{\"@type\":\"EntryPoint\",\"urlTemplate\":\"https:\/\/yncrea.fr\/?s={search_term_string}\"},\"query-input\":\"required name=search_term_string\"}],\"inLanguage\":\"en-US\"}]}<\/script>\n<!-- \/ Yoast SEO plugin. -->","yoast_head_json":{"title":"Michel Bouvet - Yncr\u00e9a - Premier p\u00f4le priv\u00e9 associatif d&#039;\u00e9coles d&#039;ing\u00e9nieurs en France","robots":{"index":"index","follow":"follow","max-snippet":"max-snippet:-1","max-image-preview":"max-image-preview:large","max-video-preview":"max-video-preview:-1"},"canonical":"https:\/\/yncrea.fr\/en\/michel-bouvet\/","og_locale":"en_US","og_type":"article","og_title":"Michel Bouvet - Yncr\u00e9a - Premier p\u00f4le priv\u00e9 associatif d&#039;\u00e9coles d&#039;ing\u00e9nieurs en France","og_description":"Michel Bouvet became Yncr\u00e9a general manager in 2016. He earned his engineering degree at the \u00c9cole Polytechnique in 1981 and a Ph.D in engineering from Paris-Saclay University in 1987. Mr. Bouvet served under various position in France defense department. Most notably, he was Head of the SHOM Oceanographic Military Center, Deputy Director of the Delegation [&hellip;]","og_url":"https:\/\/yncrea.fr\/en\/michel-bouvet\/","og_site_name":"Yncr\u00e9a - Premier p\u00f4le priv\u00e9 associatif d&#039;\u00e9coles d&#039;ing\u00e9nieurs en France","twitter_card":"summary_large_image","twitter_misc":{"Est. reading time":"1 minute"},"schema":{"@context":"https:\/\/schema.org","@graph":[{"@type":"WebPage","@id":"https:\/\/yncrea.fr\/en\/michel-bouvet\/","url":"https:\/\/yncrea.fr\/en\/michel-bouvet\/","name":"Michel Bouvet - Yncr\u00e9a - Premier p\u00f4le priv\u00e9 associatif d&#039;\u00e9coles d&#039;ing\u00e9nieurs en France","isPartOf":{"@id":"https:\/\/yncrea.fr\/#website"},"datePublished":"2017-01-25T14:59:04+00:00","dateModified":"2017-01-25T14:59:04+00:00","breadcrumb":{"@id":"https:\/\/yncrea.fr\/en\/michel-bouvet\/#breadcrumb"},"inLanguage":"en-US","potentialAction":[{"@type":"ReadAction","target":["https:\/\/yncrea.fr\/en\/michel-bouvet\/"]}]},{"@type":"BreadcrumbList","@id":"https:\/\/yncrea.fr\/en\/michel-bouvet\/#breadcrumb","itemListElement":[{"@type":"ListItem","position":1,"name":"Accueil","item":"https:\/\/yncrea.fr\/en\/"},{"@type":"ListItem","position":2,"name":"Michel Bouvet"}]},{"@type":"WebSite","@id":"https:\/\/yncrea.fr\/#website","url":"https:\/\/yncrea.fr\/","name":"Yncr\u00e9a - Premier p\u00f4le priv\u00e9 associatif d&#039;\u00e9coles d&#039;ing\u00e9nieurs en France","description":"Just another WordPress site","potentialAction":[{"@type":"SearchAction","target":{"@type":"EntryPoint","urlTemplate":"https:\/\/yncrea.fr\/?s={search_term_string}"},"query-input":"required name=search_term_string"}],"inLanguage":"en-US"}]}},"_links":{"self":[{"href":"https:\/\/yncrea.fr\/en\/wp-json\/wp\/v2\/pages\/588","targetHints":{"allow":["GET"]}}],"collection":[{"href":"https:\/\/yncrea.fr\/en\/wp-json\/wp\/v2\/pages"}],"about":[{"href":"https:\/\/yncrea.fr\/en\/wp-json\/wp\/v2\/types\/page"}],"author":[{"embeddable":true,"href":"https:\/\/yncrea.fr\/en\/wp-json\/wp\/v2\/users\/4"}],"replies":[{"embeddable":true,"href":"https:\/\/yncrea.fr\/en\/wp-json\/wp\/v2\/comments?post=588"}],"version-history":[{"count":1,"href":"https:\/\/yncrea.fr\/en\/wp-json\/wp\/v2\/pages\/588\/revisions"}],"predecessor-version":[{"id":851,"href":"https:\/\/yncrea.fr\/en\/wp-json\/wp\/v2\/pages\/588\/revisions\/851"}],"wp:attachment":[{"href":"https:\/\/yncrea.fr\/en\/wp-json\/wp\/v2\/media?parent=588"}],"wp:term":[{"taxonomy":"post_tag","embeddable":true,"href":"https:\/\/yncrea.fr\/en\/wp-json\/wp\/v2\/tags?post=588"}],"curies":[{"name":"wp","href":"https:\/\/api.w.org\/{rel}","templated":true}]}}