{"id":597,"date":"2017-01-25T14:59:04","date_gmt":"2017-01-25T14:59:04","guid":{"rendered":"https:\/\/yncrea.fr\/?page_id=597&#038;lang=en"},"modified":"2017-08-22T07:55:55","modified_gmt":"2017-08-22T07:55:55","slug":"who-does-what","status":"publish","type":"page","link":"https:\/\/yncrea.fr\/en\/who-does-what\/","title":{"rendered":"Who does what ?"},"content":{"rendered":"<div dir=\"ltr\">\n<p>Yncr\u00e9a coordinates the schools\u2019 development efforts: image, notoriety, institutional relations, recruitment, curriculum development, educational innovation, adaptation to businesses and territory\u2019s needs, &#8230;<\/p>\n<p>Yncr\u00e9a and the schools implement the projects jointly.<\/p>\n<p>Recruitment and graduation are carried out by the 5 schools, HEI, ISA, ISEN Lille, ISEN Ouest, ISEN M\u00e9diterran\u00e9e\u00a0and Yncr\u00e9a Maroc (moroccan diploma).<\/p>\n<\/div>\n","protected":false},"excerpt":{"rendered":"<p>Yncr\u00e9a coordinates the schools\u2019 development efforts: image, notoriety, institutional relations, recruitment, curriculum development, educational innovation, adaptation to businesses and territory\u2019s needs, &#8230; Yncr\u00e9a and the schools implement the projects jointly. Recruitment and graduation are carried out by the 5 schools, HEI, ISA, ISEN Lille, ISEN Ouest, ISEN M\u00e9diterran\u00e9e\u00a0and Yncr\u00e9a Maroc (moroccan diploma).<\/p>\n","protected":false},"author":4,"featured_media":0,"parent":592,"menu_order":2,"comment_status":"closed","ping_status":"closed","template":"","meta":{"footnotes":""},"tags":[],"class_list":["post-597","page","type-page","status-publish","hentry"],"acf":[],"yoast_head":"<!-- This site is optimized with the Yoast SEO plugin v19.14 - https:\/\/yoast.com\/wordpress\/plugins\/seo\/ -->\n<title>Who does what ? - Yncr\u00e9a - Premier p\u00f4le priv\u00e9 associatif d&#039;\u00e9coles d&#039;ing\u00e9nieurs en France<\/title>\n<meta name=\"robots\" content=\"index, follow, max-snippet:-1, max-image-preview:large, max-video-preview:-1\" \/>\n<link rel=\"canonical\" href=\"https:\/\/yncrea.fr\/en\/who-does-what\/\" \/>\n<meta property=\"og:locale\" content=\"en_US\" \/>\n<meta property=\"og:type\" content=\"article\" \/>\n<meta property=\"og:title\" content=\"Who does what ? - Yncr\u00e9a - Premier p\u00f4le priv\u00e9 associatif d&#039;\u00e9coles d&#039;ing\u00e9nieurs en France\" \/>\n<meta property=\"og:description\" content=\"Yncr\u00e9a coordinates the schools\u2019 development efforts: image, notoriety, institutional relations, recruitment, curriculum development, educational innovation, adaptation to businesses and territory\u2019s needs, &#8230; Yncr\u00e9a and the schools implement the projects jointly. Recruitment and graduation are carried out by the 5 schools, HEI, ISA, ISEN Lille, ISEN Ouest, ISEN M\u00e9diterran\u00e9e\u00a0and Yncr\u00e9a Maroc (moroccan diploma).\" \/>\n<meta property=\"og:url\" content=\"https:\/\/yncrea.fr\/en\/who-does-what\/\" \/>\n<meta property=\"og:site_name\" content=\"Yncr\u00e9a - Premier p\u00f4le priv\u00e9 associatif d&#039;\u00e9coles d&#039;ing\u00e9nieurs en France\" \/>\n<meta property=\"article:modified_time\" content=\"2017-08-22T07:55:55+00:00\" \/>\n<meta name=\"twitter:card\" content=\"summary_large_image\" \/>\n<script type=\"application\/ld+json\" class=\"yoast-schema-graph\">{\"@context\":\"https:\/\/schema.org\",\"@graph\":[{\"@type\":\"WebPage\",\"@id\":\"https:\/\/yncrea.fr\/en\/who-does-what\/\",\"url\":\"https:\/\/yncrea.fr\/en\/who-does-what\/\",\"name\":\"Who does what ? - Yncr\u00e9a - Premier p\u00f4le priv\u00e9 associatif d&#039;\u00e9coles d&#039;ing\u00e9nieurs en France\",\"isPartOf\":{\"@id\":\"https:\/\/yncrea.fr\/#website\"},\"datePublished\":\"2017-01-25T14:59:04+00:00\",\"dateModified\":\"2017-08-22T07:55:55+00:00\",\"breadcrumb\":{\"@id\":\"https:\/\/yncrea.fr\/en\/who-does-what\/#breadcrumb\"},\"inLanguage\":\"en-US\",\"potentialAction\":[{\"@type\":\"ReadAction\",\"target\":[\"https:\/\/yncrea.fr\/en\/who-does-what\/\"]}]},{\"@type\":\"BreadcrumbList\",\"@id\":\"https:\/\/yncrea.fr\/en\/who-does-what\/#breadcrumb\",\"itemListElement\":[{\"@type\":\"ListItem\",\"position\":1,\"name\":\"Accueil\",\"item\":\"https:\/\/yncrea.fr\/en\/\"},{\"@type\":\"ListItem\",\"position\":2,\"name\":\"Presentation\",\"item\":\"https:\/\/yncrea.fr\/en\/?page_id=592\"},{\"@type\":\"ListItem\",\"position\":3,\"name\":\"Who does what ?\"}]},{\"@type\":\"WebSite\",\"@id\":\"https:\/\/yncrea.fr\/#website\",\"url\":\"https:\/\/yncrea.fr\/\",\"name\":\"Yncr\u00e9a - Premier p\u00f4le priv\u00e9 associatif d&#039;\u00e9coles d&#039;ing\u00e9nieurs en France\",\"description\":\"Just another WordPress site\",\"potentialAction\":[{\"@type\":\"SearchAction\",\"target\":{\"@type\":\"EntryPoint\",\"urlTemplate\":\"https:\/\/yncrea.fr\/?s={search_term_string}\"},\"query-input\":\"required name=search_term_string\"}],\"inLanguage\":\"en-US\"}]}<\/script>\n<!-- \/ Yoast SEO plugin. -->","yoast_head_json":{"title":"Who does what ? - Yncr\u00e9a - Premier p\u00f4le priv\u00e9 associatif d&#039;\u00e9coles d&#039;ing\u00e9nieurs en France","robots":{"index":"index","follow":"follow","max-snippet":"max-snippet:-1","max-image-preview":"max-image-preview:large","max-video-preview":"max-video-preview:-1"},"canonical":"https:\/\/yncrea.fr\/en\/who-does-what\/","og_locale":"en_US","og_type":"article","og_title":"Who does what ? - Yncr\u00e9a - Premier p\u00f4le priv\u00e9 associatif d&#039;\u00e9coles d&#039;ing\u00e9nieurs en France","og_description":"Yncr\u00e9a coordinates the schools\u2019 development efforts: image, notoriety, institutional relations, recruitment, curriculum development, educational innovation, adaptation to businesses and territory\u2019s needs, &#8230; Yncr\u00e9a and the schools implement the projects jointly. Recruitment and graduation are carried out by the 5 schools, HEI, ISA, ISEN Lille, ISEN Ouest, ISEN M\u00e9diterran\u00e9e\u00a0and Yncr\u00e9a Maroc (moroccan diploma).","og_url":"https:\/\/yncrea.fr\/en\/who-does-what\/","og_site_name":"Yncr\u00e9a - Premier p\u00f4le priv\u00e9 associatif d&#039;\u00e9coles d&#039;ing\u00e9nieurs en France","article_modified_time":"2017-08-22T07:55:55+00:00","twitter_card":"summary_large_image","schema":{"@context":"https:\/\/schema.org","@graph":[{"@type":"WebPage","@id":"https:\/\/yncrea.fr\/en\/who-does-what\/","url":"https:\/\/yncrea.fr\/en\/who-does-what\/","name":"Who does what ? - Yncr\u00e9a - Premier p\u00f4le priv\u00e9 associatif d&#039;\u00e9coles d&#039;ing\u00e9nieurs en France","isPartOf":{"@id":"https:\/\/yncrea.fr\/#website"},"datePublished":"2017-01-25T14:59:04+00:00","dateModified":"2017-08-22T07:55:55+00:00","breadcrumb":{"@id":"https:\/\/yncrea.fr\/en\/who-does-what\/#breadcrumb"},"inLanguage":"en-US","potentialAction":[{"@type":"ReadAction","target":["https:\/\/yncrea.fr\/en\/who-does-what\/"]}]},{"@type":"BreadcrumbList","@id":"https:\/\/yncrea.fr\/en\/who-does-what\/#breadcrumb","itemListElement":[{"@type":"ListItem","position":1,"name":"Accueil","item":"https:\/\/yncrea.fr\/en\/"},{"@type":"ListItem","position":2,"name":"Presentation","item":"https:\/\/yncrea.fr\/en\/?page_id=592"},{"@type":"ListItem","position":3,"name":"Who does what ?"}]},{"@type":"WebSite","@id":"https:\/\/yncrea.fr\/#website","url":"https:\/\/yncrea.fr\/","name":"Yncr\u00e9a - Premier p\u00f4le priv\u00e9 associatif d&#039;\u00e9coles d&#039;ing\u00e9nieurs en France","description":"Just another WordPress site","potentialAction":[{"@type":"SearchAction","target":{"@type":"EntryPoint","urlTemplate":"https:\/\/yncrea.fr\/?s={search_term_string}"},"query-input":"required name=search_term_string"}],"inLanguage":"en-US"}]}},"_links":{"self":[{"href":"https:\/\/yncrea.fr\/en\/wp-json\/wp\/v2\/pages\/597","targetHints":{"allow":["GET"]}}],"collection":[{"href":"https:\/\/yncrea.fr\/en\/wp-json\/wp\/v2\/pages"}],"about":[{"href":"https:\/\/yncrea.fr\/en\/wp-json\/wp\/v2\/types\/page"}],"author":[{"embeddable":true,"href":"https:\/\/yncrea.fr\/en\/wp-json\/wp\/v2\/users\/4"}],"replies":[{"embeddable":true,"href":"https:\/\/yncrea.fr\/en\/wp-json\/wp\/v2\/comments?post=597"}],"version-history":[{"count":1,"href":"https:\/\/yncrea.fr\/en\/wp-json\/wp\/v2\/pages\/597\/revisions"}],"predecessor-version":[{"id":1053,"href":"https:\/\/yncrea.fr\/en\/wp-json\/wp\/v2\/pages\/597\/revisions\/1053"}],"up":[{"embeddable":true,"href":"https:\/\/yncrea.fr\/en\/wp-json\/wp\/v2\/pages\/592"}],"wp:attachment":[{"href":"https:\/\/yncrea.fr\/en\/wp-json\/wp\/v2\/media?parent=597"}],"wp:term":[{"taxonomy":"post_tag","embeddable":true,"href":"https:\/\/yncrea.fr\/en\/wp-json\/wp\/v2\/tags?post=597"}],"curies":[{"name":"wp","href":"https:\/\/api.w.org\/{rel}","templated":true}]}}