{"id":599,"date":"2017-01-25T14:59:04","date_gmt":"2017-01-25T14:59:04","guid":{"rendered":"https:\/\/yncrea.fr\/?page_id=599&#038;lang=en"},"modified":"2020-02-12T13:48:48","modified_gmt":"2020-02-12T13:48:48","slug":"key-figures","status":"publish","type":"page","link":"https:\/\/yncrea.fr\/en\/key-figures\/","title":{"rendered":"Key figures"},"content":{"rendered":"<p>6 schools (HEI, ISA, ISEN Lille, ISEN Ouest, ISEN M\u00e9diterran\u00e9e, Yncr\u00e9a Maroc)<\/p>\n<p>12 campuses (Brest, Caen, Ch\u00e2teauroux, Lille, Marseille, Nantes, N\u00eemes, Rabat, Rennes, Toulon)<\/p>\n<p>5 500 students, 1100 graduates per year<\/p>\n<p>96% placement rate within 6 months of graduation<\/p>\n<p>Average gross salary of 36 000 \u20ac per year<\/p>\n<p>500 teachers including 150 teacher-researchers<\/p>\n<p>33 research laboratories<\/p>\n<p>More than 300 peer reviewed publications per year<\/p>\n<p>27 000 alumni<\/p>\n<p>Over 400 international partnerships in more than 40 countries<\/p>\n<p>130 trustees on the schools and associations boards<\/p>\n","protected":false},"excerpt":{"rendered":"<p>6 schools (HEI, ISA, ISEN Lille, ISEN Ouest, ISEN M\u00e9diterran\u00e9e, Yncr\u00e9a Maroc) 12 campuses (Brest, Caen, Ch\u00e2teauroux, Lille, Marseille, Nantes, N\u00eemes, Rabat, Rennes, Toulon) 5 500 students, 1100 graduates per year 96% placement rate within 6 months of graduation Average gross salary of 36 000 \u20ac per year 500 teachers including 150 teacher-researchers 33 research [&hellip;]<\/p>\n","protected":false},"author":4,"featured_media":0,"parent":592,"menu_order":3,"comment_status":"closed","ping_status":"closed","template":"","meta":{"footnotes":""},"tags":[],"class_list":["post-599","page","type-page","status-publish","hentry"],"acf":[],"yoast_head":"<!-- This site is optimized with the Yoast SEO plugin v19.14 - https:\/\/yoast.com\/wordpress\/plugins\/seo\/ -->\n<title>Key figures - Yncr\u00e9a - Premier p\u00f4le priv\u00e9 associatif d&#039;\u00e9coles d&#039;ing\u00e9nieurs en France<\/title>\n<meta name=\"robots\" content=\"index, follow, max-snippet:-1, max-image-preview:large, max-video-preview:-1\" \/>\n<link rel=\"canonical\" href=\"https:\/\/yncrea.fr\/en\/key-figures\/\" \/>\n<meta property=\"og:locale\" content=\"en_US\" \/>\n<meta property=\"og:type\" content=\"article\" \/>\n<meta property=\"og:title\" content=\"Key figures - Yncr\u00e9a - Premier p\u00f4le priv\u00e9 associatif d&#039;\u00e9coles d&#039;ing\u00e9nieurs en France\" \/>\n<meta property=\"og:description\" content=\"6 schools (HEI, ISA, ISEN Lille, ISEN Ouest, ISEN M\u00e9diterran\u00e9e, Yncr\u00e9a Maroc) 12 campuses (Brest, Caen, Ch\u00e2teauroux, Lille, Marseille, Nantes, N\u00eemes, Rabat, Rennes, Toulon) 5 500 students, 1100 graduates per year 96% placement rate within 6 months of graduation Average gross salary of 36 000 \u20ac per year 500 teachers including 150 teacher-researchers 33 research [&hellip;]\" \/>\n<meta property=\"og:url\" content=\"https:\/\/yncrea.fr\/en\/key-figures\/\" \/>\n<meta property=\"og:site_name\" content=\"Yncr\u00e9a - Premier p\u00f4le priv\u00e9 associatif d&#039;\u00e9coles d&#039;ing\u00e9nieurs en France\" \/>\n<meta property=\"article:modified_time\" content=\"2020-02-12T13:48:48+00:00\" \/>\n<meta name=\"twitter:card\" content=\"summary_large_image\" \/>\n<script type=\"application\/ld+json\" class=\"yoast-schema-graph\">{\"@context\":\"https:\/\/schema.org\",\"@graph\":[{\"@type\":\"WebPage\",\"@id\":\"https:\/\/yncrea.fr\/en\/key-figures\/\",\"url\":\"https:\/\/yncrea.fr\/en\/key-figures\/\",\"name\":\"Key figures - Yncr\u00e9a - Premier p\u00f4le priv\u00e9 associatif d&#039;\u00e9coles d&#039;ing\u00e9nieurs en France\",\"isPartOf\":{\"@id\":\"https:\/\/yncrea.fr\/#website\"},\"datePublished\":\"2017-01-25T14:59:04+00:00\",\"dateModified\":\"2020-02-12T13:48:48+00:00\",\"breadcrumb\":{\"@id\":\"https:\/\/yncrea.fr\/en\/key-figures\/#breadcrumb\"},\"inLanguage\":\"en-US\",\"potentialAction\":[{\"@type\":\"ReadAction\",\"target\":[\"https:\/\/yncrea.fr\/en\/key-figures\/\"]}]},{\"@type\":\"BreadcrumbList\",\"@id\":\"https:\/\/yncrea.fr\/en\/key-figures\/#breadcrumb\",\"itemListElement\":[{\"@type\":\"ListItem\",\"position\":1,\"name\":\"Accueil\",\"item\":\"https:\/\/yncrea.fr\/en\/\"},{\"@type\":\"ListItem\",\"position\":2,\"name\":\"Presentation\",\"item\":\"https:\/\/yncrea.fr\/en\/?page_id=592\"},{\"@type\":\"ListItem\",\"position\":3,\"name\":\"Key figures\"}]},{\"@type\":\"WebSite\",\"@id\":\"https:\/\/yncrea.fr\/#website\",\"url\":\"https:\/\/yncrea.fr\/\",\"name\":\"Yncr\u00e9a - Premier p\u00f4le priv\u00e9 associatif d&#039;\u00e9coles d&#039;ing\u00e9nieurs en France\",\"description\":\"Just another WordPress site\",\"potentialAction\":[{\"@type\":\"SearchAction\",\"target\":{\"@type\":\"EntryPoint\",\"urlTemplate\":\"https:\/\/yncrea.fr\/?s={search_term_string}\"},\"query-input\":\"required name=search_term_string\"}],\"inLanguage\":\"en-US\"}]}<\/script>\n<!-- \/ Yoast SEO plugin. -->","yoast_head_json":{"title":"Key figures - Yncr\u00e9a - Premier p\u00f4le priv\u00e9 associatif d&#039;\u00e9coles d&#039;ing\u00e9nieurs en France","robots":{"index":"index","follow":"follow","max-snippet":"max-snippet:-1","max-image-preview":"max-image-preview:large","max-video-preview":"max-video-preview:-1"},"canonical":"https:\/\/yncrea.fr\/en\/key-figures\/","og_locale":"en_US","og_type":"article","og_title":"Key figures - Yncr\u00e9a - Premier p\u00f4le priv\u00e9 associatif d&#039;\u00e9coles d&#039;ing\u00e9nieurs en France","og_description":"6 schools (HEI, ISA, ISEN Lille, ISEN Ouest, ISEN M\u00e9diterran\u00e9e, Yncr\u00e9a Maroc) 12 campuses (Brest, Caen, Ch\u00e2teauroux, Lille, Marseille, Nantes, N\u00eemes, Rabat, Rennes, Toulon) 5 500 students, 1100 graduates per year 96% placement rate within 6 months of graduation Average gross salary of 36 000 \u20ac per year 500 teachers including 150 teacher-researchers 33 research [&hellip;]","og_url":"https:\/\/yncrea.fr\/en\/key-figures\/","og_site_name":"Yncr\u00e9a - Premier p\u00f4le priv\u00e9 associatif d&#039;\u00e9coles d&#039;ing\u00e9nieurs en France","article_modified_time":"2020-02-12T13:48:48+00:00","twitter_card":"summary_large_image","schema":{"@context":"https:\/\/schema.org","@graph":[{"@type":"WebPage","@id":"https:\/\/yncrea.fr\/en\/key-figures\/","url":"https:\/\/yncrea.fr\/en\/key-figures\/","name":"Key figures - Yncr\u00e9a - Premier p\u00f4le priv\u00e9 associatif d&#039;\u00e9coles d&#039;ing\u00e9nieurs en France","isPartOf":{"@id":"https:\/\/yncrea.fr\/#website"},"datePublished":"2017-01-25T14:59:04+00:00","dateModified":"2020-02-12T13:48:48+00:00","breadcrumb":{"@id":"https:\/\/yncrea.fr\/en\/key-figures\/#breadcrumb"},"inLanguage":"en-US","potentialAction":[{"@type":"ReadAction","target":["https:\/\/yncrea.fr\/en\/key-figures\/"]}]},{"@type":"BreadcrumbList","@id":"https:\/\/yncrea.fr\/en\/key-figures\/#breadcrumb","itemListElement":[{"@type":"ListItem","position":1,"name":"Accueil","item":"https:\/\/yncrea.fr\/en\/"},{"@type":"ListItem","position":2,"name":"Presentation","item":"https:\/\/yncrea.fr\/en\/?page_id=592"},{"@type":"ListItem","position":3,"name":"Key figures"}]},{"@type":"WebSite","@id":"https:\/\/yncrea.fr\/#website","url":"https:\/\/yncrea.fr\/","name":"Yncr\u00e9a - Premier p\u00f4le priv\u00e9 associatif d&#039;\u00e9coles d&#039;ing\u00e9nieurs en France","description":"Just another WordPress site","potentialAction":[{"@type":"SearchAction","target":{"@type":"EntryPoint","urlTemplate":"https:\/\/yncrea.fr\/?s={search_term_string}"},"query-input":"required name=search_term_string"}],"inLanguage":"en-US"}]}},"_links":{"self":[{"href":"https:\/\/yncrea.fr\/en\/wp-json\/wp\/v2\/pages\/599","targetHints":{"allow":["GET"]}}],"collection":[{"href":"https:\/\/yncrea.fr\/en\/wp-json\/wp\/v2\/pages"}],"about":[{"href":"https:\/\/yncrea.fr\/en\/wp-json\/wp\/v2\/types\/page"}],"author":[{"embeddable":true,"href":"https:\/\/yncrea.fr\/en\/wp-json\/wp\/v2\/users\/4"}],"replies":[{"embeddable":true,"href":"https:\/\/yncrea.fr\/en\/wp-json\/wp\/v2\/comments?post=599"}],"version-history":[{"count":1,"href":"https:\/\/yncrea.fr\/en\/wp-json\/wp\/v2\/pages\/599\/revisions"}],"predecessor-version":[{"id":1992,"href":"https:\/\/yncrea.fr\/en\/wp-json\/wp\/v2\/pages\/599\/revisions\/1992"}],"up":[{"embeddable":true,"href":"https:\/\/yncrea.fr\/en\/wp-json\/wp\/v2\/pages\/592"}],"wp:attachment":[{"href":"https:\/\/yncrea.fr\/en\/wp-json\/wp\/v2\/media?parent=599"}],"wp:term":[{"taxonomy":"post_tag","embeddable":true,"href":"https:\/\/yncrea.fr\/en\/wp-json\/wp\/v2\/tags?post=599"}],"curies":[{"name":"wp","href":"https:\/\/api.w.org\/{rel}","templated":true}]}}