{"id":603,"date":"2017-03-03T11:03:02","date_gmt":"2017-03-03T11:03:02","guid":{"rendered":"https:\/\/yncrea.fr\/?page_id=603&#038;lang=en"},"modified":"2017-03-03T11:03:02","modified_gmt":"2017-03-03T11:03:02","slug":"some-projects","status":"publish","type":"page","link":"https:\/\/yncrea.fr\/en\/some-projects\/","title":{"rendered":"Some projects"},"content":{"rendered":"<p>Yncr\u00e9a facilitates the implementation and sharing of projects between its schools. These projects are the realization of its missions and ambitions. Among these :<\/p>\n<ul class=\"sibling-pages\">\n<li class=\"\"><a href=\"https:\/\/yncrea.fr\/en\/adicite\/\">ADICIT\u00c9<\/a><\/li>\n<li class=\"\"><a href=\"https:\/\/yncrea.fr\/en\/adicode\/\">ADICODE<\/a><\/li>\n<li class=\"\"><a href=\"https:\/\/yncrea.fr\/en\/precision-agriculture\/\">PRECISION AGRICULTURE<\/a><\/li>\n<li class=\"\"><a href=\"https:\/\/yncrea.fr\/en\/urban-agriculture\/\">URBAN AGRICULTURE<\/a><\/li>\n<li class=\"\"><a href=\"https:\/\/yncrea.fr\/en\/co-creation-lab\/\">CO-CREATION LAB<\/a><\/li>\n<li class=\"\"><a href=\"https:\/\/yncrea.fr\/en\/educat\/\">EDUCAT<\/a><\/li>\n<li class=\"\"><a href=\"https:\/\/yncrea.fr\/en\/energy-habitat-environment\/\">ENERGY-HABITAT-ENVIRONMENT<\/a><\/li>\n<li class=\"\"><a href=\"https:\/\/yncrea.fr\/en\/fr2i\/\">FR2I<\/a><\/li>\n<li class=\"\"><a href=\"https:\/\/yncrea.fr\/en\/internet-of-things\/\">INTERNET OF THINGS<\/a><\/li>\n<li class=\"\"><a href=\"https:\/\/yncrea.fr\/en\/home-connected\/\">HOME CONNECTED<\/a><\/li>\n<li class=\"\"><a href=\"https:\/\/yncrea.fr\/en\/sea-test-base-platform\/\">SEA TEST BASE PLATFORM<\/a><\/li>\n<li class=\"\"><a href=\"https:\/\/yncrea.fr\/en\/ubiquitous-search\/\">UBIQUITOUS SEARCH<\/a><\/li>\n<\/ul>\n","protected":false},"excerpt":{"rendered":"<p>Yncr\u00e9a facilitates the implementation and sharing of projects between its schools. These projects are the realization of its missions and ambitions. Among these : ADICIT\u00c9 ADICODE PRECISION AGRICULTURE URBAN AGRICULTURE CO-CREATION LAB EDUCAT ENERGY-HABITAT-ENVIRONMENT FR2I INTERNET OF THINGS HOME CONNECTED SEA TEST BASE PLATFORM UBIQUITOUS SEARCH<\/p>\n","protected":false},"author":4,"featured_media":0,"parent":0,"menu_order":0,"comment_status":"closed","ping_status":"closed","template":"","meta":{"footnotes":""},"tags":[],"class_list":["post-603","page","type-page","status-publish","hentry"],"acf":[],"yoast_head":"<!-- This site is optimized with the Yoast SEO plugin v19.14 - https:\/\/yoast.com\/wordpress\/plugins\/seo\/ -->\n<title>Some projects - Yncr\u00e9a - Premier p\u00f4le priv\u00e9 associatif d&#039;\u00e9coles d&#039;ing\u00e9nieurs en France<\/title>\n<meta name=\"robots\" content=\"index, follow, max-snippet:-1, max-image-preview:large, max-video-preview:-1\" \/>\n<link rel=\"canonical\" href=\"https:\/\/yncrea.fr\/en\/some-projects\/\" \/>\n<meta property=\"og:locale\" content=\"en_US\" \/>\n<meta property=\"og:type\" content=\"article\" \/>\n<meta property=\"og:title\" content=\"Some projects - Yncr\u00e9a - Premier p\u00f4le priv\u00e9 associatif d&#039;\u00e9coles d&#039;ing\u00e9nieurs en France\" \/>\n<meta property=\"og:description\" content=\"Yncr\u00e9a facilitates the implementation and sharing of projects between its schools. These projects are the realization of its missions and ambitions. Among these : ADICIT\u00c9 ADICODE PRECISION AGRICULTURE URBAN AGRICULTURE CO-CREATION LAB EDUCAT ENERGY-HABITAT-ENVIRONMENT FR2I INTERNET OF THINGS HOME CONNECTED SEA TEST BASE PLATFORM UBIQUITOUS SEARCH\" \/>\n<meta property=\"og:url\" content=\"https:\/\/yncrea.fr\/en\/some-projects\/\" \/>\n<meta property=\"og:site_name\" content=\"Yncr\u00e9a - Premier p\u00f4le priv\u00e9 associatif d&#039;\u00e9coles d&#039;ing\u00e9nieurs en France\" \/>\n<meta name=\"twitter:card\" content=\"summary_large_image\" \/>\n<script type=\"application\/ld+json\" class=\"yoast-schema-graph\">{\"@context\":\"https:\/\/schema.org\",\"@graph\":[{\"@type\":\"WebPage\",\"@id\":\"https:\/\/yncrea.fr\/en\/some-projects\/\",\"url\":\"https:\/\/yncrea.fr\/en\/some-projects\/\",\"name\":\"Some projects - Yncr\u00e9a - Premier p\u00f4le priv\u00e9 associatif d&#039;\u00e9coles d&#039;ing\u00e9nieurs en France\",\"isPartOf\":{\"@id\":\"https:\/\/yncrea.fr\/#website\"},\"datePublished\":\"2017-03-03T11:03:02+00:00\",\"dateModified\":\"2017-03-03T11:03:02+00:00\",\"breadcrumb\":{\"@id\":\"https:\/\/yncrea.fr\/en\/some-projects\/#breadcrumb\"},\"inLanguage\":\"en-US\",\"potentialAction\":[{\"@type\":\"ReadAction\",\"target\":[\"https:\/\/yncrea.fr\/en\/some-projects\/\"]}]},{\"@type\":\"BreadcrumbList\",\"@id\":\"https:\/\/yncrea.fr\/en\/some-projects\/#breadcrumb\",\"itemListElement\":[{\"@type\":\"ListItem\",\"position\":1,\"name\":\"Accueil\",\"item\":\"https:\/\/yncrea.fr\/en\/\"},{\"@type\":\"ListItem\",\"position\":2,\"name\":\"Some projects\"}]},{\"@type\":\"WebSite\",\"@id\":\"https:\/\/yncrea.fr\/#website\",\"url\":\"https:\/\/yncrea.fr\/\",\"name\":\"Yncr\u00e9a - Premier p\u00f4le priv\u00e9 associatif d&#039;\u00e9coles d&#039;ing\u00e9nieurs en France\",\"description\":\"Just another WordPress site\",\"potentialAction\":[{\"@type\":\"SearchAction\",\"target\":{\"@type\":\"EntryPoint\",\"urlTemplate\":\"https:\/\/yncrea.fr\/?s={search_term_string}\"},\"query-input\":\"required name=search_term_string\"}],\"inLanguage\":\"en-US\"}]}<\/script>\n<!-- \/ Yoast SEO plugin. -->","yoast_head_json":{"title":"Some projects - Yncr\u00e9a - Premier p\u00f4le priv\u00e9 associatif d&#039;\u00e9coles d&#039;ing\u00e9nieurs en France","robots":{"index":"index","follow":"follow","max-snippet":"max-snippet:-1","max-image-preview":"max-image-preview:large","max-video-preview":"max-video-preview:-1"},"canonical":"https:\/\/yncrea.fr\/en\/some-projects\/","og_locale":"en_US","og_type":"article","og_title":"Some projects - Yncr\u00e9a - Premier p\u00f4le priv\u00e9 associatif d&#039;\u00e9coles d&#039;ing\u00e9nieurs en France","og_description":"Yncr\u00e9a facilitates the implementation and sharing of projects between its schools. These projects are the realization of its missions and ambitions. Among these : ADICIT\u00c9 ADICODE PRECISION AGRICULTURE URBAN AGRICULTURE CO-CREATION LAB EDUCAT ENERGY-HABITAT-ENVIRONMENT FR2I INTERNET OF THINGS HOME CONNECTED SEA TEST BASE PLATFORM UBIQUITOUS SEARCH","og_url":"https:\/\/yncrea.fr\/en\/some-projects\/","og_site_name":"Yncr\u00e9a - Premier p\u00f4le priv\u00e9 associatif d&#039;\u00e9coles d&#039;ing\u00e9nieurs en France","twitter_card":"summary_large_image","schema":{"@context":"https:\/\/schema.org","@graph":[{"@type":"WebPage","@id":"https:\/\/yncrea.fr\/en\/some-projects\/","url":"https:\/\/yncrea.fr\/en\/some-projects\/","name":"Some projects - Yncr\u00e9a - Premier p\u00f4le priv\u00e9 associatif d&#039;\u00e9coles d&#039;ing\u00e9nieurs en France","isPartOf":{"@id":"https:\/\/yncrea.fr\/#website"},"datePublished":"2017-03-03T11:03:02+00:00","dateModified":"2017-03-03T11:03:02+00:00","breadcrumb":{"@id":"https:\/\/yncrea.fr\/en\/some-projects\/#breadcrumb"},"inLanguage":"en-US","potentialAction":[{"@type":"ReadAction","target":["https:\/\/yncrea.fr\/en\/some-projects\/"]}]},{"@type":"BreadcrumbList","@id":"https:\/\/yncrea.fr\/en\/some-projects\/#breadcrumb","itemListElement":[{"@type":"ListItem","position":1,"name":"Accueil","item":"https:\/\/yncrea.fr\/en\/"},{"@type":"ListItem","position":2,"name":"Some projects"}]},{"@type":"WebSite","@id":"https:\/\/yncrea.fr\/#website","url":"https:\/\/yncrea.fr\/","name":"Yncr\u00e9a - Premier p\u00f4le priv\u00e9 associatif d&#039;\u00e9coles d&#039;ing\u00e9nieurs en France","description":"Just another WordPress site","potentialAction":[{"@type":"SearchAction","target":{"@type":"EntryPoint","urlTemplate":"https:\/\/yncrea.fr\/?s={search_term_string}"},"query-input":"required name=search_term_string"}],"inLanguage":"en-US"}]}},"_links":{"self":[{"href":"https:\/\/yncrea.fr\/en\/wp-json\/wp\/v2\/pages\/603","targetHints":{"allow":["GET"]}}],"collection":[{"href":"https:\/\/yncrea.fr\/en\/wp-json\/wp\/v2\/pages"}],"about":[{"href":"https:\/\/yncrea.fr\/en\/wp-json\/wp\/v2\/types\/page"}],"author":[{"embeddable":true,"href":"https:\/\/yncrea.fr\/en\/wp-json\/wp\/v2\/users\/4"}],"replies":[{"embeddable":true,"href":"https:\/\/yncrea.fr\/en\/wp-json\/wp\/v2\/comments?post=603"}],"version-history":[{"count":1,"href":"https:\/\/yncrea.fr\/en\/wp-json\/wp\/v2\/pages\/603\/revisions"}],"predecessor-version":[{"id":908,"href":"https:\/\/yncrea.fr\/en\/wp-json\/wp\/v2\/pages\/603\/revisions\/908"}],"wp:attachment":[{"href":"https:\/\/yncrea.fr\/en\/wp-json\/wp\/v2\/media?parent=603"}],"wp:term":[{"taxonomy":"post_tag","embeddable":true,"href":"https:\/\/yncrea.fr\/en\/wp-json\/wp\/v2\/tags?post=603"}],"curies":[{"name":"wp","href":"https:\/\/api.w.org\/{rel}","templated":true}]}}