{"id":605,"date":"2017-03-03T10:46:00","date_gmt":"2017-03-03T10:46:00","guid":{"rendered":"https:\/\/yncrea.fr\/?page_id=605&#038;lang=en"},"modified":"2017-03-03T10:46:00","modified_gmt":"2017-03-03T10:46:00","slug":"adicite","status":"publish","type":"page","link":"https:\/\/yncrea.fr\/en\/some-projects\/adicite\/","title":{"rendered":"ADICIT\u00c9"},"content":{"rendered":"<p><span id=\"result_box\" class=\"\" lang=\"en\"><span title=\"ADICITE\u00ae (ateliers de l\u2019innovation de la ville en transition \u00e9nerg\u00e9tique et soci\u00e9tale) \">ADICITE\u00ae (city innovation workshops in energy and societal transition)<\/span><\/span><\/p>\n<p><span title=\"ADICIT\u00c9\u00ae est un projet qui traduit l'ambition d'Yncr\u00e9a Hauts-de-France d'accompagner l'innovation dans les entreprises, en s'appuyant sur ses domaines d'activit\u00e9s strat\u00e9giques : l'international, la recherche, la formation et\">ADICIT\u00c9\u00ae is a project that reflects the ambition of Yncr\u00e9a Hauts-de-France to support innovation in companies, building on its strategic areas of activity: international research, training and <\/span><span title=\"les relations avec les entreprises. \">Relations with companies.<\/span><\/p>\n<p><span title=\"Cette d\u00e9marche transdisciplinaire soutient et contribue au d\u00e9veloppement du projet REV3 (Troisi\u00e8me r\u00e9volution industrielle) men\u00e9 par la R\u00e9gion Hauts-de-France et par des acteurs tels que l'Universit\u00e9 Catholique de Lille avec le projet \u00ab Live Tree \u00bb, la M\u00e9tropole europ\u00e9enne de Lille\">This transdisciplinary approach supports and contributes to the development of the REV3 (Third Industrial Revolution) project led by the Hauts-de-France region and by actors such as the Catholic University of Lille with the &#8220;Live Tree&#8221; project, the Lille European Metropolis <\/span><span title=\"dans le cadre du projet \u00ab You and Grid \u00bb (So Mel so connected), ou encore le p\u00f4le MEDEE (Ma\u00eetrise Energ\u00e9tique des Entrainements Electriques) avec le projet \u00ab Powergrid Campus \u00bb.\">As part of the &#8220;You and Grid&#8221; (So Mel so connected) project, and the &#8220;Powergrid Campus&#8221; project, the MEDEE pole (Ma\u00eetrise Energ\u00e9tique des Entrainements Electriques). <\/span><span title=\"(lien vers site \u00e0 mettre) \">(Link to site to put)<\/span><\/p>\n<p><span title=\"Le projet ADICITE\u00ae s\u2019inscrit dans les enjeux combin\u00e9s des villes intelligentes et durables et ceux de la transition \u00e9nerg\u00e9tique.\">The ADICITE\u00ae project is part of the combined challenges of intelligent and sustainable cities and those of energy transition. <\/span><span title=\"Ces enjeux se pensent de fa\u00e7on globale en empruntant aux principes de l\u2019\u00e9conomie circulaire, de l\u2019\u00e9co-conception et de l\u2019\u00e9conomie de la fonctionnalit\u00e9\u2026 Il int\u00e8gre : \u00a0\u00a0\u00a0\u00a0\">These challenges are thought globally by borrowing from the principles of circular economy, eco-design and economics of functionality &#8230; It integrates:<\/span><\/p>\n<p><span title=\"une chaire de recherche \u00ab Energie Habitat Environnement \u00bb, \u00a0\u00a0\u00a0\u00a0\">An &#8220;Energie Habitat Environnement&#8221; research chair,<br \/>\n<\/span><span title=\"une communaut\u00e9 ADICITE\u00ae (entreprises, scientifiques, \u00e9tudiants, \u2026), \u00a0\u00a0\u00a0\u00a0\">An ADICITE\u00ae community (companies, scientists, students, &#8230;),<br \/>\n<\/span><span title=\"une offre de \u00ab d\u00e9monstrateurs \u00bb au niveau des laboratoires et b\u00e2timents d'Yncr\u00e9a Hauts-de-France mais aussi sur le terrain de jeu que constitue le p\u00e9rim\u00e8tre des activit\u00e9s de l'Universit\u00e9 Catholique de Lille dans le quartier de ville Vauban-Esquermes \u00e0 Lille\">An offer of &#8220;demonstrators&#8221; at the level of the laboratories and buildings of Yncr\u00e9a Hauts-de-France but also on the playground that constitutes the perimeter of the activities of the Catholic University of Lille in the city quarter Vauban-Esquermes in Lille <\/span><span title=\"(th\u00e9matiques autour des \u00ab R\u00e9seaux intelligents et \u00e9nergies distribu\u00e9es \u00bb et de \u00ab Urban Farming \u00bb), \u00a0\u00a0\u00a0\u00a0\">(Themes around &#8220;Intelligent Networks and Distributed Energy&#8221; and &#8220;Urban Farming&#8221;),<br \/>\n<\/span><span title=\"des offres de formation en cycle ing\u00e9nieur, en particulier la formation \u00ab Smart Cities \u00bb propos\u00e9es par HEI (2 ans de Master en cycle ing\u00e9nieur 100% en anglais), \u00a0\u00a0\u00a0\u00a0\">Of the training offers in the engineer cycle, in particular the &#8220;Smart Cities&#8221; course offered by HEI (2 years of Master in engineering cycle in English),<br \/>\n<\/span><span title=\"des modalit\u00e9s traditionnelles de coop\u00e9ration avec les entreprises sous les formats projets d\u2019\u00e9tudiants tutor\u00e9s (CoElab, EWP, \u2026), formation continue, consulting, \u2026\">Traditional methods of cooperation with companies under the tutored student project formats (CoElab, EWP, &#8230;), continuing education, consulting, &#8230;<\/span><\/p>\n","protected":false},"excerpt":{"rendered":"<p>ADICITE\u00ae (city innovation workshops in energy and societal transition) ADICIT\u00c9\u00ae is a project that reflects the ambition of Yncr\u00e9a Hauts-de-France to support innovation in companies, building on its strategic areas of activity: international research, training and Relations with companies. This transdisciplinary approach supports and contributes to the development of the REV3 (Third Industrial Revolution) project [&hellip;]<\/p>\n","protected":false},"author":4,"featured_media":0,"parent":603,"menu_order":0,"comment_status":"closed","ping_status":"closed","template":"","meta":{"footnotes":""},"tags":[],"class_list":["post-605","page","type-page","status-publish","hentry"],"acf":[],"yoast_head":"<!-- This site is optimized with the Yoast SEO plugin v19.14 - https:\/\/yoast.com\/wordpress\/plugins\/seo\/ -->\n<title>ADICIT\u00c9 - Yncr\u00e9a - Premier p\u00f4le priv\u00e9 associatif d&#039;\u00e9coles d&#039;ing\u00e9nieurs en France<\/title>\n<meta name=\"robots\" content=\"index, follow, max-snippet:-1, max-image-preview:large, max-video-preview:-1\" \/>\n<link rel=\"canonical\" href=\"https:\/\/yncrea.fr\/en\/some-projects\/adicite\/\" \/>\n<meta property=\"og:locale\" content=\"en_US\" \/>\n<meta property=\"og:type\" content=\"article\" \/>\n<meta property=\"og:title\" content=\"ADICIT\u00c9 - Yncr\u00e9a - Premier p\u00f4le priv\u00e9 associatif d&#039;\u00e9coles d&#039;ing\u00e9nieurs en France\" \/>\n<meta property=\"og:description\" content=\"ADICITE\u00ae (city innovation workshops in energy and societal transition) ADICIT\u00c9\u00ae is a project that reflects the ambition of Yncr\u00e9a Hauts-de-France to support innovation in companies, building on its strategic areas of activity: international research, training and Relations with companies. This transdisciplinary approach supports and contributes to the development of the REV3 (Third Industrial Revolution) project [&hellip;]\" \/>\n<meta property=\"og:url\" content=\"https:\/\/yncrea.fr\/en\/some-projects\/adicite\/\" \/>\n<meta property=\"og:site_name\" content=\"Yncr\u00e9a - Premier p\u00f4le priv\u00e9 associatif d&#039;\u00e9coles d&#039;ing\u00e9nieurs en France\" \/>\n<meta name=\"twitter:card\" content=\"summary_large_image\" \/>\n<meta name=\"twitter:label1\" content=\"Est. reading time\" \/>\n\t<meta name=\"twitter:data1\" content=\"1 minute\" \/>\n<script type=\"application\/ld+json\" class=\"yoast-schema-graph\">{\"@context\":\"https:\/\/schema.org\",\"@graph\":[{\"@type\":\"WebPage\",\"@id\":\"https:\/\/yncrea.fr\/en\/some-projects\/adicite\/\",\"url\":\"https:\/\/yncrea.fr\/en\/some-projects\/adicite\/\",\"name\":\"ADICIT\u00c9 - Yncr\u00e9a - Premier p\u00f4le priv\u00e9 associatif d&#039;\u00e9coles d&#039;ing\u00e9nieurs en France\",\"isPartOf\":{\"@id\":\"https:\/\/yncrea.fr\/#website\"},\"datePublished\":\"2017-03-03T10:46:00+00:00\",\"dateModified\":\"2017-03-03T10:46:00+00:00\",\"breadcrumb\":{\"@id\":\"https:\/\/yncrea.fr\/en\/some-projects\/adicite\/#breadcrumb\"},\"inLanguage\":\"en-US\",\"potentialAction\":[{\"@type\":\"ReadAction\",\"target\":[\"https:\/\/yncrea.fr\/en\/some-projects\/adicite\/\"]}]},{\"@type\":\"BreadcrumbList\",\"@id\":\"https:\/\/yncrea.fr\/en\/some-projects\/adicite\/#breadcrumb\",\"itemListElement\":[{\"@type\":\"ListItem\",\"position\":1,\"name\":\"Accueil\",\"item\":\"https:\/\/yncrea.fr\/en\/\"},{\"@type\":\"ListItem\",\"position\":2,\"name\":\"Some projects\",\"item\":\"https:\/\/yncrea.fr\/en\/some-projects\/\"},{\"@type\":\"ListItem\",\"position\":3,\"name\":\"ADICIT\u00c9\"}]},{\"@type\":\"WebSite\",\"@id\":\"https:\/\/yncrea.fr\/#website\",\"url\":\"https:\/\/yncrea.fr\/\",\"name\":\"Yncr\u00e9a - Premier p\u00f4le priv\u00e9 associatif d&#039;\u00e9coles d&#039;ing\u00e9nieurs en France\",\"description\":\"Just another WordPress site\",\"potentialAction\":[{\"@type\":\"SearchAction\",\"target\":{\"@type\":\"EntryPoint\",\"urlTemplate\":\"https:\/\/yncrea.fr\/?s={search_term_string}\"},\"query-input\":\"required name=search_term_string\"}],\"inLanguage\":\"en-US\"}]}<\/script>\n<!-- \/ Yoast SEO plugin. -->","yoast_head_json":{"title":"ADICIT\u00c9 - Yncr\u00e9a - Premier p\u00f4le priv\u00e9 associatif d&#039;\u00e9coles d&#039;ing\u00e9nieurs en France","robots":{"index":"index","follow":"follow","max-snippet":"max-snippet:-1","max-image-preview":"max-image-preview:large","max-video-preview":"max-video-preview:-1"},"canonical":"https:\/\/yncrea.fr\/en\/some-projects\/adicite\/","og_locale":"en_US","og_type":"article","og_title":"ADICIT\u00c9 - Yncr\u00e9a - Premier p\u00f4le priv\u00e9 associatif d&#039;\u00e9coles d&#039;ing\u00e9nieurs en France","og_description":"ADICITE\u00ae (city innovation workshops in energy and societal transition) ADICIT\u00c9\u00ae is a project that reflects the ambition of Yncr\u00e9a Hauts-de-France to support innovation in companies, building on its strategic areas of activity: international research, training and Relations with companies. This transdisciplinary approach supports and contributes to the development of the REV3 (Third Industrial Revolution) project [&hellip;]","og_url":"https:\/\/yncrea.fr\/en\/some-projects\/adicite\/","og_site_name":"Yncr\u00e9a - Premier p\u00f4le priv\u00e9 associatif d&#039;\u00e9coles d&#039;ing\u00e9nieurs en France","twitter_card":"summary_large_image","twitter_misc":{"Est. reading time":"1 minute"},"schema":{"@context":"https:\/\/schema.org","@graph":[{"@type":"WebPage","@id":"https:\/\/yncrea.fr\/en\/some-projects\/adicite\/","url":"https:\/\/yncrea.fr\/en\/some-projects\/adicite\/","name":"ADICIT\u00c9 - Yncr\u00e9a - Premier p\u00f4le priv\u00e9 associatif d&#039;\u00e9coles d&#039;ing\u00e9nieurs en France","isPartOf":{"@id":"https:\/\/yncrea.fr\/#website"},"datePublished":"2017-03-03T10:46:00+00:00","dateModified":"2017-03-03T10:46:00+00:00","breadcrumb":{"@id":"https:\/\/yncrea.fr\/en\/some-projects\/adicite\/#breadcrumb"},"inLanguage":"en-US","potentialAction":[{"@type":"ReadAction","target":["https:\/\/yncrea.fr\/en\/some-projects\/adicite\/"]}]},{"@type":"BreadcrumbList","@id":"https:\/\/yncrea.fr\/en\/some-projects\/adicite\/#breadcrumb","itemListElement":[{"@type":"ListItem","position":1,"name":"Accueil","item":"https:\/\/yncrea.fr\/en\/"},{"@type":"ListItem","position":2,"name":"Some projects","item":"https:\/\/yncrea.fr\/en\/some-projects\/"},{"@type":"ListItem","position":3,"name":"ADICIT\u00c9"}]},{"@type":"WebSite","@id":"https:\/\/yncrea.fr\/#website","url":"https:\/\/yncrea.fr\/","name":"Yncr\u00e9a - Premier p\u00f4le priv\u00e9 associatif d&#039;\u00e9coles d&#039;ing\u00e9nieurs en France","description":"Just another WordPress site","potentialAction":[{"@type":"SearchAction","target":{"@type":"EntryPoint","urlTemplate":"https:\/\/yncrea.fr\/?s={search_term_string}"},"query-input":"required name=search_term_string"}],"inLanguage":"en-US"}]}},"_links":{"self":[{"href":"https:\/\/yncrea.fr\/en\/wp-json\/wp\/v2\/pages\/605","targetHints":{"allow":["GET"]}}],"collection":[{"href":"https:\/\/yncrea.fr\/en\/wp-json\/wp\/v2\/pages"}],"about":[{"href":"https:\/\/yncrea.fr\/en\/wp-json\/wp\/v2\/types\/page"}],"author":[{"embeddable":true,"href":"https:\/\/yncrea.fr\/en\/wp-json\/wp\/v2\/users\/4"}],"replies":[{"embeddable":true,"href":"https:\/\/yncrea.fr\/en\/wp-json\/wp\/v2\/comments?post=605"}],"version-history":[{"count":1,"href":"https:\/\/yncrea.fr\/en\/wp-json\/wp\/v2\/pages\/605\/revisions"}],"predecessor-version":[{"id":893,"href":"https:\/\/yncrea.fr\/en\/wp-json\/wp\/v2\/pages\/605\/revisions\/893"}],"up":[{"embeddable":true,"href":"https:\/\/yncrea.fr\/en\/wp-json\/wp\/v2\/pages\/603"}],"wp:attachment":[{"href":"https:\/\/yncrea.fr\/en\/wp-json\/wp\/v2\/media?parent=605"}],"wp:term":[{"taxonomy":"post_tag","embeddable":true,"href":"https:\/\/yncrea.fr\/en\/wp-json\/wp\/v2\/tags?post=605"}],"curies":[{"name":"wp","href":"https:\/\/api.w.org\/{rel}","templated":true}]}}