{"id":607,"date":"2017-03-03T10:47:29","date_gmt":"2017-03-03T10:47:29","guid":{"rendered":"https:\/\/yncrea.fr\/?page_id=607&#038;lang=en"},"modified":"2017-03-03T10:47:29","modified_gmt":"2017-03-03T10:47:29","slug":"adicode","status":"publish","type":"page","link":"https:\/\/yncrea.fr\/en\/some-projects\/adicode\/","title":{"rendered":"ADICODE"},"content":{"rendered":"<p><span id=\"result_box\" class=\"\" lang=\"en\"><span title=\"Les activit\u00e9s p\u00e9dagogiques, de recherche et d'expertise autour de la co-\u00e9laboration d'innovations, du codesign et du management de l'innovation, port\u00e9es par Yncr\u00e9a Hauts-de-France sont regroup\u00e9es dans un dispositif global, promu autour d'une\">Educational, research and expertise activities on the co-development of innovations, codesign and innovation management, carried out by Yncr\u00e9a Hauts-de-France are grouped together in a global scheme, promoted around a <\/span><span title=\"marque commune : ADICODE\u00ae (Ateliers De l'Innovation et du CODEsign). \">Common brand: ADICODE\u00ae (Innovation Workshops and CODEsign).<\/span><\/span><\/p>\n<p><span title=\"Yncr\u00e9a Hauts-de-France mobilise ce savoir-faire pour former \u00e9tudiants et professionnels \u00e0 la conduite de projets innovants en codesign et pour faire \u00e9merger des produits et concepts innovants d\u2019entreprises.\">Yncr\u00e9a Hauts-de-France mobilizes this know-how to train students and professionals to lead innovative projects in codesign and to create innovative products and concepts for companies. <\/span><span title=\"Une activit\u00e9 de recherche sur la th\u00e9matique \u00ab codesign et intelligence collective \u00bb compl\u00e8te ce dispositif.\">A research activity on the theme &#8220;codesign and collective intelligence&#8221; completes this system. <\/span><span title=\"La dimension p\u00e9dagogique a \u00e9t\u00e9 labellis\u00e9e IDEFI (initiatives d\u2019excellence en formation innovante) dans le cadre du Programme des investissements d\u2019avenir (PIA) en 2012. \">The pedagogical dimension has been labeled IDEFI (initiatives of excellence in innovative training) within the framework of the Program of the investments of the future (PIA) in 2012.<\/span><\/p>\n<p><span title=\"Les ADICODE\u00ae combinent une d\u00e9marche transdisciplinaire, une approche centr\u00e9e utilisateur, le recours au prototypage rapide, \u00e0 la cr\u00e9ativit\u00e9 et \u00e0 l\u2019intelligence collective. \">ADICODE\u00ae combines a transdisciplinary approach, a user-centric approach, the use of rapid prototyping, creativity and collective intelligence.<\/span><\/p>\n<p><span title=\"S\u2019ensuivent la cr\u00e9ation de modules p\u00e9dagogiques innovants, de nouvelles pratiques et de nouveaux outils.\">This is followed by the creation of innovative teaching modules, new practices and new tools. <\/span><span title=\"Cela se traduit sous forme de p\u00e9dagogie par projet pour la conduite de projets innovants en codesign, qui se d\u00e9roulent dans des lieux p\u00e9dagogiques r\u00e9invent\u00e9s, avec une logique de tiers lieux (fab lab, coworking, centre de codesign) sur plus de 2000 m2. \">This is translated into project pedagogy for innovative projects in codesign, which take place in reinvented educational venues, with a third-party logic (fab lab, coworking, codesign center) covering more than 2000 m2.<\/span><\/p>\n<p><span title=\"La d\u00e9marche a d\u00e9j\u00e0 d\u00e9bouch\u00e9 sur un partenariat avec HEC Montr\u00e9al, sous la forme de l\u2019int\u00e9gration dans le r\u00e9seau des \u00e9coles de cr\u00e9ativit\u00e9 et d\u2019innovation Mosaic \u2013 HEC Montr\u00e9al.\">The initiative has already resulted in a partnership with HEC Montr\u00e9al, in the form of the integration into the network of schools of creativity and innovation Mosaic &#8211; HEC Montr\u00e9al.<\/span><\/p>\n","protected":false},"excerpt":{"rendered":"<p>Educational, research and expertise activities on the co-development of innovations, codesign and innovation management, carried out by Yncr\u00e9a Hauts-de-France are grouped together in a global scheme, promoted around a Common brand: ADICODE\u00ae (Innovation Workshops and CODEsign). Yncr\u00e9a Hauts-de-France mobilizes this know-how to train students and professionals to lead innovative projects in codesign and to create [&hellip;]<\/p>\n","protected":false},"author":4,"featured_media":0,"parent":603,"menu_order":10,"comment_status":"closed","ping_status":"closed","template":"","meta":{"footnotes":""},"tags":[],"class_list":["post-607","page","type-page","status-publish","hentry"],"acf":[],"yoast_head":"<!-- This site is optimized with the Yoast SEO plugin v19.14 - https:\/\/yoast.com\/wordpress\/plugins\/seo\/ -->\n<title>ADICODE - Yncr\u00e9a - Premier p\u00f4le priv\u00e9 associatif d&#039;\u00e9coles d&#039;ing\u00e9nieurs en France<\/title>\n<meta name=\"robots\" content=\"index, follow, max-snippet:-1, max-image-preview:large, max-video-preview:-1\" \/>\n<link rel=\"canonical\" href=\"https:\/\/yncrea.fr\/en\/some-projects\/adicode\/\" \/>\n<meta property=\"og:locale\" content=\"en_US\" \/>\n<meta property=\"og:type\" content=\"article\" \/>\n<meta property=\"og:title\" content=\"ADICODE - Yncr\u00e9a - Premier p\u00f4le priv\u00e9 associatif d&#039;\u00e9coles d&#039;ing\u00e9nieurs en France\" \/>\n<meta property=\"og:description\" content=\"Educational, research and expertise activities on the co-development of innovations, codesign and innovation management, carried out by Yncr\u00e9a Hauts-de-France are grouped together in a global scheme, promoted around a Common brand: ADICODE\u00ae (Innovation Workshops and CODEsign). Yncr\u00e9a Hauts-de-France mobilizes this know-how to train students and professionals to lead innovative projects in codesign and to create [&hellip;]\" \/>\n<meta property=\"og:url\" content=\"https:\/\/yncrea.fr\/en\/some-projects\/adicode\/\" \/>\n<meta property=\"og:site_name\" content=\"Yncr\u00e9a - Premier p\u00f4le priv\u00e9 associatif d&#039;\u00e9coles d&#039;ing\u00e9nieurs en France\" \/>\n<meta name=\"twitter:card\" content=\"summary_large_image\" \/>\n<meta name=\"twitter:label1\" content=\"Est. reading time\" \/>\n\t<meta name=\"twitter:data1\" content=\"1 minute\" \/>\n<script type=\"application\/ld+json\" class=\"yoast-schema-graph\">{\"@context\":\"https:\/\/schema.org\",\"@graph\":[{\"@type\":\"WebPage\",\"@id\":\"https:\/\/yncrea.fr\/en\/some-projects\/adicode\/\",\"url\":\"https:\/\/yncrea.fr\/en\/some-projects\/adicode\/\",\"name\":\"ADICODE - Yncr\u00e9a - Premier p\u00f4le priv\u00e9 associatif d&#039;\u00e9coles d&#039;ing\u00e9nieurs en France\",\"isPartOf\":{\"@id\":\"https:\/\/yncrea.fr\/#website\"},\"datePublished\":\"2017-03-03T10:47:29+00:00\",\"dateModified\":\"2017-03-03T10:47:29+00:00\",\"breadcrumb\":{\"@id\":\"https:\/\/yncrea.fr\/en\/some-projects\/adicode\/#breadcrumb\"},\"inLanguage\":\"en-US\",\"potentialAction\":[{\"@type\":\"ReadAction\",\"target\":[\"https:\/\/yncrea.fr\/en\/some-projects\/adicode\/\"]}]},{\"@type\":\"BreadcrumbList\",\"@id\":\"https:\/\/yncrea.fr\/en\/some-projects\/adicode\/#breadcrumb\",\"itemListElement\":[{\"@type\":\"ListItem\",\"position\":1,\"name\":\"Accueil\",\"item\":\"https:\/\/yncrea.fr\/en\/\"},{\"@type\":\"ListItem\",\"position\":2,\"name\":\"Some projects\",\"item\":\"https:\/\/yncrea.fr\/en\/some-projects\/\"},{\"@type\":\"ListItem\",\"position\":3,\"name\":\"ADICODE\"}]},{\"@type\":\"WebSite\",\"@id\":\"https:\/\/yncrea.fr\/#website\",\"url\":\"https:\/\/yncrea.fr\/\",\"name\":\"Yncr\u00e9a - Premier p\u00f4le priv\u00e9 associatif d&#039;\u00e9coles d&#039;ing\u00e9nieurs en France\",\"description\":\"Just another WordPress site\",\"potentialAction\":[{\"@type\":\"SearchAction\",\"target\":{\"@type\":\"EntryPoint\",\"urlTemplate\":\"https:\/\/yncrea.fr\/?s={search_term_string}\"},\"query-input\":\"required name=search_term_string\"}],\"inLanguage\":\"en-US\"}]}<\/script>\n<!-- \/ Yoast SEO plugin. -->","yoast_head_json":{"title":"ADICODE - Yncr\u00e9a - Premier p\u00f4le priv\u00e9 associatif d&#039;\u00e9coles d&#039;ing\u00e9nieurs en France","robots":{"index":"index","follow":"follow","max-snippet":"max-snippet:-1","max-image-preview":"max-image-preview:large","max-video-preview":"max-video-preview:-1"},"canonical":"https:\/\/yncrea.fr\/en\/some-projects\/adicode\/","og_locale":"en_US","og_type":"article","og_title":"ADICODE - Yncr\u00e9a - Premier p\u00f4le priv\u00e9 associatif d&#039;\u00e9coles d&#039;ing\u00e9nieurs en France","og_description":"Educational, research and expertise activities on the co-development of innovations, codesign and innovation management, carried out by Yncr\u00e9a Hauts-de-France are grouped together in a global scheme, promoted around a Common brand: ADICODE\u00ae (Innovation Workshops and CODEsign). Yncr\u00e9a Hauts-de-France mobilizes this know-how to train students and professionals to lead innovative projects in codesign and to create [&hellip;]","og_url":"https:\/\/yncrea.fr\/en\/some-projects\/adicode\/","og_site_name":"Yncr\u00e9a - Premier p\u00f4le priv\u00e9 associatif d&#039;\u00e9coles d&#039;ing\u00e9nieurs en France","twitter_card":"summary_large_image","twitter_misc":{"Est. reading time":"1 minute"},"schema":{"@context":"https:\/\/schema.org","@graph":[{"@type":"WebPage","@id":"https:\/\/yncrea.fr\/en\/some-projects\/adicode\/","url":"https:\/\/yncrea.fr\/en\/some-projects\/adicode\/","name":"ADICODE - Yncr\u00e9a - Premier p\u00f4le priv\u00e9 associatif d&#039;\u00e9coles d&#039;ing\u00e9nieurs en France","isPartOf":{"@id":"https:\/\/yncrea.fr\/#website"},"datePublished":"2017-03-03T10:47:29+00:00","dateModified":"2017-03-03T10:47:29+00:00","breadcrumb":{"@id":"https:\/\/yncrea.fr\/en\/some-projects\/adicode\/#breadcrumb"},"inLanguage":"en-US","potentialAction":[{"@type":"ReadAction","target":["https:\/\/yncrea.fr\/en\/some-projects\/adicode\/"]}]},{"@type":"BreadcrumbList","@id":"https:\/\/yncrea.fr\/en\/some-projects\/adicode\/#breadcrumb","itemListElement":[{"@type":"ListItem","position":1,"name":"Accueil","item":"https:\/\/yncrea.fr\/en\/"},{"@type":"ListItem","position":2,"name":"Some projects","item":"https:\/\/yncrea.fr\/en\/some-projects\/"},{"@type":"ListItem","position":3,"name":"ADICODE"}]},{"@type":"WebSite","@id":"https:\/\/yncrea.fr\/#website","url":"https:\/\/yncrea.fr\/","name":"Yncr\u00e9a - Premier p\u00f4le priv\u00e9 associatif d&#039;\u00e9coles d&#039;ing\u00e9nieurs en France","description":"Just another WordPress site","potentialAction":[{"@type":"SearchAction","target":{"@type":"EntryPoint","urlTemplate":"https:\/\/yncrea.fr\/?s={search_term_string}"},"query-input":"required name=search_term_string"}],"inLanguage":"en-US"}]}},"_links":{"self":[{"href":"https:\/\/yncrea.fr\/en\/wp-json\/wp\/v2\/pages\/607","targetHints":{"allow":["GET"]}}],"collection":[{"href":"https:\/\/yncrea.fr\/en\/wp-json\/wp\/v2\/pages"}],"about":[{"href":"https:\/\/yncrea.fr\/en\/wp-json\/wp\/v2\/types\/page"}],"author":[{"embeddable":true,"href":"https:\/\/yncrea.fr\/en\/wp-json\/wp\/v2\/users\/4"}],"replies":[{"embeddable":true,"href":"https:\/\/yncrea.fr\/en\/wp-json\/wp\/v2\/comments?post=607"}],"version-history":[{"count":1,"href":"https:\/\/yncrea.fr\/en\/wp-json\/wp\/v2\/pages\/607\/revisions"}],"predecessor-version":[{"id":894,"href":"https:\/\/yncrea.fr\/en\/wp-json\/wp\/v2\/pages\/607\/revisions\/894"}],"up":[{"embeddable":true,"href":"https:\/\/yncrea.fr\/en\/wp-json\/wp\/v2\/pages\/603"}],"wp:attachment":[{"href":"https:\/\/yncrea.fr\/en\/wp-json\/wp\/v2\/media?parent=607"}],"wp:term":[{"taxonomy":"post_tag","embeddable":true,"href":"https:\/\/yncrea.fr\/en\/wp-json\/wp\/v2\/tags?post=607"}],"curies":[{"name":"wp","href":"https:\/\/api.w.org\/{rel}","templated":true}]}}