{"id":609,"date":"2017-03-03T10:48:15","date_gmt":"2017-03-03T10:48:15","guid":{"rendered":"https:\/\/yncrea.fr\/?page_id=609&#038;lang=en"},"modified":"2017-03-03T10:48:15","modified_gmt":"2017-03-03T10:48:15","slug":"precision-agriculture","status":"publish","type":"page","link":"https:\/\/yncrea.fr\/en\/some-projects\/precision-agriculture\/","title":{"rendered":"Precision Agriculture"},"content":{"rendered":"<p><span id=\"result_box\" class=\"\" lang=\"en\"><span title=\"Agro \u00e9cologie ou Agriculture \u00e9cologiquement intensive, voici d\u00e9j\u00e0 plusieurs ann\u00e9es que nos exploitations fran\u00e7aises ont enclench\u00e9 cette mutation vers de nouvelles formes de production, et ceci a \u00e9t\u00e9 possible en grande partie gr\u00e2ce au d\u00e9veloppement de nouvelles technologies qui ont fait na\u00eetre le concept d'agriculture de\">Agro-ecology or Ecologically intensive farming, our French farms have for several years initiated this shift towards new forms of production. This has been possible largely thanks to the development of new technologies that have given rise to the concept of sustainable agriculture. <\/span><span title=\"pr\u00e9cision. \">precision.<\/span><\/span><\/p>\n<p><span title=\"L\u2019agriculture de pr\u00e9cision permet de produire la qualit\u00e9 et la quantit\u00e9 voulues en optimisant les ressources (eau, sol, fertilisants, traitements \u2026), en intervenant au bon moment et en limitant la p\u00e9nibilit\u00e9 du travail.\">Precision agriculture allows to produce the quality and the quantity required by optimizing the resources (water, soil, fertilizers, treatments &#8230;), intervening at the right time and limiting the painfulness of the work. <\/span><span title=\"Ces techniques allient le savoir-faire en agronomie, machinisme et management des donn\u00e9es, non seulement en productions v\u00e9g\u00e9tales mais aussi en \u00e9levage. \">These techniques combine know-how in agronomy, machinery and data management, not only in plant production but also in breeding.<\/span><\/p>\n<p><span title=\"L\u2019ISA, sp\u00e9cialis\u00e9e dans l\u2019agriculture depuis plus de 50 ans, a toujours suivi de tr\u00e8s pr\u00e8s les \u00e9volutions technologiques en production agricole.\">The ISA, specialized in agriculture for more than 50 years, has always followed very closely the technological evolutions in agricultural production. <\/span><span title=\"Elle peut cette fois aller encore plus loin en conjuguant des savoir-faire apport\u00e9s par HEI en conception m\u00e9canique et par l\u2019ISEN dans le domaine des technologies num\u00e9riques et du traitement de donn\u00e9es.\">This time it can go even further by combining the know-how brought by HEI in mechanical design and by the ISEN in the field of digital technologies and data processing. <\/span><span title=\"Cette association unique en France ouvre d\u00e9sormais de nouveaux horizons en termes de formation initiale ou continue, mais permet aussi de cr\u00e9er de nouveaux partenariats en innovation et en projets R&amp;D.\">This association, which is unique in France, now opens new horizons in terms of initial or continuing training, but also creates new partnerships in innovation and R &amp; D projects.<\/span><\/p>\n","protected":false},"excerpt":{"rendered":"<p>Agro-ecology or Ecologically intensive farming, our French farms have for several years initiated this shift towards new forms of production. This has been possible largely thanks to the development of new technologies that have given rise to the concept of sustainable agriculture. precision. Precision agriculture allows to produce the quality and the quantity required by [&hellip;]<\/p>\n","protected":false},"author":4,"featured_media":0,"parent":603,"menu_order":20,"comment_status":"closed","ping_status":"closed","template":"","meta":{"footnotes":""},"tags":[],"class_list":["post-609","page","type-page","status-publish","hentry"],"acf":[],"yoast_head":"<!-- This site is optimized with the Yoast SEO plugin v19.14 - https:\/\/yoast.com\/wordpress\/plugins\/seo\/ -->\n<title>Precision Agriculture - Yncr\u00e9a - Premier p\u00f4le priv\u00e9 associatif d&#039;\u00e9coles d&#039;ing\u00e9nieurs en France<\/title>\n<meta name=\"robots\" content=\"index, follow, max-snippet:-1, max-image-preview:large, max-video-preview:-1\" \/>\n<link rel=\"canonical\" href=\"https:\/\/yncrea.fr\/en\/some-projects\/precision-agriculture\/\" \/>\n<meta property=\"og:locale\" content=\"en_US\" \/>\n<meta property=\"og:type\" content=\"article\" \/>\n<meta property=\"og:title\" content=\"Precision Agriculture - Yncr\u00e9a - Premier p\u00f4le priv\u00e9 associatif d&#039;\u00e9coles d&#039;ing\u00e9nieurs en France\" \/>\n<meta property=\"og:description\" content=\"Agro-ecology or Ecologically intensive farming, our French farms have for several years initiated this shift towards new forms of production. This has been possible largely thanks to the development of new technologies that have given rise to the concept of sustainable agriculture. precision. Precision agriculture allows to produce the quality and the quantity required by [&hellip;]\" \/>\n<meta property=\"og:url\" content=\"https:\/\/yncrea.fr\/en\/some-projects\/precision-agriculture\/\" \/>\n<meta property=\"og:site_name\" content=\"Yncr\u00e9a - Premier p\u00f4le priv\u00e9 associatif d&#039;\u00e9coles d&#039;ing\u00e9nieurs en France\" \/>\n<meta name=\"twitter:card\" content=\"summary_large_image\" \/>\n<meta name=\"twitter:label1\" content=\"Est. reading time\" \/>\n\t<meta name=\"twitter:data1\" content=\"1 minute\" \/>\n<script type=\"application\/ld+json\" class=\"yoast-schema-graph\">{\"@context\":\"https:\/\/schema.org\",\"@graph\":[{\"@type\":\"WebPage\",\"@id\":\"https:\/\/yncrea.fr\/en\/some-projects\/precision-agriculture\/\",\"url\":\"https:\/\/yncrea.fr\/en\/some-projects\/precision-agriculture\/\",\"name\":\"Precision Agriculture - Yncr\u00e9a - Premier p\u00f4le priv\u00e9 associatif d&#039;\u00e9coles d&#039;ing\u00e9nieurs en France\",\"isPartOf\":{\"@id\":\"https:\/\/yncrea.fr\/#website\"},\"datePublished\":\"2017-03-03T10:48:15+00:00\",\"dateModified\":\"2017-03-03T10:48:15+00:00\",\"breadcrumb\":{\"@id\":\"https:\/\/yncrea.fr\/en\/some-projects\/precision-agriculture\/#breadcrumb\"},\"inLanguage\":\"en-US\",\"potentialAction\":[{\"@type\":\"ReadAction\",\"target\":[\"https:\/\/yncrea.fr\/en\/some-projects\/precision-agriculture\/\"]}]},{\"@type\":\"BreadcrumbList\",\"@id\":\"https:\/\/yncrea.fr\/en\/some-projects\/precision-agriculture\/#breadcrumb\",\"itemListElement\":[{\"@type\":\"ListItem\",\"position\":1,\"name\":\"Accueil\",\"item\":\"https:\/\/yncrea.fr\/en\/\"},{\"@type\":\"ListItem\",\"position\":2,\"name\":\"Some projects\",\"item\":\"https:\/\/yncrea.fr\/en\/some-projects\/\"},{\"@type\":\"ListItem\",\"position\":3,\"name\":\"Precision Agriculture\"}]},{\"@type\":\"WebSite\",\"@id\":\"https:\/\/yncrea.fr\/#website\",\"url\":\"https:\/\/yncrea.fr\/\",\"name\":\"Yncr\u00e9a - Premier p\u00f4le priv\u00e9 associatif d&#039;\u00e9coles d&#039;ing\u00e9nieurs en France\",\"description\":\"Just another WordPress site\",\"potentialAction\":[{\"@type\":\"SearchAction\",\"target\":{\"@type\":\"EntryPoint\",\"urlTemplate\":\"https:\/\/yncrea.fr\/?s={search_term_string}\"},\"query-input\":\"required name=search_term_string\"}],\"inLanguage\":\"en-US\"}]}<\/script>\n<!-- \/ Yoast SEO plugin. -->","yoast_head_json":{"title":"Precision Agriculture - Yncr\u00e9a - Premier p\u00f4le priv\u00e9 associatif d&#039;\u00e9coles d&#039;ing\u00e9nieurs en France","robots":{"index":"index","follow":"follow","max-snippet":"max-snippet:-1","max-image-preview":"max-image-preview:large","max-video-preview":"max-video-preview:-1"},"canonical":"https:\/\/yncrea.fr\/en\/some-projects\/precision-agriculture\/","og_locale":"en_US","og_type":"article","og_title":"Precision Agriculture - Yncr\u00e9a - Premier p\u00f4le priv\u00e9 associatif d&#039;\u00e9coles d&#039;ing\u00e9nieurs en France","og_description":"Agro-ecology or Ecologically intensive farming, our French farms have for several years initiated this shift towards new forms of production. This has been possible largely thanks to the development of new technologies that have given rise to the concept of sustainable agriculture. precision. Precision agriculture allows to produce the quality and the quantity required by [&hellip;]","og_url":"https:\/\/yncrea.fr\/en\/some-projects\/precision-agriculture\/","og_site_name":"Yncr\u00e9a - Premier p\u00f4le priv\u00e9 associatif d&#039;\u00e9coles d&#039;ing\u00e9nieurs en France","twitter_card":"summary_large_image","twitter_misc":{"Est. reading time":"1 minute"},"schema":{"@context":"https:\/\/schema.org","@graph":[{"@type":"WebPage","@id":"https:\/\/yncrea.fr\/en\/some-projects\/precision-agriculture\/","url":"https:\/\/yncrea.fr\/en\/some-projects\/precision-agriculture\/","name":"Precision Agriculture - Yncr\u00e9a - Premier p\u00f4le priv\u00e9 associatif d&#039;\u00e9coles d&#039;ing\u00e9nieurs en France","isPartOf":{"@id":"https:\/\/yncrea.fr\/#website"},"datePublished":"2017-03-03T10:48:15+00:00","dateModified":"2017-03-03T10:48:15+00:00","breadcrumb":{"@id":"https:\/\/yncrea.fr\/en\/some-projects\/precision-agriculture\/#breadcrumb"},"inLanguage":"en-US","potentialAction":[{"@type":"ReadAction","target":["https:\/\/yncrea.fr\/en\/some-projects\/precision-agriculture\/"]}]},{"@type":"BreadcrumbList","@id":"https:\/\/yncrea.fr\/en\/some-projects\/precision-agriculture\/#breadcrumb","itemListElement":[{"@type":"ListItem","position":1,"name":"Accueil","item":"https:\/\/yncrea.fr\/en\/"},{"@type":"ListItem","position":2,"name":"Some projects","item":"https:\/\/yncrea.fr\/en\/some-projects\/"},{"@type":"ListItem","position":3,"name":"Precision Agriculture"}]},{"@type":"WebSite","@id":"https:\/\/yncrea.fr\/#website","url":"https:\/\/yncrea.fr\/","name":"Yncr\u00e9a - Premier p\u00f4le priv\u00e9 associatif d&#039;\u00e9coles d&#039;ing\u00e9nieurs en France","description":"Just another WordPress site","potentialAction":[{"@type":"SearchAction","target":{"@type":"EntryPoint","urlTemplate":"https:\/\/yncrea.fr\/?s={search_term_string}"},"query-input":"required name=search_term_string"}],"inLanguage":"en-US"}]}},"_links":{"self":[{"href":"https:\/\/yncrea.fr\/en\/wp-json\/wp\/v2\/pages\/609","targetHints":{"allow":["GET"]}}],"collection":[{"href":"https:\/\/yncrea.fr\/en\/wp-json\/wp\/v2\/pages"}],"about":[{"href":"https:\/\/yncrea.fr\/en\/wp-json\/wp\/v2\/types\/page"}],"author":[{"embeddable":true,"href":"https:\/\/yncrea.fr\/en\/wp-json\/wp\/v2\/users\/4"}],"replies":[{"embeddable":true,"href":"https:\/\/yncrea.fr\/en\/wp-json\/wp\/v2\/comments?post=609"}],"version-history":[{"count":1,"href":"https:\/\/yncrea.fr\/en\/wp-json\/wp\/v2\/pages\/609\/revisions"}],"predecessor-version":[{"id":895,"href":"https:\/\/yncrea.fr\/en\/wp-json\/wp\/v2\/pages\/609\/revisions\/895"}],"up":[{"embeddable":true,"href":"https:\/\/yncrea.fr\/en\/wp-json\/wp\/v2\/pages\/603"}],"wp:attachment":[{"href":"https:\/\/yncrea.fr\/en\/wp-json\/wp\/v2\/media?parent=609"}],"wp:term":[{"taxonomy":"post_tag","embeddable":true,"href":"https:\/\/yncrea.fr\/en\/wp-json\/wp\/v2\/tags?post=609"}],"curies":[{"name":"wp","href":"https:\/\/api.w.org\/{rel}","templated":true}]}}