{"id":611,"date":"2017-03-03T10:48:18","date_gmt":"2017-03-03T10:48:18","guid":{"rendered":"https:\/\/yncrea.fr\/?page_id=611&#038;lang=en"},"modified":"2017-03-03T10:48:18","modified_gmt":"2017-03-03T10:48:18","slug":"urban-agriculture","status":"publish","type":"page","link":"https:\/\/yncrea.fr\/en\/some-projects\/urban-agriculture\/","title":{"rendered":"Urban Agriculture"},"content":{"rendered":"<p><span id=\"result_box\" class=\"\" lang=\"en\"><span title=\"La mise \u00e0 disposition de denr\u00e9es alimentaires produites localement, notamment pour les l\u00e9gumes frais de qualit\u00e9, est un enjeu majeur pour les populations des grandes cit\u00e9s mondiales.\">The provision of locally produced foodstuffs, in particular for quality fresh vegetables, is a major challenge for the populations of the world&#8217;s major cities. <\/span><span title=\"Proposer des aliments frais et sains \u00e0 faible co\u00fbt gr\u00e2ce \u00e0 la diminution des frais li\u00e9s au transport, aux \u00e9nergies renouvelables et \u00e0 la juste consommation d'eau et de nutriments, tout en tirant les b\u00e9n\u00e9fices d'une diminution des \u00e9missions de pollution associ\u00e9es et de\">Provide fresh, healthy, low-cost food through reduced transportation, renewable energy, and clean water and nutrient costs, while benefiting from reduced associated pollution <\/span><span title=\"la promotion de nouvelles formes d'interactions sociales, voici les raisons pour lesquelles L'agriculture en ville est en plein essor. \">The promotion of new forms of social interaction, here are the reasons why agriculture in cities is booming.<\/span><\/span><\/p>\n<p><span title=\"L'agriculture urbaine rev\u00eat actuellement deux formes diff\u00e9rentes, avec d'une part la culture sur les toits des immeubles et les petits jardins en terrasses, et d'autre part des productions dans des b\u00e2timents d\u00e9di\u00e9s, pilot\u00e9s par des technologies contr\u00f4lant les param\u00e8tres de production\">Urban agriculture currently has two different forms: on the one hand the culture on the roofs of buildings and the small terraced gardens, and on the other hand productions in dedicated buildings, controlled by technologies controlling the parameters of production <\/span><span title=\"(luminosit\u00e9, apports en eau, en nutriments \u2026) et alliant les comp\u00e9tences en conception de b\u00e2timents intelligents, agronomie et automatisation. \">(Luminosity, water, nutrients &#8230;) and combining the skills of intelligent building design, agronomy and automation.<\/span><\/p>\n<p><span title=\"L'ISA, sp\u00e9cialis\u00e9e dans l'agriculture, a choisi, gr\u00e2ce aux nouvelles comp\u00e9tences apport\u00e9es par HEI en \u00e9nergies renouvelables et conception des b\u00e2timents et par l'ISEN en capteurs, en technologies num\u00e9riques et en traitement de donn\u00e9es, de d\u00e9velopper une nouvelle offre de\">ISA, which specializes in agriculture, has chosen to develop a new range of products and services, thanks to the new expertise provided by HEI in renewable energies and building design and by ISEN in sensors, digital technologies and data processing. <\/span><span title=\"formation transversale en agriculture urbaine en b\u00e2timents d\u00e9di\u00e9s. \">Transversal training in urban agriculture in dedicated buildings.<\/span><\/p>\n<p><span title=\"Cette formation viendra compl\u00e9ter l\u2019ensemble de son offre actuelle en productions agricoles et s\u2019appuiera \u00e9galement sur un projet de d\u00e9monstrateur R&amp;D unique en r\u00e9gion associant partenaires priv\u00e9s et publics.\">This training will complement all of its current range of agricultural products and will also be based on a project of demonstrator R &amp; D unique in the region associating private and public partners.<\/span><\/p>\n","protected":false},"excerpt":{"rendered":"<p>The provision of locally produced foodstuffs, in particular for quality fresh vegetables, is a major challenge for the populations of the world&#8217;s major cities. Provide fresh, healthy, low-cost food through reduced transportation, renewable energy, and clean water and nutrient costs, while benefiting from reduced associated pollution The promotion of new forms of social interaction, here [&hellip;]<\/p>\n","protected":false},"author":4,"featured_media":0,"parent":603,"menu_order":30,"comment_status":"closed","ping_status":"closed","template":"","meta":{"footnotes":""},"tags":[],"class_list":["post-611","page","type-page","status-publish","hentry"],"acf":[],"yoast_head":"<!-- This site is optimized with the Yoast SEO plugin v19.14 - https:\/\/yoast.com\/wordpress\/plugins\/seo\/ -->\n<title>Urban Agriculture - Yncr\u00e9a - Premier p\u00f4le priv\u00e9 associatif d&#039;\u00e9coles d&#039;ing\u00e9nieurs en France<\/title>\n<meta name=\"robots\" content=\"index, follow, max-snippet:-1, max-image-preview:large, max-video-preview:-1\" \/>\n<link rel=\"canonical\" href=\"https:\/\/yncrea.fr\/en\/some-projects\/urban-agriculture\/\" \/>\n<meta property=\"og:locale\" content=\"en_US\" \/>\n<meta property=\"og:type\" content=\"article\" \/>\n<meta property=\"og:title\" content=\"Urban Agriculture - Yncr\u00e9a - Premier p\u00f4le priv\u00e9 associatif d&#039;\u00e9coles d&#039;ing\u00e9nieurs en France\" \/>\n<meta property=\"og:description\" content=\"The provision of locally produced foodstuffs, in particular for quality fresh vegetables, is a major challenge for the populations of the world&#8217;s major cities. Provide fresh, healthy, low-cost food through reduced transportation, renewable energy, and clean water and nutrient costs, while benefiting from reduced associated pollution The promotion of new forms of social interaction, here [&hellip;]\" \/>\n<meta property=\"og:url\" content=\"https:\/\/yncrea.fr\/en\/some-projects\/urban-agriculture\/\" \/>\n<meta property=\"og:site_name\" content=\"Yncr\u00e9a - Premier p\u00f4le priv\u00e9 associatif d&#039;\u00e9coles d&#039;ing\u00e9nieurs en France\" \/>\n<meta name=\"twitter:card\" content=\"summary_large_image\" \/>\n<meta name=\"twitter:label1\" content=\"Est. reading time\" \/>\n\t<meta name=\"twitter:data1\" content=\"1 minute\" \/>\n<script type=\"application\/ld+json\" class=\"yoast-schema-graph\">{\"@context\":\"https:\/\/schema.org\",\"@graph\":[{\"@type\":\"WebPage\",\"@id\":\"https:\/\/yncrea.fr\/en\/some-projects\/urban-agriculture\/\",\"url\":\"https:\/\/yncrea.fr\/en\/some-projects\/urban-agriculture\/\",\"name\":\"Urban Agriculture - Yncr\u00e9a - Premier p\u00f4le priv\u00e9 associatif d&#039;\u00e9coles d&#039;ing\u00e9nieurs en France\",\"isPartOf\":{\"@id\":\"https:\/\/yncrea.fr\/#website\"},\"datePublished\":\"2017-03-03T10:48:18+00:00\",\"dateModified\":\"2017-03-03T10:48:18+00:00\",\"breadcrumb\":{\"@id\":\"https:\/\/yncrea.fr\/en\/some-projects\/urban-agriculture\/#breadcrumb\"},\"inLanguage\":\"en-US\",\"potentialAction\":[{\"@type\":\"ReadAction\",\"target\":[\"https:\/\/yncrea.fr\/en\/some-projects\/urban-agriculture\/\"]}]},{\"@type\":\"BreadcrumbList\",\"@id\":\"https:\/\/yncrea.fr\/en\/some-projects\/urban-agriculture\/#breadcrumb\",\"itemListElement\":[{\"@type\":\"ListItem\",\"position\":1,\"name\":\"Accueil\",\"item\":\"https:\/\/yncrea.fr\/en\/\"},{\"@type\":\"ListItem\",\"position\":2,\"name\":\"Some projects\",\"item\":\"https:\/\/yncrea.fr\/en\/some-projects\/\"},{\"@type\":\"ListItem\",\"position\":3,\"name\":\"Urban Agriculture\"}]},{\"@type\":\"WebSite\",\"@id\":\"https:\/\/yncrea.fr\/#website\",\"url\":\"https:\/\/yncrea.fr\/\",\"name\":\"Yncr\u00e9a - Premier p\u00f4le priv\u00e9 associatif d&#039;\u00e9coles d&#039;ing\u00e9nieurs en France\",\"description\":\"Just another WordPress site\",\"potentialAction\":[{\"@type\":\"SearchAction\",\"target\":{\"@type\":\"EntryPoint\",\"urlTemplate\":\"https:\/\/yncrea.fr\/?s={search_term_string}\"},\"query-input\":\"required name=search_term_string\"}],\"inLanguage\":\"en-US\"}]}<\/script>\n<!-- \/ Yoast SEO plugin. -->","yoast_head_json":{"title":"Urban Agriculture - Yncr\u00e9a - Premier p\u00f4le priv\u00e9 associatif d&#039;\u00e9coles d&#039;ing\u00e9nieurs en France","robots":{"index":"index","follow":"follow","max-snippet":"max-snippet:-1","max-image-preview":"max-image-preview:large","max-video-preview":"max-video-preview:-1"},"canonical":"https:\/\/yncrea.fr\/en\/some-projects\/urban-agriculture\/","og_locale":"en_US","og_type":"article","og_title":"Urban Agriculture - Yncr\u00e9a - Premier p\u00f4le priv\u00e9 associatif d&#039;\u00e9coles d&#039;ing\u00e9nieurs en France","og_description":"The provision of locally produced foodstuffs, in particular for quality fresh vegetables, is a major challenge for the populations of the world&#8217;s major cities. Provide fresh, healthy, low-cost food through reduced transportation, renewable energy, and clean water and nutrient costs, while benefiting from reduced associated pollution The promotion of new forms of social interaction, here [&hellip;]","og_url":"https:\/\/yncrea.fr\/en\/some-projects\/urban-agriculture\/","og_site_name":"Yncr\u00e9a - Premier p\u00f4le priv\u00e9 associatif d&#039;\u00e9coles d&#039;ing\u00e9nieurs en France","twitter_card":"summary_large_image","twitter_misc":{"Est. reading time":"1 minute"},"schema":{"@context":"https:\/\/schema.org","@graph":[{"@type":"WebPage","@id":"https:\/\/yncrea.fr\/en\/some-projects\/urban-agriculture\/","url":"https:\/\/yncrea.fr\/en\/some-projects\/urban-agriculture\/","name":"Urban Agriculture - Yncr\u00e9a - Premier p\u00f4le priv\u00e9 associatif d&#039;\u00e9coles d&#039;ing\u00e9nieurs en France","isPartOf":{"@id":"https:\/\/yncrea.fr\/#website"},"datePublished":"2017-03-03T10:48:18+00:00","dateModified":"2017-03-03T10:48:18+00:00","breadcrumb":{"@id":"https:\/\/yncrea.fr\/en\/some-projects\/urban-agriculture\/#breadcrumb"},"inLanguage":"en-US","potentialAction":[{"@type":"ReadAction","target":["https:\/\/yncrea.fr\/en\/some-projects\/urban-agriculture\/"]}]},{"@type":"BreadcrumbList","@id":"https:\/\/yncrea.fr\/en\/some-projects\/urban-agriculture\/#breadcrumb","itemListElement":[{"@type":"ListItem","position":1,"name":"Accueil","item":"https:\/\/yncrea.fr\/en\/"},{"@type":"ListItem","position":2,"name":"Some projects","item":"https:\/\/yncrea.fr\/en\/some-projects\/"},{"@type":"ListItem","position":3,"name":"Urban Agriculture"}]},{"@type":"WebSite","@id":"https:\/\/yncrea.fr\/#website","url":"https:\/\/yncrea.fr\/","name":"Yncr\u00e9a - Premier p\u00f4le priv\u00e9 associatif d&#039;\u00e9coles d&#039;ing\u00e9nieurs en France","description":"Just another WordPress site","potentialAction":[{"@type":"SearchAction","target":{"@type":"EntryPoint","urlTemplate":"https:\/\/yncrea.fr\/?s={search_term_string}"},"query-input":"required name=search_term_string"}],"inLanguage":"en-US"}]}},"_links":{"self":[{"href":"https:\/\/yncrea.fr\/en\/wp-json\/wp\/v2\/pages\/611","targetHints":{"allow":["GET"]}}],"collection":[{"href":"https:\/\/yncrea.fr\/en\/wp-json\/wp\/v2\/pages"}],"about":[{"href":"https:\/\/yncrea.fr\/en\/wp-json\/wp\/v2\/types\/page"}],"author":[{"embeddable":true,"href":"https:\/\/yncrea.fr\/en\/wp-json\/wp\/v2\/users\/4"}],"replies":[{"embeddable":true,"href":"https:\/\/yncrea.fr\/en\/wp-json\/wp\/v2\/comments?post=611"}],"version-history":[{"count":1,"href":"https:\/\/yncrea.fr\/en\/wp-json\/wp\/v2\/pages\/611\/revisions"}],"predecessor-version":[{"id":896,"href":"https:\/\/yncrea.fr\/en\/wp-json\/wp\/v2\/pages\/611\/revisions\/896"}],"up":[{"embeddable":true,"href":"https:\/\/yncrea.fr\/en\/wp-json\/wp\/v2\/pages\/603"}],"wp:attachment":[{"href":"https:\/\/yncrea.fr\/en\/wp-json\/wp\/v2\/media?parent=611"}],"wp:term":[{"taxonomy":"post_tag","embeddable":true,"href":"https:\/\/yncrea.fr\/en\/wp-json\/wp\/v2\/tags?post=611"}],"curies":[{"name":"wp","href":"https:\/\/api.w.org\/{rel}","templated":true}]}}