{"id":613,"date":"2017-03-03T10:48:22","date_gmt":"2017-03-03T10:48:22","guid":{"rendered":"https:\/\/yncrea.fr\/?page_id=613&#038;lang=en"},"modified":"2017-03-03T10:54:17","modified_gmt":"2017-03-03T10:54:17","slug":"co-creation-lab","status":"publish","type":"page","link":"https:\/\/yncrea.fr\/en\/some-projects\/co-creation-lab\/","title":{"rendered":"Co-Creation Lab"},"content":{"rendered":"<p><span id=\"result_box\" class=\"\" lang=\"en\"><span title=\"Le Co-cr\u00e9ation Lab d\u2019Yncr\u00e9a M\u00e9diterran\u00e9e est con\u00e7u pour \u00eatre un lieu d\u2019\u00e9mergence de nouveaux produits, services et usages test\u00e9s et imagin\u00e9s par un groupe d\u2019\u00e9tudiants de cursus diff\u00e9rents.\">The Co-creation Lab of Yncr\u00e9a M\u00e9diterran\u00e9e is designed to be a place of emergence of new products, services and uses tested and imagined by a group of students of different courses. <\/span><span title=\"Ils y confrontent leur savoir faire et leurs questionnements pour la r\u00e9alisation d\u2019un prototype r\u00e9pondant \u00e0 la question d\u2019une entreprise, d\u2019un \u00e9tablissement acad\u00e9mique, d\u2019une collectivit\u00e9 ou de tout groupements d\u2019utilisateurs. \">They confront their know-how and their questions for the realization of a prototype answering the question of a company, an academic establishment, a community or any group of users.<\/span><\/span><\/p>\n<p><span title=\"Le CO CREATION LAB s\u2019appuie sur la Cantine by TVT Innovation (Toulon Var Technologies, lien vers site) comme lieu de cr\u00e9ation, d\u2019exp\u00e9rimentation et de retours d\u2019utilisation des usagers. \">The CO CREATION LAB is based on the Cantine by TVT Innovation (Toulon Var Technologies, link to site) as a place of creation, experimentation and user feedback.<\/span><\/p>\n<p><span title=\"Le projet a deux objectifs : \u00a0\u00a0\u00a0\u00a0\">The project has two objectives:<\/span><\/p>\n<ul>\n<li><span title=\"La r\u00e9alisation concr\u00e8te de prototype selon une m\u00e9thode de co-conception r\u00e9pondant \u00e0 un besoin et une demande d\u2019un acteur \u00e9conomique. \u00a0\u00a0\u00a0\u00a0\">The concrete realization of prototype according to a method of co-design responding to a need and a demand of an economic actor.<\/span><\/li>\n<li><span title=\"La mise en place d\u2019une p\u00e9dagogie originale et innovante mettant en \u0153uvre de nouveaux usages de formation et permettant d\u2019\u00e9valuer en situation r\u00e9elle la capacit\u00e9 des \u00e9tudiants \u00e0 g\u00e9n\u00e9rer des projets d\u2019innovation ouverte.\">The implementation of an original and innovative pedagogy implementing new training methods and allowing to evaluate in real situations the students&#8217; ability to generate open innovation projects.<\/span><\/li>\n<\/ul>\n","protected":false},"excerpt":{"rendered":"<p>The Co-creation Lab of Yncr\u00e9a M\u00e9diterran\u00e9e is designed to be a place of emergence of new products, services and uses tested and imagined by a group of students of different courses. They confront their know-how and their questions for the realization of a prototype answering the question of a company, an academic establishment, a community [&hellip;]<\/p>\n","protected":false},"author":4,"featured_media":0,"parent":603,"menu_order":40,"comment_status":"closed","ping_status":"closed","template":"","meta":{"footnotes":""},"tags":[],"class_list":["post-613","page","type-page","status-publish","hentry"],"acf":[],"yoast_head":"<!-- This site is optimized with the Yoast SEO plugin v19.14 - https:\/\/yoast.com\/wordpress\/plugins\/seo\/ -->\n<title>Co-Creation Lab - Yncr\u00e9a - Premier p\u00f4le priv\u00e9 associatif d&#039;\u00e9coles d&#039;ing\u00e9nieurs en France<\/title>\n<meta name=\"robots\" content=\"index, follow, max-snippet:-1, max-image-preview:large, max-video-preview:-1\" \/>\n<link rel=\"canonical\" href=\"https:\/\/yncrea.fr\/en\/some-projects\/co-creation-lab\/\" \/>\n<meta property=\"og:locale\" content=\"en_US\" \/>\n<meta property=\"og:type\" content=\"article\" \/>\n<meta property=\"og:title\" content=\"Co-Creation Lab - Yncr\u00e9a - Premier p\u00f4le priv\u00e9 associatif d&#039;\u00e9coles d&#039;ing\u00e9nieurs en France\" \/>\n<meta property=\"og:description\" content=\"The Co-creation Lab of Yncr\u00e9a M\u00e9diterran\u00e9e is designed to be a place of emergence of new products, services and uses tested and imagined by a group of students of different courses. They confront their know-how and their questions for the realization of a prototype answering the question of a company, an academic establishment, a community [&hellip;]\" \/>\n<meta property=\"og:url\" content=\"https:\/\/yncrea.fr\/en\/some-projects\/co-creation-lab\/\" \/>\n<meta property=\"og:site_name\" content=\"Yncr\u00e9a - Premier p\u00f4le priv\u00e9 associatif d&#039;\u00e9coles d&#039;ing\u00e9nieurs en France\" \/>\n<meta property=\"article:modified_time\" content=\"2017-03-03T10:54:17+00:00\" \/>\n<meta name=\"twitter:card\" content=\"summary_large_image\" \/>\n<meta name=\"twitter:label1\" content=\"Est. reading time\" \/>\n\t<meta name=\"twitter:data1\" content=\"1 minute\" \/>\n<script type=\"application\/ld+json\" class=\"yoast-schema-graph\">{\"@context\":\"https:\/\/schema.org\",\"@graph\":[{\"@type\":\"WebPage\",\"@id\":\"https:\/\/yncrea.fr\/en\/some-projects\/co-creation-lab\/\",\"url\":\"https:\/\/yncrea.fr\/en\/some-projects\/co-creation-lab\/\",\"name\":\"Co-Creation Lab - Yncr\u00e9a - Premier p\u00f4le priv\u00e9 associatif d&#039;\u00e9coles d&#039;ing\u00e9nieurs en France\",\"isPartOf\":{\"@id\":\"https:\/\/yncrea.fr\/#website\"},\"datePublished\":\"2017-03-03T10:48:22+00:00\",\"dateModified\":\"2017-03-03T10:54:17+00:00\",\"breadcrumb\":{\"@id\":\"https:\/\/yncrea.fr\/en\/some-projects\/co-creation-lab\/#breadcrumb\"},\"inLanguage\":\"en-US\",\"potentialAction\":[{\"@type\":\"ReadAction\",\"target\":[\"https:\/\/yncrea.fr\/en\/some-projects\/co-creation-lab\/\"]}]},{\"@type\":\"BreadcrumbList\",\"@id\":\"https:\/\/yncrea.fr\/en\/some-projects\/co-creation-lab\/#breadcrumb\",\"itemListElement\":[{\"@type\":\"ListItem\",\"position\":1,\"name\":\"Accueil\",\"item\":\"https:\/\/yncrea.fr\/en\/\"},{\"@type\":\"ListItem\",\"position\":2,\"name\":\"Some projects\",\"item\":\"https:\/\/yncrea.fr\/en\/some-projects\/\"},{\"@type\":\"ListItem\",\"position\":3,\"name\":\"Co-Creation Lab\"}]},{\"@type\":\"WebSite\",\"@id\":\"https:\/\/yncrea.fr\/#website\",\"url\":\"https:\/\/yncrea.fr\/\",\"name\":\"Yncr\u00e9a - Premier p\u00f4le priv\u00e9 associatif d&#039;\u00e9coles d&#039;ing\u00e9nieurs en France\",\"description\":\"Just another WordPress site\",\"potentialAction\":[{\"@type\":\"SearchAction\",\"target\":{\"@type\":\"EntryPoint\",\"urlTemplate\":\"https:\/\/yncrea.fr\/?s={search_term_string}\"},\"query-input\":\"required name=search_term_string\"}],\"inLanguage\":\"en-US\"}]}<\/script>\n<!-- \/ Yoast SEO plugin. -->","yoast_head_json":{"title":"Co-Creation Lab - Yncr\u00e9a - Premier p\u00f4le priv\u00e9 associatif d&#039;\u00e9coles d&#039;ing\u00e9nieurs en France","robots":{"index":"index","follow":"follow","max-snippet":"max-snippet:-1","max-image-preview":"max-image-preview:large","max-video-preview":"max-video-preview:-1"},"canonical":"https:\/\/yncrea.fr\/en\/some-projects\/co-creation-lab\/","og_locale":"en_US","og_type":"article","og_title":"Co-Creation Lab - Yncr\u00e9a - Premier p\u00f4le priv\u00e9 associatif d&#039;\u00e9coles d&#039;ing\u00e9nieurs en France","og_description":"The Co-creation Lab of Yncr\u00e9a M\u00e9diterran\u00e9e is designed to be a place of emergence of new products, services and uses tested and imagined by a group of students of different courses. They confront their know-how and their questions for the realization of a prototype answering the question of a company, an academic establishment, a community [&hellip;]","og_url":"https:\/\/yncrea.fr\/en\/some-projects\/co-creation-lab\/","og_site_name":"Yncr\u00e9a - Premier p\u00f4le priv\u00e9 associatif d&#039;\u00e9coles d&#039;ing\u00e9nieurs en France","article_modified_time":"2017-03-03T10:54:17+00:00","twitter_card":"summary_large_image","twitter_misc":{"Est. reading time":"1 minute"},"schema":{"@context":"https:\/\/schema.org","@graph":[{"@type":"WebPage","@id":"https:\/\/yncrea.fr\/en\/some-projects\/co-creation-lab\/","url":"https:\/\/yncrea.fr\/en\/some-projects\/co-creation-lab\/","name":"Co-Creation Lab - Yncr\u00e9a - Premier p\u00f4le priv\u00e9 associatif d&#039;\u00e9coles d&#039;ing\u00e9nieurs en France","isPartOf":{"@id":"https:\/\/yncrea.fr\/#website"},"datePublished":"2017-03-03T10:48:22+00:00","dateModified":"2017-03-03T10:54:17+00:00","breadcrumb":{"@id":"https:\/\/yncrea.fr\/en\/some-projects\/co-creation-lab\/#breadcrumb"},"inLanguage":"en-US","potentialAction":[{"@type":"ReadAction","target":["https:\/\/yncrea.fr\/en\/some-projects\/co-creation-lab\/"]}]},{"@type":"BreadcrumbList","@id":"https:\/\/yncrea.fr\/en\/some-projects\/co-creation-lab\/#breadcrumb","itemListElement":[{"@type":"ListItem","position":1,"name":"Accueil","item":"https:\/\/yncrea.fr\/en\/"},{"@type":"ListItem","position":2,"name":"Some projects","item":"https:\/\/yncrea.fr\/en\/some-projects\/"},{"@type":"ListItem","position":3,"name":"Co-Creation Lab"}]},{"@type":"WebSite","@id":"https:\/\/yncrea.fr\/#website","url":"https:\/\/yncrea.fr\/","name":"Yncr\u00e9a - Premier p\u00f4le priv\u00e9 associatif d&#039;\u00e9coles d&#039;ing\u00e9nieurs en France","description":"Just another WordPress site","potentialAction":[{"@type":"SearchAction","target":{"@type":"EntryPoint","urlTemplate":"https:\/\/yncrea.fr\/?s={search_term_string}"},"query-input":"required name=search_term_string"}],"inLanguage":"en-US"}]}},"_links":{"self":[{"href":"https:\/\/yncrea.fr\/en\/wp-json\/wp\/v2\/pages\/613","targetHints":{"allow":["GET"]}}],"collection":[{"href":"https:\/\/yncrea.fr\/en\/wp-json\/wp\/v2\/pages"}],"about":[{"href":"https:\/\/yncrea.fr\/en\/wp-json\/wp\/v2\/types\/page"}],"author":[{"embeddable":true,"href":"https:\/\/yncrea.fr\/en\/wp-json\/wp\/v2\/users\/4"}],"replies":[{"embeddable":true,"href":"https:\/\/yncrea.fr\/en\/wp-json\/wp\/v2\/comments?post=613"}],"version-history":[{"count":1,"href":"https:\/\/yncrea.fr\/en\/wp-json\/wp\/v2\/pages\/613\/revisions"}],"predecessor-version":[{"id":904,"href":"https:\/\/yncrea.fr\/en\/wp-json\/wp\/v2\/pages\/613\/revisions\/904"}],"up":[{"embeddable":true,"href":"https:\/\/yncrea.fr\/en\/wp-json\/wp\/v2\/pages\/603"}],"wp:attachment":[{"href":"https:\/\/yncrea.fr\/en\/wp-json\/wp\/v2\/media?parent=613"}],"wp:term":[{"taxonomy":"post_tag","embeddable":true,"href":"https:\/\/yncrea.fr\/en\/wp-json\/wp\/v2\/tags?post=613"}],"curies":[{"name":"wp","href":"https:\/\/api.w.org\/{rel}","templated":true}]}}