{"id":615,"date":"2017-03-03T10:48:27","date_gmt":"2017-03-03T10:48:27","guid":{"rendered":"https:\/\/yncrea.fr\/?page_id=615&#038;lang=en"},"modified":"2017-06-26T15:07:26","modified_gmt":"2017-06-26T15:07:26","slug":"educat","status":"publish","type":"page","link":"https:\/\/yncrea.fr\/en\/some-projects\/educat\/","title":{"rendered":"EDUCAT"},"content":{"rendered":"<p><span class=\"\" lang=\"en\"><img decoding=\"async\" class=\"size-full wp-image-1024 alignleft\" src=\"https:\/\/yncrea.fr\/wp-content\/uploads\/2016\/11\/logo_EDUCAT.jpg\" alt=\"EDUCAT\" width=\"283\" height=\"177\" \/><\/span><\/p>\n<p>EDUCAT (<strong>E<\/strong>mpowerment of\u00a0<strong>D<\/strong>isabled people through the\u00a0<strong>U<\/strong>ser\u00a0<strong>C<\/strong>oproduction of\u00a0<strong>A<\/strong>ssistive\u00a0<strong>T<\/strong>echnology) is an European funded project to develop and deliver adaptive, open and modular technology to promote independence and improve quality of life for people with motor impairment and neurological disorders.<\/p>\n<p>The project aims to promote a user-centered assistive technology design using co-design methods involving service users, engineers, clinicians, researchers, user-support networks and companies.<\/p>\n<p>A key element of the project is to incorporate monitoring of equipment usage patterns. It is anticipated that analysis of this data will provide diagnostic information on user condition and changes in that condition. This information will improve the prescription of assistive technology, inform the ongoing adaptation of that technology to meet user needs and increase the success rate for the long term provision of assistive technology. The outcome will be to improve the user quality of life. The development is supported by clinical trials throughout the project.<\/p>\n<p>The expected benefits are cost and time savings for companies (for developing technologies) and hospitals (for care) as well as a higher efficiency of use of the technology. The long term goal is to deliver affordable technology through cross-border collaboration and facilitate uptake on the market.<\/p>\n<p><strong>Partners<\/strong><\/p>\n<ul>\n<li><a href=\"http:\/\/www.isen-lille.fr\/\">Yncr\u00e9a-ISEN Lille<\/a>\u00a0(FR)<\/li>\n<li><a href=\"http:\/\/www.eda.kent.ac.uk\/health\/projects\/educat.aspx\">The University of Kent<\/a>\u00a0(GB)<\/li>\n<li><a href=\"http:\/\/www.ekhuft.nhs.uk\/acat\">East Kent Hospitals University Foundation Trust<\/a>\u00a0(GB)<\/li>\n<li><a href=\"http:\/\/www.fet.kuleuven.be\/ghent\">KU Leuven<\/a>\u00a0(BE)<\/li>\n<li>Voka \u2013 Chamber of Commerce of East Flanders (BE)<\/li>\n<li><a href=\"http:\/\/www.sussexcommunity.nhs.uk\/chailey-research\">Sussex Community NHS Trust<\/a>\u00a0(GB)<\/li>\n<\/ul>\n<p>The project benefits from further involvement of service users and a group of observers:\u00a0<a href=\"http:\/\/c-rnt.apf.asso.fr\/\">CRN-T APF<\/a>\u00a0(FR),\u00a0<a href=\"http:\/\/dspvalley.com\/\">DSP Valley<\/a>\u00a0(BE),<a href=\"https:\/\/dynamiccontrols.com\/en\/\">Dynamic Control<\/a>\u00a0(GB),\u00a0<a href=\"http:\/\/www.esigelec.fr\/fr\/IRSEEM\">ESIGELEG<\/a>\u00a0(FR),\u00a0<a href=\"http:\/\/www.eurasante.com\/\">Eurasant\u00e9<\/a>\u00a0(FR),\u00a0<a href=\"http:\/\/www.kentbraininjuryforum.org.uk\/\">KABIF<\/a>\u00a0(GB) and\u00a0<a href=\"http:\/\/www.beveridgefoundation.org\/\">SWBF<\/a>\u00a0(GB).<\/p>\n<p>This project has received a grant of \u20ac 1,798,722.60\u00a0from\u00a0\u00a0<a href=\"http:\/\/www.interreg2seas.eu\/\">Interreg VA 2 Seas 2014-2020<\/a>\u00a0co-funded by the European Regional Development Fund.<\/p>\n<p>For more information visit the project website\u00a0<a href=\"http:\/\/www.educat2seas.eu\/\">www.educat2seas.eu<\/a>.<\/p>\n","protected":false},"excerpt":{"rendered":"<p>EDUCAT (Empowerment of\u00a0Disabled people through the\u00a0User\u00a0Coproduction of\u00a0Assistive\u00a0Technology) is an European funded project to develop and deliver adaptive, open and modular technology to promote independence and improve quality of life for people with motor impairment and neurological disorders. The project aims to promote a user-centered assistive technology design using co-design methods involving service users, engineers, clinicians, [&hellip;]<\/p>\n","protected":false},"author":4,"featured_media":0,"parent":603,"menu_order":50,"comment_status":"closed","ping_status":"closed","template":"","meta":{"footnotes":""},"tags":[],"class_list":["post-615","page","type-page","status-publish","hentry"],"acf":[],"yoast_head":"<!-- This site is optimized with the Yoast SEO plugin v19.14 - https:\/\/yoast.com\/wordpress\/plugins\/seo\/ -->\n<title>EDUCAT - Yncr\u00e9a - Premier p\u00f4le priv\u00e9 associatif d&#039;\u00e9coles d&#039;ing\u00e9nieurs en France<\/title>\n<meta name=\"robots\" content=\"index, follow, max-snippet:-1, max-image-preview:large, max-video-preview:-1\" \/>\n<link rel=\"canonical\" href=\"https:\/\/yncrea.fr\/en\/some-projects\/educat\/\" \/>\n<meta property=\"og:locale\" content=\"en_US\" \/>\n<meta property=\"og:type\" content=\"article\" \/>\n<meta property=\"og:title\" content=\"EDUCAT - Yncr\u00e9a - Premier p\u00f4le priv\u00e9 associatif d&#039;\u00e9coles d&#039;ing\u00e9nieurs en France\" \/>\n<meta property=\"og:description\" content=\"EDUCAT (Empowerment of\u00a0Disabled people through the\u00a0User\u00a0Coproduction of\u00a0Assistive\u00a0Technology) is an European funded project to develop and deliver adaptive, open and modular technology to promote independence and improve quality of life for people with motor impairment and neurological disorders. The project aims to promote a user-centered assistive technology design using co-design methods involving service users, engineers, clinicians, [&hellip;]\" \/>\n<meta property=\"og:url\" content=\"https:\/\/yncrea.fr\/en\/some-projects\/educat\/\" \/>\n<meta property=\"og:site_name\" content=\"Yncr\u00e9a - Premier p\u00f4le priv\u00e9 associatif d&#039;\u00e9coles d&#039;ing\u00e9nieurs en France\" \/>\n<meta property=\"article:modified_time\" content=\"2017-06-26T15:07:26+00:00\" \/>\n<meta property=\"og:image\" content=\"https:\/\/yncrea.fr\/wp-content\/uploads\/2016\/11\/logo_EDUCAT.jpg\" \/>\n<meta name=\"twitter:card\" content=\"summary_large_image\" \/>\n<meta name=\"twitter:label1\" content=\"Est. reading time\" \/>\n\t<meta name=\"twitter:data1\" content=\"1 minute\" \/>\n<script type=\"application\/ld+json\" class=\"yoast-schema-graph\">{\"@context\":\"https:\/\/schema.org\",\"@graph\":[{\"@type\":\"WebPage\",\"@id\":\"https:\/\/yncrea.fr\/en\/some-projects\/educat\/\",\"url\":\"https:\/\/yncrea.fr\/en\/some-projects\/educat\/\",\"name\":\"EDUCAT - Yncr\u00e9a - Premier p\u00f4le priv\u00e9 associatif d&#039;\u00e9coles d&#039;ing\u00e9nieurs en France\",\"isPartOf\":{\"@id\":\"https:\/\/yncrea.fr\/#website\"},\"datePublished\":\"2017-03-03T10:48:27+00:00\",\"dateModified\":\"2017-06-26T15:07:26+00:00\",\"breadcrumb\":{\"@id\":\"https:\/\/yncrea.fr\/en\/some-projects\/educat\/#breadcrumb\"},\"inLanguage\":\"en-US\",\"potentialAction\":[{\"@type\":\"ReadAction\",\"target\":[\"https:\/\/yncrea.fr\/en\/some-projects\/educat\/\"]}]},{\"@type\":\"BreadcrumbList\",\"@id\":\"https:\/\/yncrea.fr\/en\/some-projects\/educat\/#breadcrumb\",\"itemListElement\":[{\"@type\":\"ListItem\",\"position\":1,\"name\":\"Accueil\",\"item\":\"https:\/\/yncrea.fr\/en\/\"},{\"@type\":\"ListItem\",\"position\":2,\"name\":\"Some projects\",\"item\":\"https:\/\/yncrea.fr\/en\/some-projects\/\"},{\"@type\":\"ListItem\",\"position\":3,\"name\":\"EDUCAT\"}]},{\"@type\":\"WebSite\",\"@id\":\"https:\/\/yncrea.fr\/#website\",\"url\":\"https:\/\/yncrea.fr\/\",\"name\":\"Yncr\u00e9a - Premier p\u00f4le priv\u00e9 associatif d&#039;\u00e9coles d&#039;ing\u00e9nieurs en France\",\"description\":\"Just another WordPress site\",\"potentialAction\":[{\"@type\":\"SearchAction\",\"target\":{\"@type\":\"EntryPoint\",\"urlTemplate\":\"https:\/\/yncrea.fr\/?s={search_term_string}\"},\"query-input\":\"required name=search_term_string\"}],\"inLanguage\":\"en-US\"}]}<\/script>\n<!-- \/ Yoast SEO plugin. -->","yoast_head_json":{"title":"EDUCAT - Yncr\u00e9a - Premier p\u00f4le priv\u00e9 associatif d&#039;\u00e9coles d&#039;ing\u00e9nieurs en France","robots":{"index":"index","follow":"follow","max-snippet":"max-snippet:-1","max-image-preview":"max-image-preview:large","max-video-preview":"max-video-preview:-1"},"canonical":"https:\/\/yncrea.fr\/en\/some-projects\/educat\/","og_locale":"en_US","og_type":"article","og_title":"EDUCAT - Yncr\u00e9a - Premier p\u00f4le priv\u00e9 associatif d&#039;\u00e9coles d&#039;ing\u00e9nieurs en France","og_description":"EDUCAT (Empowerment of\u00a0Disabled people through the\u00a0User\u00a0Coproduction of\u00a0Assistive\u00a0Technology) is an European funded project to develop and deliver adaptive, open and modular technology to promote independence and improve quality of life for people with motor impairment and neurological disorders. The project aims to promote a user-centered assistive technology design using co-design methods involving service users, engineers, clinicians, [&hellip;]","og_url":"https:\/\/yncrea.fr\/en\/some-projects\/educat\/","og_site_name":"Yncr\u00e9a - Premier p\u00f4le priv\u00e9 associatif d&#039;\u00e9coles d&#039;ing\u00e9nieurs en France","article_modified_time":"2017-06-26T15:07:26+00:00","og_image":[{"url":"https:\/\/yncrea.fr\/wp-content\/uploads\/2016\/11\/logo_EDUCAT.jpg"}],"twitter_card":"summary_large_image","twitter_misc":{"Est. reading time":"1 minute"},"schema":{"@context":"https:\/\/schema.org","@graph":[{"@type":"WebPage","@id":"https:\/\/yncrea.fr\/en\/some-projects\/educat\/","url":"https:\/\/yncrea.fr\/en\/some-projects\/educat\/","name":"EDUCAT - Yncr\u00e9a - Premier p\u00f4le priv\u00e9 associatif d&#039;\u00e9coles d&#039;ing\u00e9nieurs en France","isPartOf":{"@id":"https:\/\/yncrea.fr\/#website"},"datePublished":"2017-03-03T10:48:27+00:00","dateModified":"2017-06-26T15:07:26+00:00","breadcrumb":{"@id":"https:\/\/yncrea.fr\/en\/some-projects\/educat\/#breadcrumb"},"inLanguage":"en-US","potentialAction":[{"@type":"ReadAction","target":["https:\/\/yncrea.fr\/en\/some-projects\/educat\/"]}]},{"@type":"BreadcrumbList","@id":"https:\/\/yncrea.fr\/en\/some-projects\/educat\/#breadcrumb","itemListElement":[{"@type":"ListItem","position":1,"name":"Accueil","item":"https:\/\/yncrea.fr\/en\/"},{"@type":"ListItem","position":2,"name":"Some projects","item":"https:\/\/yncrea.fr\/en\/some-projects\/"},{"@type":"ListItem","position":3,"name":"EDUCAT"}]},{"@type":"WebSite","@id":"https:\/\/yncrea.fr\/#website","url":"https:\/\/yncrea.fr\/","name":"Yncr\u00e9a - Premier p\u00f4le priv\u00e9 associatif d&#039;\u00e9coles d&#039;ing\u00e9nieurs en France","description":"Just another WordPress site","potentialAction":[{"@type":"SearchAction","target":{"@type":"EntryPoint","urlTemplate":"https:\/\/yncrea.fr\/?s={search_term_string}"},"query-input":"required name=search_term_string"}],"inLanguage":"en-US"}]}},"_links":{"self":[{"href":"https:\/\/yncrea.fr\/en\/wp-json\/wp\/v2\/pages\/615","targetHints":{"allow":["GET"]}}],"collection":[{"href":"https:\/\/yncrea.fr\/en\/wp-json\/wp\/v2\/pages"}],"about":[{"href":"https:\/\/yncrea.fr\/en\/wp-json\/wp\/v2\/types\/page"}],"author":[{"embeddable":true,"href":"https:\/\/yncrea.fr\/en\/wp-json\/wp\/v2\/users\/4"}],"replies":[{"embeddable":true,"href":"https:\/\/yncrea.fr\/en\/wp-json\/wp\/v2\/comments?post=615"}],"version-history":[{"count":1,"href":"https:\/\/yncrea.fr\/en\/wp-json\/wp\/v2\/pages\/615\/revisions"}],"predecessor-version":[{"id":1028,"href":"https:\/\/yncrea.fr\/en\/wp-json\/wp\/v2\/pages\/615\/revisions\/1028"}],"up":[{"embeddable":true,"href":"https:\/\/yncrea.fr\/en\/wp-json\/wp\/v2\/pages\/603"}],"wp:attachment":[{"href":"https:\/\/yncrea.fr\/en\/wp-json\/wp\/v2\/media?parent=615"}],"wp:term":[{"taxonomy":"post_tag","embeddable":true,"href":"https:\/\/yncrea.fr\/en\/wp-json\/wp\/v2\/tags?post=615"}],"curies":[{"name":"wp","href":"https:\/\/api.w.org\/{rel}","templated":true}]}}