{"id":617,"date":"2017-03-03T10:48:36","date_gmt":"2017-03-03T10:48:36","guid":{"rendered":"https:\/\/yncrea.fr\/?page_id=617&#038;lang=en"},"modified":"2017-03-03T10:55:42","modified_gmt":"2017-03-03T10:55:42","slug":"energy-habitat-environment","status":"publish","type":"page","link":"https:\/\/yncrea.fr\/en\/some-projects\/energy-habitat-environment\/","title":{"rendered":"Energy-habitat-environment"},"content":{"rendered":"<p>The transdisciplinary theme Energy Habitat Environment is part of the combined stakes of intelligent and sustainable cities and those of energy transition.<\/p>\n<p><span title=\"Les applications sont nombreuses : l'efficacit\u00e9 \u00e9nerg\u00e9tique des b\u00e2timents, les b\u00e2timents intelligents, les smart grids\/r\u00e9seaux intelligents, la production, le stockage et la distribution de l'\u00e9nergie, les \u00e9nergies renouvelables, l'am\u00e9nagement urbain, la gestion durable et la\">There are many applications: energy efficiency in buildings, intelligent buildings, smart grids \/ smart grids, energy production, storage and distribution, renewable energies, urban planning, sustainable management and <\/span><span title=\"d\u00e9pollution des sols, la qualit\u00e9 de l'habitat, l'acoustique, la mobilit\u00e9 (ex : v\u00e9hicules \u00e9lectriques\u2026), la domotique, le num\u00e9rique, le BIM (Building Information Model), les smart cities, \u00e9co-quartier, l'agriculture\">The quality of housing, acoustics, mobility (eg electric vehicles &#8230;), home automation, digital, BIM (Building Information Model), smart cities, eco-neighborhood, agriculture <\/span><span title=\"en ville, \u2026 \">in the city, \u2026<\/span><\/p>\n<p><span title=\"Ces enjeux se pensent de fa\u00e7on globale en empruntant aux principes de l\u2019\u00e9conomie circulaire et de l\u2019\u00e9co-conception.\">These issues are considered in a holistic way, using the principles of circular economy and eco-design. <\/span><span title=\"Ils s\u2019inscrivent pleinement dans la logique de transition \u00e9nerg\u00e9tique et de la troisi\u00e8me r\u00e9volution industrielle en r\u00e9gion Nord Pas-de-Calais. \">They are fully in line with the logic of energy transition and the third industrial revolution in the Nord Pas-de-Calais region.<\/span><\/p>\n<p><span title=\"Yncr\u00e9a Hauts-de-France formalise les activit\u00e9s \u00ab Energie Habitat Environnement \u00bb conduites dans le cadre d\u2019une chaire d\u00e9clin\u00e9e sous diff\u00e9rents volets : p\u00e9dagogique, recherche, valorisation &amp; transfert. \">Yncr\u00e9a Hauts-de-France formalizes the &#8220;Energie Habitat Environnement&#8221; activities carried out within the framework of a chair devoted to pedagogy, research, valorisation and transfer.<\/span><\/p>\n<p><span title=\"Les principaux objectifs de la chaire sont : \u00a0\u00a0\u00a0\u00a0\">The main objectives of the Chair are:<\/span><\/p>\n<ul>\n<li><span title=\"P\u00e9dagogiques : cr\u00e9er ou adapter des programmes de formation (initiale, continue, alternance\u2026) permettant de garantir les d\u00e9bouch\u00e9s et l\u2019insertion de nos \u00e9tudiants ; \u00a0\u00a0\u00a0\u00a0\">Educational: create or adapt training programs (initial, continuing, alternation &#8230;) to guarantee the opportunities and integration of our students<\/span><\/li>\n<li><span title=\"Scientifiques : favoriser une dynamique entre la R&amp;D de l\u2019entreprise et les \u00e9quipes des laboratoires et accroitre la visibilit\u00e9 scientifique des laboratoires de nos \u00e9coles ; \u00a0\u00a0\u00a0\u00a0\">Scientists: fostering a dynamic between the company&#8217;s R &amp; D and laboratory teams and increasing the scientific visibility of laboratories in our schools<\/span><\/li>\n<li><span title=\"Economiques : accompagner les projets d\u2019innovation des entreprises partenaires.\">Economic: accompany innovation projects of partner companies.<\/span><\/li>\n<\/ul>\n","protected":false},"excerpt":{"rendered":"<p>The transdisciplinary theme Energy Habitat Environment is part of the combined stakes of intelligent and sustainable cities and those of energy transition. There are many applications: energy efficiency in buildings, intelligent buildings, smart grids \/ smart grids, energy production, storage and distribution, renewable energies, urban planning, sustainable management and The quality of housing, acoustics, mobility [&hellip;]<\/p>\n","protected":false},"author":4,"featured_media":0,"parent":603,"menu_order":60,"comment_status":"closed","ping_status":"closed","template":"","meta":{"footnotes":""},"tags":[],"class_list":["post-617","page","type-page","status-publish","hentry"],"acf":[],"yoast_head":"<!-- This site is optimized with the Yoast SEO plugin v19.14 - https:\/\/yoast.com\/wordpress\/plugins\/seo\/ -->\n<title>Energy-habitat-environment - Yncr\u00e9a - Premier p\u00f4le priv\u00e9 associatif d&#039;\u00e9coles d&#039;ing\u00e9nieurs en France<\/title>\n<meta name=\"robots\" content=\"index, follow, max-snippet:-1, max-image-preview:large, max-video-preview:-1\" \/>\n<link rel=\"canonical\" href=\"https:\/\/yncrea.fr\/en\/some-projects\/energy-habitat-environment\/\" \/>\n<meta property=\"og:locale\" content=\"en_US\" \/>\n<meta property=\"og:type\" content=\"article\" \/>\n<meta property=\"og:title\" content=\"Energy-habitat-environment - Yncr\u00e9a - Premier p\u00f4le priv\u00e9 associatif d&#039;\u00e9coles d&#039;ing\u00e9nieurs en France\" \/>\n<meta property=\"og:description\" content=\"The transdisciplinary theme Energy Habitat Environment is part of the combined stakes of intelligent and sustainable cities and those of energy transition. There are many applications: energy efficiency in buildings, intelligent buildings, smart grids \/ smart grids, energy production, storage and distribution, renewable energies, urban planning, sustainable management and The quality of housing, acoustics, mobility [&hellip;]\" \/>\n<meta property=\"og:url\" content=\"https:\/\/yncrea.fr\/en\/some-projects\/energy-habitat-environment\/\" \/>\n<meta property=\"og:site_name\" content=\"Yncr\u00e9a - Premier p\u00f4le priv\u00e9 associatif d&#039;\u00e9coles d&#039;ing\u00e9nieurs en France\" \/>\n<meta property=\"article:modified_time\" content=\"2017-03-03T10:55:42+00:00\" \/>\n<meta name=\"twitter:card\" content=\"summary_large_image\" \/>\n<meta name=\"twitter:label1\" content=\"Est. reading time\" \/>\n\t<meta name=\"twitter:data1\" content=\"1 minute\" \/>\n<script type=\"application\/ld+json\" class=\"yoast-schema-graph\">{\"@context\":\"https:\/\/schema.org\",\"@graph\":[{\"@type\":\"WebPage\",\"@id\":\"https:\/\/yncrea.fr\/en\/some-projects\/energy-habitat-environment\/\",\"url\":\"https:\/\/yncrea.fr\/en\/some-projects\/energy-habitat-environment\/\",\"name\":\"Energy-habitat-environment - Yncr\u00e9a - Premier p\u00f4le priv\u00e9 associatif d&#039;\u00e9coles d&#039;ing\u00e9nieurs en France\",\"isPartOf\":{\"@id\":\"https:\/\/yncrea.fr\/#website\"},\"datePublished\":\"2017-03-03T10:48:36+00:00\",\"dateModified\":\"2017-03-03T10:55:42+00:00\",\"breadcrumb\":{\"@id\":\"https:\/\/yncrea.fr\/en\/some-projects\/energy-habitat-environment\/#breadcrumb\"},\"inLanguage\":\"en-US\",\"potentialAction\":[{\"@type\":\"ReadAction\",\"target\":[\"https:\/\/yncrea.fr\/en\/some-projects\/energy-habitat-environment\/\"]}]},{\"@type\":\"BreadcrumbList\",\"@id\":\"https:\/\/yncrea.fr\/en\/some-projects\/energy-habitat-environment\/#breadcrumb\",\"itemListElement\":[{\"@type\":\"ListItem\",\"position\":1,\"name\":\"Accueil\",\"item\":\"https:\/\/yncrea.fr\/en\/\"},{\"@type\":\"ListItem\",\"position\":2,\"name\":\"Some projects\",\"item\":\"https:\/\/yncrea.fr\/en\/some-projects\/\"},{\"@type\":\"ListItem\",\"position\":3,\"name\":\"Energy-habitat-environment\"}]},{\"@type\":\"WebSite\",\"@id\":\"https:\/\/yncrea.fr\/#website\",\"url\":\"https:\/\/yncrea.fr\/\",\"name\":\"Yncr\u00e9a - Premier p\u00f4le priv\u00e9 associatif d&#039;\u00e9coles d&#039;ing\u00e9nieurs en France\",\"description\":\"Just another WordPress site\",\"potentialAction\":[{\"@type\":\"SearchAction\",\"target\":{\"@type\":\"EntryPoint\",\"urlTemplate\":\"https:\/\/yncrea.fr\/?s={search_term_string}\"},\"query-input\":\"required name=search_term_string\"}],\"inLanguage\":\"en-US\"}]}<\/script>\n<!-- \/ Yoast SEO plugin. -->","yoast_head_json":{"title":"Energy-habitat-environment - Yncr\u00e9a - Premier p\u00f4le priv\u00e9 associatif d&#039;\u00e9coles d&#039;ing\u00e9nieurs en France","robots":{"index":"index","follow":"follow","max-snippet":"max-snippet:-1","max-image-preview":"max-image-preview:large","max-video-preview":"max-video-preview:-1"},"canonical":"https:\/\/yncrea.fr\/en\/some-projects\/energy-habitat-environment\/","og_locale":"en_US","og_type":"article","og_title":"Energy-habitat-environment - Yncr\u00e9a - Premier p\u00f4le priv\u00e9 associatif d&#039;\u00e9coles d&#039;ing\u00e9nieurs en France","og_description":"The transdisciplinary theme Energy Habitat Environment is part of the combined stakes of intelligent and sustainable cities and those of energy transition. There are many applications: energy efficiency in buildings, intelligent buildings, smart grids \/ smart grids, energy production, storage and distribution, renewable energies, urban planning, sustainable management and The quality of housing, acoustics, mobility [&hellip;]","og_url":"https:\/\/yncrea.fr\/en\/some-projects\/energy-habitat-environment\/","og_site_name":"Yncr\u00e9a - Premier p\u00f4le priv\u00e9 associatif d&#039;\u00e9coles d&#039;ing\u00e9nieurs en France","article_modified_time":"2017-03-03T10:55:42+00:00","twitter_card":"summary_large_image","twitter_misc":{"Est. reading time":"1 minute"},"schema":{"@context":"https:\/\/schema.org","@graph":[{"@type":"WebPage","@id":"https:\/\/yncrea.fr\/en\/some-projects\/energy-habitat-environment\/","url":"https:\/\/yncrea.fr\/en\/some-projects\/energy-habitat-environment\/","name":"Energy-habitat-environment - Yncr\u00e9a - Premier p\u00f4le priv\u00e9 associatif d&#039;\u00e9coles d&#039;ing\u00e9nieurs en France","isPartOf":{"@id":"https:\/\/yncrea.fr\/#website"},"datePublished":"2017-03-03T10:48:36+00:00","dateModified":"2017-03-03T10:55:42+00:00","breadcrumb":{"@id":"https:\/\/yncrea.fr\/en\/some-projects\/energy-habitat-environment\/#breadcrumb"},"inLanguage":"en-US","potentialAction":[{"@type":"ReadAction","target":["https:\/\/yncrea.fr\/en\/some-projects\/energy-habitat-environment\/"]}]},{"@type":"BreadcrumbList","@id":"https:\/\/yncrea.fr\/en\/some-projects\/energy-habitat-environment\/#breadcrumb","itemListElement":[{"@type":"ListItem","position":1,"name":"Accueil","item":"https:\/\/yncrea.fr\/en\/"},{"@type":"ListItem","position":2,"name":"Some projects","item":"https:\/\/yncrea.fr\/en\/some-projects\/"},{"@type":"ListItem","position":3,"name":"Energy-habitat-environment"}]},{"@type":"WebSite","@id":"https:\/\/yncrea.fr\/#website","url":"https:\/\/yncrea.fr\/","name":"Yncr\u00e9a - Premier p\u00f4le priv\u00e9 associatif d&#039;\u00e9coles d&#039;ing\u00e9nieurs en France","description":"Just another WordPress site","potentialAction":[{"@type":"SearchAction","target":{"@type":"EntryPoint","urlTemplate":"https:\/\/yncrea.fr\/?s={search_term_string}"},"query-input":"required name=search_term_string"}],"inLanguage":"en-US"}]}},"_links":{"self":[{"href":"https:\/\/yncrea.fr\/en\/wp-json\/wp\/v2\/pages\/617","targetHints":{"allow":["GET"]}}],"collection":[{"href":"https:\/\/yncrea.fr\/en\/wp-json\/wp\/v2\/pages"}],"about":[{"href":"https:\/\/yncrea.fr\/en\/wp-json\/wp\/v2\/types\/page"}],"author":[{"embeddable":true,"href":"https:\/\/yncrea.fr\/en\/wp-json\/wp\/v2\/users\/4"}],"replies":[{"embeddable":true,"href":"https:\/\/yncrea.fr\/en\/wp-json\/wp\/v2\/comments?post=617"}],"version-history":[{"count":1,"href":"https:\/\/yncrea.fr\/en\/wp-json\/wp\/v2\/pages\/617\/revisions"}],"predecessor-version":[{"id":905,"href":"https:\/\/yncrea.fr\/en\/wp-json\/wp\/v2\/pages\/617\/revisions\/905"}],"up":[{"embeddable":true,"href":"https:\/\/yncrea.fr\/en\/wp-json\/wp\/v2\/pages\/603"}],"wp:attachment":[{"href":"https:\/\/yncrea.fr\/en\/wp-json\/wp\/v2\/media?parent=617"}],"wp:term":[{"taxonomy":"post_tag","embeddable":true,"href":"https:\/\/yncrea.fr\/en\/wp-json\/wp\/v2\/tags?post=617"}],"curies":[{"name":"wp","href":"https:\/\/api.w.org\/{rel}","templated":true}]}}