{"id":619,"date":"2017-03-03T10:48:40","date_gmt":"2017-03-03T10:48:40","guid":{"rendered":"https:\/\/yncrea.fr\/?page_id=619&#038;lang=en"},"modified":"2017-03-03T10:48:40","modified_gmt":"2017-03-03T10:48:40","slug":"fr2i","status":"publish","type":"page","link":"https:\/\/yncrea.fr\/en\/some-projects\/fr2i\/","title":{"rendered":"FR2I"},"content":{"rendered":"<p><span id=\"result_box\" class=\"\" lang=\"en\"><span title=\"FR2I \u00ab Formation r\u00e9seaux d\u2019ing\u00e9nieurs internationaux \u00bb \">FR2I &#8220;Training for international engineering networks&#8221;<\/span><\/span><\/p>\n<p><span title=\"Port\u00e9 par Yncr\u00e9a M\u00e9diterran\u00e9e et son \u00e9cole ISEN Toulon, s'appuyant sur le r\u00e9seau des ISEN sur Lille, Brest et au Maroc, le projet FR2I est l'un des 12 laur\u00e9ats de l'appel \u00e0 projets \u00ab Initiatives d'excellence en formations innovantes\">Carried by Yncr\u00e9a M\u00e9diterran\u00e9e and its ISEN Toulon school, based on the network of ISENs in Lille, Brest and Morocco, the FR2I project is one of the 12 winners of the call for projects &#8220;Innovative Initiatives of Excellence <\/span><span title=\"num\u00e9riques \u00bb lanc\u00e9 dans le cadre du Programme des investissements d'avenir (PIA). \">Digital technologies &#8220;launched under the Investments for the Future Program (PIA).<\/span><\/p>\n<p><span title=\"Le projet FR2I est centr\u00e9 sur la formation des trois premi\u00e8res ann\u00e9es post-bac.\">The FR2I project focuses on training the first three post-baccalaur\u00e9at years. <\/span><span title=\"Il vise \u00e0 introduire de mani\u00e8re significative des contenus et outils num\u00e9riques dans les formations ing\u00e9nieurs.\">It aims to introduce in a significant way digital content and tools in engineering courses. <\/span><span title=\"Les contenus interactifs seront compl\u00e9t\u00e9s par des d\u00e9marches incluant coworking, codesign et p\u00e9dagogie par projets innovants.\">Interactive content will be complemented by approaches including coworking, codesign and pedagogy through innovative projects. <\/span><span title=\"Ce dispositif facilitera le d\u00e9veloppement \u00e0 l\u2019international des formations et le d\u00e9ploiement de sites \u00e0 distance. \">This will facilitate the international development of training and the deployment of remote sites.<\/span><\/p>\n<p><span title=\"Ce projet a vocation \u00e0 acc\u00e9l\u00e9rer la cr\u00e9ation de MOOC (cours en ligne ouverts \u00e0 tous) et de dispositifs de formation num\u00e9rique de qualit\u00e9.\">This project aims to accelerate the creation of MOOC (online courses open to all) and quality digital training devices. <\/span><span title=\"D\u00e9velopper l\u2019attractivit\u00e9 internationale des \u00e9tablissements d\u2019enseignement sup\u00e9rieur et de recherche, promouvoir des dispositifs p\u00e9dagogiques innovants par le num\u00e9rique et conforter une dynamique de formations universitaires tout au long de la vie sont les objectifs de ce projet.\">The objectives of this project are to develop the international attractiveness of higher education and research institutions, to promote innovative pedagogical devices by means of digital technology and to reinforce the dynamics of university education throughout the life course. <\/span><span title=\"Il vise \u00e9galement \u00e0 favoriser les associations entre \u00e9tablissements d\u2019enseignement sup\u00e9rieur et entreprises de l\u2019\u00e9conomie num\u00e9rique.\">It also aims to promote associations between higher education institutions and enterprises in the digital economy.<\/span><\/p>\n","protected":false},"excerpt":{"rendered":"<p>FR2I &#8220;Training for international engineering networks&#8221; Carried by Yncr\u00e9a M\u00e9diterran\u00e9e and its ISEN Toulon school, based on the network of ISENs in Lille, Brest and Morocco, the FR2I project is one of the 12 winners of the call for projects &#8220;Innovative Initiatives of Excellence Digital technologies &#8220;launched under the Investments for the Future Program (PIA). [&hellip;]<\/p>\n","protected":false},"author":4,"featured_media":0,"parent":603,"menu_order":70,"comment_status":"closed","ping_status":"closed","template":"","meta":{"footnotes":""},"tags":[],"class_list":["post-619","page","type-page","status-publish","hentry"],"acf":[],"yoast_head":"<!-- This site is optimized with the Yoast SEO plugin v19.14 - https:\/\/yoast.com\/wordpress\/plugins\/seo\/ -->\n<title>FR2I - Yncr\u00e9a - Premier p\u00f4le priv\u00e9 associatif d&#039;\u00e9coles d&#039;ing\u00e9nieurs en France<\/title>\n<meta name=\"robots\" content=\"index, follow, max-snippet:-1, max-image-preview:large, max-video-preview:-1\" \/>\n<link rel=\"canonical\" href=\"https:\/\/yncrea.fr\/en\/some-projects\/fr2i\/\" \/>\n<meta property=\"og:locale\" content=\"en_US\" \/>\n<meta property=\"og:type\" content=\"article\" \/>\n<meta property=\"og:title\" content=\"FR2I - Yncr\u00e9a - Premier p\u00f4le priv\u00e9 associatif d&#039;\u00e9coles d&#039;ing\u00e9nieurs en France\" \/>\n<meta property=\"og:description\" content=\"FR2I &#8220;Training for international engineering networks&#8221; Carried by Yncr\u00e9a M\u00e9diterran\u00e9e and its ISEN Toulon school, based on the network of ISENs in Lille, Brest and Morocco, the FR2I project is one of the 12 winners of the call for projects &#8220;Innovative Initiatives of Excellence Digital technologies &#8220;launched under the Investments for the Future Program (PIA). [&hellip;]\" \/>\n<meta property=\"og:url\" content=\"https:\/\/yncrea.fr\/en\/some-projects\/fr2i\/\" \/>\n<meta property=\"og:site_name\" content=\"Yncr\u00e9a - Premier p\u00f4le priv\u00e9 associatif d&#039;\u00e9coles d&#039;ing\u00e9nieurs en France\" \/>\n<meta name=\"twitter:card\" content=\"summary_large_image\" \/>\n<meta name=\"twitter:label1\" content=\"Est. reading time\" \/>\n\t<meta name=\"twitter:data1\" content=\"1 minute\" \/>\n<script type=\"application\/ld+json\" class=\"yoast-schema-graph\">{\"@context\":\"https:\/\/schema.org\",\"@graph\":[{\"@type\":\"WebPage\",\"@id\":\"https:\/\/yncrea.fr\/en\/some-projects\/fr2i\/\",\"url\":\"https:\/\/yncrea.fr\/en\/some-projects\/fr2i\/\",\"name\":\"FR2I - Yncr\u00e9a - Premier p\u00f4le priv\u00e9 associatif d&#039;\u00e9coles d&#039;ing\u00e9nieurs en France\",\"isPartOf\":{\"@id\":\"https:\/\/yncrea.fr\/#website\"},\"datePublished\":\"2017-03-03T10:48:40+00:00\",\"dateModified\":\"2017-03-03T10:48:40+00:00\",\"breadcrumb\":{\"@id\":\"https:\/\/yncrea.fr\/en\/some-projects\/fr2i\/#breadcrumb\"},\"inLanguage\":\"en-US\",\"potentialAction\":[{\"@type\":\"ReadAction\",\"target\":[\"https:\/\/yncrea.fr\/en\/some-projects\/fr2i\/\"]}]},{\"@type\":\"BreadcrumbList\",\"@id\":\"https:\/\/yncrea.fr\/en\/some-projects\/fr2i\/#breadcrumb\",\"itemListElement\":[{\"@type\":\"ListItem\",\"position\":1,\"name\":\"Accueil\",\"item\":\"https:\/\/yncrea.fr\/en\/\"},{\"@type\":\"ListItem\",\"position\":2,\"name\":\"Some projects\",\"item\":\"https:\/\/yncrea.fr\/en\/some-projects\/\"},{\"@type\":\"ListItem\",\"position\":3,\"name\":\"FR2I\"}]},{\"@type\":\"WebSite\",\"@id\":\"https:\/\/yncrea.fr\/#website\",\"url\":\"https:\/\/yncrea.fr\/\",\"name\":\"Yncr\u00e9a - Premier p\u00f4le priv\u00e9 associatif d&#039;\u00e9coles d&#039;ing\u00e9nieurs en France\",\"description\":\"Just another WordPress site\",\"potentialAction\":[{\"@type\":\"SearchAction\",\"target\":{\"@type\":\"EntryPoint\",\"urlTemplate\":\"https:\/\/yncrea.fr\/?s={search_term_string}\"},\"query-input\":\"required name=search_term_string\"}],\"inLanguage\":\"en-US\"}]}<\/script>\n<!-- \/ Yoast SEO plugin. -->","yoast_head_json":{"title":"FR2I - Yncr\u00e9a - Premier p\u00f4le priv\u00e9 associatif d&#039;\u00e9coles d&#039;ing\u00e9nieurs en France","robots":{"index":"index","follow":"follow","max-snippet":"max-snippet:-1","max-image-preview":"max-image-preview:large","max-video-preview":"max-video-preview:-1"},"canonical":"https:\/\/yncrea.fr\/en\/some-projects\/fr2i\/","og_locale":"en_US","og_type":"article","og_title":"FR2I - Yncr\u00e9a - Premier p\u00f4le priv\u00e9 associatif d&#039;\u00e9coles d&#039;ing\u00e9nieurs en France","og_description":"FR2I &#8220;Training for international engineering networks&#8221; Carried by Yncr\u00e9a M\u00e9diterran\u00e9e and its ISEN Toulon school, based on the network of ISENs in Lille, Brest and Morocco, the FR2I project is one of the 12 winners of the call for projects &#8220;Innovative Initiatives of Excellence Digital technologies &#8220;launched under the Investments for the Future Program (PIA). [&hellip;]","og_url":"https:\/\/yncrea.fr\/en\/some-projects\/fr2i\/","og_site_name":"Yncr\u00e9a - Premier p\u00f4le priv\u00e9 associatif d&#039;\u00e9coles d&#039;ing\u00e9nieurs en France","twitter_card":"summary_large_image","twitter_misc":{"Est. reading time":"1 minute"},"schema":{"@context":"https:\/\/schema.org","@graph":[{"@type":"WebPage","@id":"https:\/\/yncrea.fr\/en\/some-projects\/fr2i\/","url":"https:\/\/yncrea.fr\/en\/some-projects\/fr2i\/","name":"FR2I - Yncr\u00e9a - Premier p\u00f4le priv\u00e9 associatif d&#039;\u00e9coles d&#039;ing\u00e9nieurs en France","isPartOf":{"@id":"https:\/\/yncrea.fr\/#website"},"datePublished":"2017-03-03T10:48:40+00:00","dateModified":"2017-03-03T10:48:40+00:00","breadcrumb":{"@id":"https:\/\/yncrea.fr\/en\/some-projects\/fr2i\/#breadcrumb"},"inLanguage":"en-US","potentialAction":[{"@type":"ReadAction","target":["https:\/\/yncrea.fr\/en\/some-projects\/fr2i\/"]}]},{"@type":"BreadcrumbList","@id":"https:\/\/yncrea.fr\/en\/some-projects\/fr2i\/#breadcrumb","itemListElement":[{"@type":"ListItem","position":1,"name":"Accueil","item":"https:\/\/yncrea.fr\/en\/"},{"@type":"ListItem","position":2,"name":"Some projects","item":"https:\/\/yncrea.fr\/en\/some-projects\/"},{"@type":"ListItem","position":3,"name":"FR2I"}]},{"@type":"WebSite","@id":"https:\/\/yncrea.fr\/#website","url":"https:\/\/yncrea.fr\/","name":"Yncr\u00e9a - Premier p\u00f4le priv\u00e9 associatif d&#039;\u00e9coles d&#039;ing\u00e9nieurs en France","description":"Just another WordPress site","potentialAction":[{"@type":"SearchAction","target":{"@type":"EntryPoint","urlTemplate":"https:\/\/yncrea.fr\/?s={search_term_string}"},"query-input":"required name=search_term_string"}],"inLanguage":"en-US"}]}},"_links":{"self":[{"href":"https:\/\/yncrea.fr\/en\/wp-json\/wp\/v2\/pages\/619","targetHints":{"allow":["GET"]}}],"collection":[{"href":"https:\/\/yncrea.fr\/en\/wp-json\/wp\/v2\/pages"}],"about":[{"href":"https:\/\/yncrea.fr\/en\/wp-json\/wp\/v2\/types\/page"}],"author":[{"embeddable":true,"href":"https:\/\/yncrea.fr\/en\/wp-json\/wp\/v2\/users\/4"}],"replies":[{"embeddable":true,"href":"https:\/\/yncrea.fr\/en\/wp-json\/wp\/v2\/comments?post=619"}],"version-history":[{"count":1,"href":"https:\/\/yncrea.fr\/en\/wp-json\/wp\/v2\/pages\/619\/revisions"}],"predecessor-version":[{"id":899,"href":"https:\/\/yncrea.fr\/en\/wp-json\/wp\/v2\/pages\/619\/revisions\/899"}],"up":[{"embeddable":true,"href":"https:\/\/yncrea.fr\/en\/wp-json\/wp\/v2\/pages\/603"}],"wp:attachment":[{"href":"https:\/\/yncrea.fr\/en\/wp-json\/wp\/v2\/media?parent=619"}],"wp:term":[{"taxonomy":"post_tag","embeddable":true,"href":"https:\/\/yncrea.fr\/en\/wp-json\/wp\/v2\/tags?post=619"}],"curies":[{"name":"wp","href":"https:\/\/api.w.org\/{rel}","templated":true}]}}