{"id":621,"date":"2017-03-03T10:48:44","date_gmt":"2017-03-03T10:48:44","guid":{"rendered":"https:\/\/yncrea.fr\/?page_id=621&#038;lang=en"},"modified":"2017-03-03T10:56:45","modified_gmt":"2017-03-03T10:56:45","slug":"internet-of-things","status":"publish","type":"page","link":"https:\/\/yncrea.fr\/en\/some-projects\/internet-of-things\/","title":{"rendered":"Internet of Things"},"content":{"rendered":"<p><span id=\"result_box\" class=\"\" lang=\"en\"><span title=\"Internet des objets (Internet of Things, IoT) \"><strong>Internet of Things (IoT)<\/strong><\/span><\/span><\/p>\n<p><span title=\"L\u2019internet des objets est un d\u00e9veloppement d\u2019internet dans lequel chaque objet du quotidien a une connectivit\u00e9 r\u00e9seau qui lui permet d\u2019\u00e9changer des donn\u00e9es.\">The internet of objects is an Internet development in which every object of daily life has a network connectivity that allows it to exchange data. <\/span><span title=\"Aujourd'hui, 6,7 milliards d'objets sont connect\u00e9s dans le monde, plus de 20 milliards le seront d'ici 2020. Le march\u00e9 des objets connect\u00e9s est en plein essor et catalyse la transformation digitale dans les domaines des villes intelligentes, des\">Today, 6.7 billion objects are connected worldwide, more than 20 billion will be connected by 2020. The connected objects market is booming and catalyses the digital transformation in the fields of smart cities, <\/span><span title=\"transports, des \u00ab wearables \u00bb, de la gestion d'\u00e9nergie, du M2M (\u00ab machine-to-machine \u00bb), de la vente, \u2026 Ce march\u00e9 est globalement estim\u00e9 \u00e0 1700 milliards de dollars en 2020 selon Forbes et \u00e0 14 400 milliards\">Transport, wearables, energy management, machine-to-machine (M2M), sales, etc. This market is globally estimated at $ 1700 billion in 2020 according to Forbes and $ 14.4 trillion <\/span><span title=\"de dollars en 2022 selon Cisco. \">In 2022 according to Cisco.<\/span><\/p>\n<p><span title=\"Ces objets connect\u00e9s captent, g\u00e9n\u00e9ralement en minimisant leur consommation, des informations (g\u00e9olocalisation, consommation \u00e9lectrique, paiement, \u00e9lectrocardiogramme, \u2026) et les transmettent via tous types de r\u00e9seaux (internet ou autres) ou dispositifs avec et sans contact vers un \u00ab back-end\">These connected objects generally collect information (geolocation, electricity consumption, payment, electrocardiogram, &#8230;) and transmit them via all types of networks (internet or other) or devices with and without contact to a &#8220;back-end&#8221; <\/span><span title=\"\u00bb applicatif (cloud, \u2026).\">Application (cloud<\/span><span title=\"\u00bb applicatif (cloud, \u2026).\">&#8230;). <\/span><span title=\"Ces informations y sont stock\u00e9es, trait\u00e9es, analys\u00e9es, valoris\u00e9es par plusieurs utilisateurs (particuliers, fournisseurs de services, entreprises, \u2026).\">This information is stored, processed, analyzed, valued by several users (individuals, service providers, companies, &#8230;). <\/span><span title=\"L\u2019IoT est ainsi un domaine tr\u00e8s transdisciplinaire et adresse un large spectre de comp\u00e9tences allant du \u00ab hardware \u00bb au \u00ab software \u00bb se devant de respecter les concepts de \u00ab privacy by design \u00bb.\">The IoT is thus a very transdisciplinary field and addresses a broad spectrum of skills ranging from &#8220;hardware&#8221; to &#8220;software&#8221; having to respect the concepts of &#8220;privacy by design&#8221;. <\/span><span title=\"Qui dit internet des objets dit \u00e9galement authentification forte des personnes, s\u00e9curit\u00e9 de la vie priv\u00e9e et des objets. \">Who says Internet objects also says strong authentication of people, security of privacy and objects.<\/span><\/p>\n<p><span title=\"Les comp\u00e9tences autour du num\u00e9rique d\u00e9velopp\u00e9es dans les \u00e9coles ISEN sont en ad\u00e9quation avec ces exigences multiples.\">The digital skills developed in ISEN schools are in line with these multiple requirements. <\/span><span title=\"Yncr\u00e9a s'est dot\u00e9e d'une chaire d\u00e9di\u00e9e aux IoT qui permet de f\u00e9d\u00e9rer les activit\u00e9s \u00e0 tous les niveaux de la chaine de valeurs, de la conception aux usages mais aussi de rechercher des r\u00e9ponses \u00e0 de nouveaux d\u00e9fis technologiques (les usages de demain,\">Yncr\u00e9a has set up a chair dedicated to IoT, which brings together activities at all levels of the value chain, from design to use, as well as seeking answers to new technological challenges (the uses of tomorrow, <\/span><span title=\"les nouveaux \u00ab business models \u00bb, le respect de la vie priv\u00e9e, la s\u00e9curit\u00e9, \u2026).\">New business models, respect for privacy, security, etc.). <\/span><span title=\"Nos \u00e9coles proposent \u00e9galement un domaine professionnel \u00ab R\u00e9seaux, Communications mobiles et objets connect\u00e9s \u00bb adressant les disciplines associ\u00e9es : capteurs, \u00e9lectronique analogique et num\u00e9rique, syst\u00e8mes sans contact, conception low-power, co-design, s\u00e9curit\u00e9, prototypage rapide, fablab, traitement du\">Our schools also offer a professional area &#8220;Networks, Mobile Communications and Connected Objects&#8221; addressing the related disciplines: sensors, analog and digital electronics, contactless systems, low-power design, co-design, security, rapid prototyping, fablab, <\/span><span title=\"signal, r\u00e9seaux, d\u00e9veloppement applicatif, big data\/cloud computing et cybers\u00e9curit\u00e9\u2026 Cette offre, cr\u00e9\u00e9e en collaboration avec les grands donneurs d'ordre du domaine, r\u00e9pondent aux besoins pragmatiques du march\u00e9.\">Signal, networks, application development, big data \/ cloud computing and cybersecurity&#8230; This offer, created in collaboration with the major contractors of the domain, meets the pragmatic needs of the market.<\/span><\/p>\n","protected":false},"excerpt":{"rendered":"<p>Internet of Things (IoT) The internet of objects is an Internet development in which every object of daily life has a network connectivity that allows it to exchange data. Today, 6.7 billion objects are connected worldwide, more than 20 billion will be connected by 2020. The connected objects market is booming and catalyses the digital [&hellip;]<\/p>\n","protected":false},"author":4,"featured_media":0,"parent":603,"menu_order":80,"comment_status":"closed","ping_status":"closed","template":"","meta":{"footnotes":""},"tags":[],"class_list":["post-621","page","type-page","status-publish","hentry"],"acf":[],"yoast_head":"<!-- This site is optimized with the Yoast SEO plugin v19.14 - https:\/\/yoast.com\/wordpress\/plugins\/seo\/ -->\n<title>Internet of Things - Yncr\u00e9a - Premier p\u00f4le priv\u00e9 associatif d&#039;\u00e9coles d&#039;ing\u00e9nieurs en France<\/title>\n<meta name=\"robots\" content=\"index, follow, max-snippet:-1, max-image-preview:large, max-video-preview:-1\" \/>\n<link rel=\"canonical\" href=\"https:\/\/yncrea.fr\/en\/some-projects\/internet-of-things\/\" \/>\n<meta property=\"og:locale\" content=\"en_US\" \/>\n<meta property=\"og:type\" content=\"article\" \/>\n<meta property=\"og:title\" content=\"Internet of Things - Yncr\u00e9a - Premier p\u00f4le priv\u00e9 associatif d&#039;\u00e9coles d&#039;ing\u00e9nieurs en France\" \/>\n<meta property=\"og:description\" content=\"Internet of Things (IoT) The internet of objects is an Internet development in which every object of daily life has a network connectivity that allows it to exchange data. Today, 6.7 billion objects are connected worldwide, more than 20 billion will be connected by 2020. The connected objects market is booming and catalyses the digital [&hellip;]\" \/>\n<meta property=\"og:url\" content=\"https:\/\/yncrea.fr\/en\/some-projects\/internet-of-things\/\" \/>\n<meta property=\"og:site_name\" content=\"Yncr\u00e9a - Premier p\u00f4le priv\u00e9 associatif d&#039;\u00e9coles d&#039;ing\u00e9nieurs en France\" \/>\n<meta property=\"article:modified_time\" content=\"2017-03-03T10:56:45+00:00\" \/>\n<meta name=\"twitter:card\" content=\"summary_large_image\" \/>\n<meta name=\"twitter:label1\" content=\"Est. reading time\" \/>\n\t<meta name=\"twitter:data1\" content=\"1 minute\" \/>\n<script type=\"application\/ld+json\" class=\"yoast-schema-graph\">{\"@context\":\"https:\/\/schema.org\",\"@graph\":[{\"@type\":\"WebPage\",\"@id\":\"https:\/\/yncrea.fr\/en\/some-projects\/internet-of-things\/\",\"url\":\"https:\/\/yncrea.fr\/en\/some-projects\/internet-of-things\/\",\"name\":\"Internet of Things - Yncr\u00e9a - Premier p\u00f4le priv\u00e9 associatif d&#039;\u00e9coles d&#039;ing\u00e9nieurs en France\",\"isPartOf\":{\"@id\":\"https:\/\/yncrea.fr\/#website\"},\"datePublished\":\"2017-03-03T10:48:44+00:00\",\"dateModified\":\"2017-03-03T10:56:45+00:00\",\"breadcrumb\":{\"@id\":\"https:\/\/yncrea.fr\/en\/some-projects\/internet-of-things\/#breadcrumb\"},\"inLanguage\":\"en-US\",\"potentialAction\":[{\"@type\":\"ReadAction\",\"target\":[\"https:\/\/yncrea.fr\/en\/some-projects\/internet-of-things\/\"]}]},{\"@type\":\"BreadcrumbList\",\"@id\":\"https:\/\/yncrea.fr\/en\/some-projects\/internet-of-things\/#breadcrumb\",\"itemListElement\":[{\"@type\":\"ListItem\",\"position\":1,\"name\":\"Accueil\",\"item\":\"https:\/\/yncrea.fr\/en\/\"},{\"@type\":\"ListItem\",\"position\":2,\"name\":\"Some projects\",\"item\":\"https:\/\/yncrea.fr\/en\/some-projects\/\"},{\"@type\":\"ListItem\",\"position\":3,\"name\":\"Internet of Things\"}]},{\"@type\":\"WebSite\",\"@id\":\"https:\/\/yncrea.fr\/#website\",\"url\":\"https:\/\/yncrea.fr\/\",\"name\":\"Yncr\u00e9a - Premier p\u00f4le priv\u00e9 associatif d&#039;\u00e9coles d&#039;ing\u00e9nieurs en France\",\"description\":\"Just another WordPress site\",\"potentialAction\":[{\"@type\":\"SearchAction\",\"target\":{\"@type\":\"EntryPoint\",\"urlTemplate\":\"https:\/\/yncrea.fr\/?s={search_term_string}\"},\"query-input\":\"required name=search_term_string\"}],\"inLanguage\":\"en-US\"}]}<\/script>\n<!-- \/ Yoast SEO plugin. -->","yoast_head_json":{"title":"Internet of Things - Yncr\u00e9a - Premier p\u00f4le priv\u00e9 associatif d&#039;\u00e9coles d&#039;ing\u00e9nieurs en France","robots":{"index":"index","follow":"follow","max-snippet":"max-snippet:-1","max-image-preview":"max-image-preview:large","max-video-preview":"max-video-preview:-1"},"canonical":"https:\/\/yncrea.fr\/en\/some-projects\/internet-of-things\/","og_locale":"en_US","og_type":"article","og_title":"Internet of Things - Yncr\u00e9a - Premier p\u00f4le priv\u00e9 associatif d&#039;\u00e9coles d&#039;ing\u00e9nieurs en France","og_description":"Internet of Things (IoT) The internet of objects is an Internet development in which every object of daily life has a network connectivity that allows it to exchange data. Today, 6.7 billion objects are connected worldwide, more than 20 billion will be connected by 2020. The connected objects market is booming and catalyses the digital [&hellip;]","og_url":"https:\/\/yncrea.fr\/en\/some-projects\/internet-of-things\/","og_site_name":"Yncr\u00e9a - Premier p\u00f4le priv\u00e9 associatif d&#039;\u00e9coles d&#039;ing\u00e9nieurs en France","article_modified_time":"2017-03-03T10:56:45+00:00","twitter_card":"summary_large_image","twitter_misc":{"Est. reading time":"1 minute"},"schema":{"@context":"https:\/\/schema.org","@graph":[{"@type":"WebPage","@id":"https:\/\/yncrea.fr\/en\/some-projects\/internet-of-things\/","url":"https:\/\/yncrea.fr\/en\/some-projects\/internet-of-things\/","name":"Internet of Things - Yncr\u00e9a - Premier p\u00f4le priv\u00e9 associatif d&#039;\u00e9coles d&#039;ing\u00e9nieurs en France","isPartOf":{"@id":"https:\/\/yncrea.fr\/#website"},"datePublished":"2017-03-03T10:48:44+00:00","dateModified":"2017-03-03T10:56:45+00:00","breadcrumb":{"@id":"https:\/\/yncrea.fr\/en\/some-projects\/internet-of-things\/#breadcrumb"},"inLanguage":"en-US","potentialAction":[{"@type":"ReadAction","target":["https:\/\/yncrea.fr\/en\/some-projects\/internet-of-things\/"]}]},{"@type":"BreadcrumbList","@id":"https:\/\/yncrea.fr\/en\/some-projects\/internet-of-things\/#breadcrumb","itemListElement":[{"@type":"ListItem","position":1,"name":"Accueil","item":"https:\/\/yncrea.fr\/en\/"},{"@type":"ListItem","position":2,"name":"Some projects","item":"https:\/\/yncrea.fr\/en\/some-projects\/"},{"@type":"ListItem","position":3,"name":"Internet of Things"}]},{"@type":"WebSite","@id":"https:\/\/yncrea.fr\/#website","url":"https:\/\/yncrea.fr\/","name":"Yncr\u00e9a - Premier p\u00f4le priv\u00e9 associatif d&#039;\u00e9coles d&#039;ing\u00e9nieurs en France","description":"Just another WordPress site","potentialAction":[{"@type":"SearchAction","target":{"@type":"EntryPoint","urlTemplate":"https:\/\/yncrea.fr\/?s={search_term_string}"},"query-input":"required name=search_term_string"}],"inLanguage":"en-US"}]}},"_links":{"self":[{"href":"https:\/\/yncrea.fr\/en\/wp-json\/wp\/v2\/pages\/621","targetHints":{"allow":["GET"]}}],"collection":[{"href":"https:\/\/yncrea.fr\/en\/wp-json\/wp\/v2\/pages"}],"about":[{"href":"https:\/\/yncrea.fr\/en\/wp-json\/wp\/v2\/types\/page"}],"author":[{"embeddable":true,"href":"https:\/\/yncrea.fr\/en\/wp-json\/wp\/v2\/users\/4"}],"replies":[{"embeddable":true,"href":"https:\/\/yncrea.fr\/en\/wp-json\/wp\/v2\/comments?post=621"}],"version-history":[{"count":1,"href":"https:\/\/yncrea.fr\/en\/wp-json\/wp\/v2\/pages\/621\/revisions"}],"predecessor-version":[{"id":906,"href":"https:\/\/yncrea.fr\/en\/wp-json\/wp\/v2\/pages\/621\/revisions\/906"}],"up":[{"embeddable":true,"href":"https:\/\/yncrea.fr\/en\/wp-json\/wp\/v2\/pages\/603"}],"wp:attachment":[{"href":"https:\/\/yncrea.fr\/en\/wp-json\/wp\/v2\/media?parent=621"}],"wp:term":[{"taxonomy":"post_tag","embeddable":true,"href":"https:\/\/yncrea.fr\/en\/wp-json\/wp\/v2\/tags?post=621"}],"curies":[{"name":"wp","href":"https:\/\/api.w.org\/{rel}","templated":true}]}}