{"id":623,"date":"2017-03-03T10:49:03","date_gmt":"2017-03-03T10:49:03","guid":{"rendered":"https:\/\/yncrea.fr\/?page_id=623&#038;lang=en"},"modified":"2017-03-03T10:49:03","modified_gmt":"2017-03-03T10:49:03","slug":"home-connected","status":"publish","type":"page","link":"https:\/\/yncrea.fr\/en\/some-projects\/home-connected\/","title":{"rendered":"Home connected"},"content":{"rendered":"<p><span id=\"result_box\" class=\"\" lang=\"en\"><span title=\"Yncr\u00e9a Ouest est dot\u00e9e depuis 2016 d\u2019un \u00e9quipement qui permet de mettre au point les \u00e9quipements de la maison connect\u00e9e de demain.\">Yncr\u00e9a Ouest has been equipped since 2016 with equipment that allows the equipment of the connected home of tomorrow to be developed. <\/span><span title=\"En compl\u00e9mentarit\u00e9 avec les \u00e9quipes d\u2019Yncr\u00e9a Hauts-de-France, la chambre connect\u00e9e construite dans les locaux brestois permet aujourd\u2019hui de d\u00e9velopper diff\u00e9rentes offres, notamment en collaboration avec Malakoff M\u00e9d\u00e9ric. \">Together with the Yncr\u00e9a Hauts-de-France teams, the connected room built in Brest&#8217;s premises now makes it possible to develop various offers, notably in collaboration with Malakoff M\u00e9d\u00e9ric.<\/span><\/span><\/p>\n<p><span title=\"L\u2019objectif est le maintien \u00e0 domicile de patients ou de personnes \u00e2g\u00e9es. \">The objective is to maintain patients or elderly people at home.<\/span><\/p>\n<p><span title=\"Trois niveaux d\u2019\u00e9quipements sont aujourd\u2019hui \u00e0 l\u2019\u00e9tude : \u00a0\u00a0\u00a0\u00a0\">Three levels of equipment are currently under study:<\/span><\/p>\n<ul>\n<li><span title=\"Basique (capteur environnement et localisation) \u00a0\u00a0\u00a0\u00a0\">Basic (environment and location sensor)<\/span><\/li>\n<li><span title=\"Medium (basique + IR Passive Matrix Detection) \u00a0\u00a0\u00a0\u00a0\">Medium (basic + IR Passive Matrix Detection)<\/span><\/li>\n<li><span title=\"Premium (basique + vid\u00e9o) \">Premium (basic + video)<\/span><\/li>\n<\/ul>\n<p><span title=\"Cette offre permet de r\u00e9pondre avec diff\u00e9rents capteurs (environnement, montre connect\u00e9e, smart sensor, vid\u00e9o\u2026) \u00e0 une offre simple et rapide \u00e0 installer (30 minutes) qui s\u2019accompagne d\u2019options pouvant \u00eatre rajout\u00e9es a posteriori. \">This offer allows to answer with different sensors (environment, connected watch, smart sensor, video &#8230;) to a simple and quick to install (30 minutes) which is accompanied by options that can be added a posteriori.<\/span><\/p>\n<p><span title=\"L\u2019id\u00e9e de cette offre qui sera progressivement disponible est de r\u00e9pondre au besoin complet des grands acteurs en leur proposant une solution modulaire en fonction du degr\u00e9 de d\u00e9pendance du patient ou du senior.\">The idea of this offer that will be progressively available is to respond to the complete need of the major players by proposing a modular solution according to the degree of dependence of the patient or the senior.<\/span><\/p>\n","protected":false},"excerpt":{"rendered":"<p>Yncr\u00e9a Ouest has been equipped since 2016 with equipment that allows the equipment of the connected home of tomorrow to be developed. Together with the Yncr\u00e9a Hauts-de-France teams, the connected room built in Brest&#8217;s premises now makes it possible to develop various offers, notably in collaboration with Malakoff M\u00e9d\u00e9ric. The objective is to maintain patients [&hellip;]<\/p>\n","protected":false},"author":4,"featured_media":0,"parent":603,"menu_order":90,"comment_status":"closed","ping_status":"closed","template":"","meta":{"footnotes":""},"tags":[],"class_list":["post-623","page","type-page","status-publish","hentry"],"acf":[],"yoast_head":"<!-- This site is optimized with the Yoast SEO plugin v19.14 - https:\/\/yoast.com\/wordpress\/plugins\/seo\/ -->\n<title>Home connected - Yncr\u00e9a - Premier p\u00f4le priv\u00e9 associatif d&#039;\u00e9coles d&#039;ing\u00e9nieurs en France<\/title>\n<meta name=\"robots\" content=\"index, follow, max-snippet:-1, max-image-preview:large, max-video-preview:-1\" \/>\n<link rel=\"canonical\" href=\"https:\/\/yncrea.fr\/en\/some-projects\/home-connected\/\" \/>\n<meta property=\"og:locale\" content=\"en_US\" \/>\n<meta property=\"og:type\" content=\"article\" \/>\n<meta property=\"og:title\" content=\"Home connected - Yncr\u00e9a - Premier p\u00f4le priv\u00e9 associatif d&#039;\u00e9coles d&#039;ing\u00e9nieurs en France\" \/>\n<meta property=\"og:description\" content=\"Yncr\u00e9a Ouest has been equipped since 2016 with equipment that allows the equipment of the connected home of tomorrow to be developed. Together with the Yncr\u00e9a Hauts-de-France teams, the connected room built in Brest&#8217;s premises now makes it possible to develop various offers, notably in collaboration with Malakoff M\u00e9d\u00e9ric. The objective is to maintain patients [&hellip;]\" \/>\n<meta property=\"og:url\" content=\"https:\/\/yncrea.fr\/en\/some-projects\/home-connected\/\" \/>\n<meta property=\"og:site_name\" content=\"Yncr\u00e9a - Premier p\u00f4le priv\u00e9 associatif d&#039;\u00e9coles d&#039;ing\u00e9nieurs en France\" \/>\n<meta name=\"twitter:card\" content=\"summary_large_image\" \/>\n<meta name=\"twitter:label1\" content=\"Est. reading time\" \/>\n\t<meta name=\"twitter:data1\" content=\"1 minute\" \/>\n<script type=\"application\/ld+json\" class=\"yoast-schema-graph\">{\"@context\":\"https:\/\/schema.org\",\"@graph\":[{\"@type\":\"WebPage\",\"@id\":\"https:\/\/yncrea.fr\/en\/some-projects\/home-connected\/\",\"url\":\"https:\/\/yncrea.fr\/en\/some-projects\/home-connected\/\",\"name\":\"Home connected - Yncr\u00e9a - Premier p\u00f4le priv\u00e9 associatif d&#039;\u00e9coles d&#039;ing\u00e9nieurs en France\",\"isPartOf\":{\"@id\":\"https:\/\/yncrea.fr\/#website\"},\"datePublished\":\"2017-03-03T10:49:03+00:00\",\"dateModified\":\"2017-03-03T10:49:03+00:00\",\"breadcrumb\":{\"@id\":\"https:\/\/yncrea.fr\/en\/some-projects\/home-connected\/#breadcrumb\"},\"inLanguage\":\"en-US\",\"potentialAction\":[{\"@type\":\"ReadAction\",\"target\":[\"https:\/\/yncrea.fr\/en\/some-projects\/home-connected\/\"]}]},{\"@type\":\"BreadcrumbList\",\"@id\":\"https:\/\/yncrea.fr\/en\/some-projects\/home-connected\/#breadcrumb\",\"itemListElement\":[{\"@type\":\"ListItem\",\"position\":1,\"name\":\"Accueil\",\"item\":\"https:\/\/yncrea.fr\/en\/\"},{\"@type\":\"ListItem\",\"position\":2,\"name\":\"Some projects\",\"item\":\"https:\/\/yncrea.fr\/en\/some-projects\/\"},{\"@type\":\"ListItem\",\"position\":3,\"name\":\"Home connected\"}]},{\"@type\":\"WebSite\",\"@id\":\"https:\/\/yncrea.fr\/#website\",\"url\":\"https:\/\/yncrea.fr\/\",\"name\":\"Yncr\u00e9a - Premier p\u00f4le priv\u00e9 associatif d&#039;\u00e9coles d&#039;ing\u00e9nieurs en France\",\"description\":\"Just another WordPress site\",\"potentialAction\":[{\"@type\":\"SearchAction\",\"target\":{\"@type\":\"EntryPoint\",\"urlTemplate\":\"https:\/\/yncrea.fr\/?s={search_term_string}\"},\"query-input\":\"required name=search_term_string\"}],\"inLanguage\":\"en-US\"}]}<\/script>\n<!-- \/ Yoast SEO plugin. -->","yoast_head_json":{"title":"Home connected - Yncr\u00e9a - Premier p\u00f4le priv\u00e9 associatif d&#039;\u00e9coles d&#039;ing\u00e9nieurs en France","robots":{"index":"index","follow":"follow","max-snippet":"max-snippet:-1","max-image-preview":"max-image-preview:large","max-video-preview":"max-video-preview:-1"},"canonical":"https:\/\/yncrea.fr\/en\/some-projects\/home-connected\/","og_locale":"en_US","og_type":"article","og_title":"Home connected - Yncr\u00e9a - Premier p\u00f4le priv\u00e9 associatif d&#039;\u00e9coles d&#039;ing\u00e9nieurs en France","og_description":"Yncr\u00e9a Ouest has been equipped since 2016 with equipment that allows the equipment of the connected home of tomorrow to be developed. Together with the Yncr\u00e9a Hauts-de-France teams, the connected room built in Brest&#8217;s premises now makes it possible to develop various offers, notably in collaboration with Malakoff M\u00e9d\u00e9ric. The objective is to maintain patients [&hellip;]","og_url":"https:\/\/yncrea.fr\/en\/some-projects\/home-connected\/","og_site_name":"Yncr\u00e9a - Premier p\u00f4le priv\u00e9 associatif d&#039;\u00e9coles d&#039;ing\u00e9nieurs en France","twitter_card":"summary_large_image","twitter_misc":{"Est. reading time":"1 minute"},"schema":{"@context":"https:\/\/schema.org","@graph":[{"@type":"WebPage","@id":"https:\/\/yncrea.fr\/en\/some-projects\/home-connected\/","url":"https:\/\/yncrea.fr\/en\/some-projects\/home-connected\/","name":"Home connected - Yncr\u00e9a - Premier p\u00f4le priv\u00e9 associatif d&#039;\u00e9coles d&#039;ing\u00e9nieurs en France","isPartOf":{"@id":"https:\/\/yncrea.fr\/#website"},"datePublished":"2017-03-03T10:49:03+00:00","dateModified":"2017-03-03T10:49:03+00:00","breadcrumb":{"@id":"https:\/\/yncrea.fr\/en\/some-projects\/home-connected\/#breadcrumb"},"inLanguage":"en-US","potentialAction":[{"@type":"ReadAction","target":["https:\/\/yncrea.fr\/en\/some-projects\/home-connected\/"]}]},{"@type":"BreadcrumbList","@id":"https:\/\/yncrea.fr\/en\/some-projects\/home-connected\/#breadcrumb","itemListElement":[{"@type":"ListItem","position":1,"name":"Accueil","item":"https:\/\/yncrea.fr\/en\/"},{"@type":"ListItem","position":2,"name":"Some projects","item":"https:\/\/yncrea.fr\/en\/some-projects\/"},{"@type":"ListItem","position":3,"name":"Home connected"}]},{"@type":"WebSite","@id":"https:\/\/yncrea.fr\/#website","url":"https:\/\/yncrea.fr\/","name":"Yncr\u00e9a - Premier p\u00f4le priv\u00e9 associatif d&#039;\u00e9coles d&#039;ing\u00e9nieurs en France","description":"Just another WordPress site","potentialAction":[{"@type":"SearchAction","target":{"@type":"EntryPoint","urlTemplate":"https:\/\/yncrea.fr\/?s={search_term_string}"},"query-input":"required name=search_term_string"}],"inLanguage":"en-US"}]}},"_links":{"self":[{"href":"https:\/\/yncrea.fr\/en\/wp-json\/wp\/v2\/pages\/623","targetHints":{"allow":["GET"]}}],"collection":[{"href":"https:\/\/yncrea.fr\/en\/wp-json\/wp\/v2\/pages"}],"about":[{"href":"https:\/\/yncrea.fr\/en\/wp-json\/wp\/v2\/types\/page"}],"author":[{"embeddable":true,"href":"https:\/\/yncrea.fr\/en\/wp-json\/wp\/v2\/users\/4"}],"replies":[{"embeddable":true,"href":"https:\/\/yncrea.fr\/en\/wp-json\/wp\/v2\/comments?post=623"}],"version-history":[{"count":1,"href":"https:\/\/yncrea.fr\/en\/wp-json\/wp\/v2\/pages\/623\/revisions"}],"predecessor-version":[{"id":901,"href":"https:\/\/yncrea.fr\/en\/wp-json\/wp\/v2\/pages\/623\/revisions\/901"}],"up":[{"embeddable":true,"href":"https:\/\/yncrea.fr\/en\/wp-json\/wp\/v2\/pages\/603"}],"wp:attachment":[{"href":"https:\/\/yncrea.fr\/en\/wp-json\/wp\/v2\/media?parent=623"}],"wp:term":[{"taxonomy":"post_tag","embeddable":true,"href":"https:\/\/yncrea.fr\/en\/wp-json\/wp\/v2\/tags?post=623"}],"curies":[{"name":"wp","href":"https:\/\/api.w.org\/{rel}","templated":true}]}}