{"id":625,"date":"2017-03-03T10:49:11","date_gmt":"2017-03-03T10:49:11","guid":{"rendered":"https:\/\/yncrea.fr\/?page_id=625&#038;lang=en"},"modified":"2017-03-03T10:49:11","modified_gmt":"2017-03-03T10:49:11","slug":"sea-test-base-platform","status":"publish","type":"page","link":"https:\/\/yncrea.fr\/en\/some-projects\/sea-test-base-platform\/","title":{"rendered":"Sea Test Base Platform"},"content":{"rendered":"<p><span id=\"result_box\" class=\"\" lang=\"en\"><span title=\"Rendre les fonds marins bretons accessibles via un site et des services web, c\u2019est le pari r\u00e9ussi de la base d\u2019essai en mer Sea Test Base.\">Making the Breton seabed accessible via a website and web services is the success of the Sea Test Base. <\/span><span title=\"Cette plateforme maritime connect\u00e9e est positionn\u00e9e dans la rade de Brest.\">This connected maritime platform is positioned in the harbor of Brest. <\/span><span title=\"Construite par les \u00e9quipes d\u2019Yncr\u00e9a Ouest, elle se compose d\u2019un ponton en mer et d\u2019un r\u00e9seau de bou\u00e9es (en cours de r\u00e9alisation) positionn\u00e9 \u00e0 1,1 km du rivage.\">Built by Yncr\u00e9a Ouest teams, it consists of a pontoon at sea and a network of buoys (in progress) positioned 1.1 km from the shore. <\/span><span title=\"Cet ensemble est le c\u0153ur de l\u2019observatoire sous-marin.\">This set is the heart of the underwater observatory. <\/span><span title=\"Il permet de tester et de valider des applications utilis\u00e9es pour la surveillance d\u2019esp\u00e8ces vivantes sous-marines, de sites de production d\u2019\u00e9nergie marine renouvelable, le suivi de drones sous-marins\u2026 \">It allows to test and validate applications used for the monitoring of underwater living species, sites for the production of renewable marine energy, monitoring of submarine drones &#8230;<\/span><\/span><\/p>\n<p><span title=\"Les informations sous-marines produites par les syst\u00e8mes immerg\u00e9s sont transmises par ondes acoustiques jusqu\u2019aux bou\u00e9es qui les transmettent \u00e0 la terre par voies hertziennes en passant par le ponton.\">The submarine information produced by the immersed systems is transmitted by acoustic waves to the buoys which transmit them to the earth by means of hertzian channels passing by the pontoon. <\/span><span title=\"Les infrastructures terrestres de la base d\u2019essai re\u00e7oivent l\u2019information et la relaient via internet.\">The ground infrastructure of the test base receives the information and relays it via the internet. <\/span><span title=\"Il devient alors possible de visualiser l\u2019\u00e9volution de syst\u00e8mes sous-marins, voire le cas \u00e9ch\u00e9ant de les contr\u00f4ler \u00e0 distance.\">It is then possible to visualize the evolution of underwater systems, or even to control them remotely. <\/span><span title=\"Ainsi, d\u2019un bureau en ville, il est possible de visualiser l\u2019\u00e9volution de colonies de mammif\u00e8res marins ou de piloter et de contr\u00f4ler \u00e0 distance des robots sous-marins.\">Thus, from an office in town, it is possible to visualize the evolution of colonies of marine mammals or to pilot and remotely control underwater robots. <\/span><span title=\"La plateforme maritime Sea Test Base est l\u2019endroit o\u00f9 se retrouvent biologistes, \u00e9lectroniciens, roboticiens, informaticiens\u2026\u00e0 l\u2019image de la pluridisciplinarit\u00e9 des enseignements propos\u00e9s par Yncr\u00e9a.\">The Sea Test Base maritime platform is the place where biologists, electronics engineers, roboticians, computer scientists meet &#8230; in the image of the multidisciplinarity of the teachings proposed by Yncrea.<\/span><\/p>\n","protected":false},"excerpt":{"rendered":"<p>Making the Breton seabed accessible via a website and web services is the success of the Sea Test Base. This connected maritime platform is positioned in the harbor of Brest. Built by Yncr\u00e9a Ouest teams, it consists of a pontoon at sea and a network of buoys (in progress) positioned 1.1 km from the shore. [&hellip;]<\/p>\n","protected":false},"author":4,"featured_media":0,"parent":603,"menu_order":100,"comment_status":"closed","ping_status":"closed","template":"","meta":{"footnotes":""},"tags":[],"class_list":["post-625","page","type-page","status-publish","hentry"],"acf":[],"yoast_head":"<!-- This site is optimized with the Yoast SEO plugin v19.14 - https:\/\/yoast.com\/wordpress\/plugins\/seo\/ -->\n<title>Sea Test Base Platform - Yncr\u00e9a - Premier p\u00f4le priv\u00e9 associatif d&#039;\u00e9coles d&#039;ing\u00e9nieurs en France<\/title>\n<meta name=\"robots\" content=\"index, follow, max-snippet:-1, max-image-preview:large, max-video-preview:-1\" \/>\n<link rel=\"canonical\" href=\"https:\/\/yncrea.fr\/en\/some-projects\/sea-test-base-platform\/\" \/>\n<meta property=\"og:locale\" content=\"en_US\" \/>\n<meta property=\"og:type\" content=\"article\" \/>\n<meta property=\"og:title\" content=\"Sea Test Base Platform - Yncr\u00e9a - Premier p\u00f4le priv\u00e9 associatif d&#039;\u00e9coles d&#039;ing\u00e9nieurs en France\" \/>\n<meta property=\"og:description\" content=\"Making the Breton seabed accessible via a website and web services is the success of the Sea Test Base. This connected maritime platform is positioned in the harbor of Brest. Built by Yncr\u00e9a Ouest teams, it consists of a pontoon at sea and a network of buoys (in progress) positioned 1.1 km from the shore. [&hellip;]\" \/>\n<meta property=\"og:url\" content=\"https:\/\/yncrea.fr\/en\/some-projects\/sea-test-base-platform\/\" \/>\n<meta property=\"og:site_name\" content=\"Yncr\u00e9a - Premier p\u00f4le priv\u00e9 associatif d&#039;\u00e9coles d&#039;ing\u00e9nieurs en France\" \/>\n<meta name=\"twitter:card\" content=\"summary_large_image\" \/>\n<meta name=\"twitter:label1\" content=\"Est. reading time\" \/>\n\t<meta name=\"twitter:data1\" content=\"1 minute\" \/>\n<script type=\"application\/ld+json\" class=\"yoast-schema-graph\">{\"@context\":\"https:\/\/schema.org\",\"@graph\":[{\"@type\":\"WebPage\",\"@id\":\"https:\/\/yncrea.fr\/en\/some-projects\/sea-test-base-platform\/\",\"url\":\"https:\/\/yncrea.fr\/en\/some-projects\/sea-test-base-platform\/\",\"name\":\"Sea Test Base Platform - Yncr\u00e9a - Premier p\u00f4le priv\u00e9 associatif d&#039;\u00e9coles d&#039;ing\u00e9nieurs en France\",\"isPartOf\":{\"@id\":\"https:\/\/yncrea.fr\/#website\"},\"datePublished\":\"2017-03-03T10:49:11+00:00\",\"dateModified\":\"2017-03-03T10:49:11+00:00\",\"breadcrumb\":{\"@id\":\"https:\/\/yncrea.fr\/en\/some-projects\/sea-test-base-platform\/#breadcrumb\"},\"inLanguage\":\"en-US\",\"potentialAction\":[{\"@type\":\"ReadAction\",\"target\":[\"https:\/\/yncrea.fr\/en\/some-projects\/sea-test-base-platform\/\"]}]},{\"@type\":\"BreadcrumbList\",\"@id\":\"https:\/\/yncrea.fr\/en\/some-projects\/sea-test-base-platform\/#breadcrumb\",\"itemListElement\":[{\"@type\":\"ListItem\",\"position\":1,\"name\":\"Accueil\",\"item\":\"https:\/\/yncrea.fr\/en\/\"},{\"@type\":\"ListItem\",\"position\":2,\"name\":\"Some projects\",\"item\":\"https:\/\/yncrea.fr\/en\/some-projects\/\"},{\"@type\":\"ListItem\",\"position\":3,\"name\":\"Sea Test Base Platform\"}]},{\"@type\":\"WebSite\",\"@id\":\"https:\/\/yncrea.fr\/#website\",\"url\":\"https:\/\/yncrea.fr\/\",\"name\":\"Yncr\u00e9a - Premier p\u00f4le priv\u00e9 associatif d&#039;\u00e9coles d&#039;ing\u00e9nieurs en France\",\"description\":\"Just another WordPress site\",\"potentialAction\":[{\"@type\":\"SearchAction\",\"target\":{\"@type\":\"EntryPoint\",\"urlTemplate\":\"https:\/\/yncrea.fr\/?s={search_term_string}\"},\"query-input\":\"required name=search_term_string\"}],\"inLanguage\":\"en-US\"}]}<\/script>\n<!-- \/ Yoast SEO plugin. -->","yoast_head_json":{"title":"Sea Test Base Platform - Yncr\u00e9a - Premier p\u00f4le priv\u00e9 associatif d&#039;\u00e9coles d&#039;ing\u00e9nieurs en France","robots":{"index":"index","follow":"follow","max-snippet":"max-snippet:-1","max-image-preview":"max-image-preview:large","max-video-preview":"max-video-preview:-1"},"canonical":"https:\/\/yncrea.fr\/en\/some-projects\/sea-test-base-platform\/","og_locale":"en_US","og_type":"article","og_title":"Sea Test Base Platform - Yncr\u00e9a - Premier p\u00f4le priv\u00e9 associatif d&#039;\u00e9coles d&#039;ing\u00e9nieurs en France","og_description":"Making the Breton seabed accessible via a website and web services is the success of the Sea Test Base. This connected maritime platform is positioned in the harbor of Brest. Built by Yncr\u00e9a Ouest teams, it consists of a pontoon at sea and a network of buoys (in progress) positioned 1.1 km from the shore. [&hellip;]","og_url":"https:\/\/yncrea.fr\/en\/some-projects\/sea-test-base-platform\/","og_site_name":"Yncr\u00e9a - Premier p\u00f4le priv\u00e9 associatif d&#039;\u00e9coles d&#039;ing\u00e9nieurs en France","twitter_card":"summary_large_image","twitter_misc":{"Est. reading time":"1 minute"},"schema":{"@context":"https:\/\/schema.org","@graph":[{"@type":"WebPage","@id":"https:\/\/yncrea.fr\/en\/some-projects\/sea-test-base-platform\/","url":"https:\/\/yncrea.fr\/en\/some-projects\/sea-test-base-platform\/","name":"Sea Test Base Platform - Yncr\u00e9a - Premier p\u00f4le priv\u00e9 associatif d&#039;\u00e9coles d&#039;ing\u00e9nieurs en France","isPartOf":{"@id":"https:\/\/yncrea.fr\/#website"},"datePublished":"2017-03-03T10:49:11+00:00","dateModified":"2017-03-03T10:49:11+00:00","breadcrumb":{"@id":"https:\/\/yncrea.fr\/en\/some-projects\/sea-test-base-platform\/#breadcrumb"},"inLanguage":"en-US","potentialAction":[{"@type":"ReadAction","target":["https:\/\/yncrea.fr\/en\/some-projects\/sea-test-base-platform\/"]}]},{"@type":"BreadcrumbList","@id":"https:\/\/yncrea.fr\/en\/some-projects\/sea-test-base-platform\/#breadcrumb","itemListElement":[{"@type":"ListItem","position":1,"name":"Accueil","item":"https:\/\/yncrea.fr\/en\/"},{"@type":"ListItem","position":2,"name":"Some projects","item":"https:\/\/yncrea.fr\/en\/some-projects\/"},{"@type":"ListItem","position":3,"name":"Sea Test Base Platform"}]},{"@type":"WebSite","@id":"https:\/\/yncrea.fr\/#website","url":"https:\/\/yncrea.fr\/","name":"Yncr\u00e9a - Premier p\u00f4le priv\u00e9 associatif d&#039;\u00e9coles d&#039;ing\u00e9nieurs en France","description":"Just another WordPress site","potentialAction":[{"@type":"SearchAction","target":{"@type":"EntryPoint","urlTemplate":"https:\/\/yncrea.fr\/?s={search_term_string}"},"query-input":"required name=search_term_string"}],"inLanguage":"en-US"}]}},"_links":{"self":[{"href":"https:\/\/yncrea.fr\/en\/wp-json\/wp\/v2\/pages\/625","targetHints":{"allow":["GET"]}}],"collection":[{"href":"https:\/\/yncrea.fr\/en\/wp-json\/wp\/v2\/pages"}],"about":[{"href":"https:\/\/yncrea.fr\/en\/wp-json\/wp\/v2\/types\/page"}],"author":[{"embeddable":true,"href":"https:\/\/yncrea.fr\/en\/wp-json\/wp\/v2\/users\/4"}],"replies":[{"embeddable":true,"href":"https:\/\/yncrea.fr\/en\/wp-json\/wp\/v2\/comments?post=625"}],"version-history":[{"count":1,"href":"https:\/\/yncrea.fr\/en\/wp-json\/wp\/v2\/pages\/625\/revisions"}],"predecessor-version":[{"id":902,"href":"https:\/\/yncrea.fr\/en\/wp-json\/wp\/v2\/pages\/625\/revisions\/902"}],"up":[{"embeddable":true,"href":"https:\/\/yncrea.fr\/en\/wp-json\/wp\/v2\/pages\/603"}],"wp:attachment":[{"href":"https:\/\/yncrea.fr\/en\/wp-json\/wp\/v2\/media?parent=625"}],"wp:term":[{"taxonomy":"post_tag","embeddable":true,"href":"https:\/\/yncrea.fr\/en\/wp-json\/wp\/v2\/tags?post=625"}],"curies":[{"name":"wp","href":"https:\/\/api.w.org\/{rel}","templated":true}]}}